{"id":17420,"date":"2020-12-30T00:54:08","date_gmt":"2020-12-29T22:54:08","guid":{"rendered":"https:\/\/hookahshop.lt\/?post_type=product&#038;p=17420"},"modified":"2026-04-17T23:29:25","modified_gmt":"2026-04-17T20:29:25","slug":"kaljano-komplektas-karma-hookah-3-0-brown","status":"publish","type":"product","link":"https:\/\/hookahshop.lt\/et\/toode\/vesipiibukomplektid-karma-hookah-3-0-brown\/","title":{"rendered":"Vesipiibukomplekt KARMA HOOKAH 3.0 Brown"},"content":{"rendered":"<h2>Vesipiibukomplekt KARMA HOOKAH 3.0 Brown<\/h2>\n<p>Karma Hookah 3.0 v\u00f5llil on looduslik puidust viimistlus, anodeeritud alumiiniumisulam ja meditsiinilise kvaliteediga roostevabast terasest toru. Vesipiibu varre optimaalne l\u00e4bim\u00f5\u00f5t v\u00f5imaldab kogenud harrastajatel nautida algset maitset ja aroomi<\/p>\n<p>Omadused:<br \/>\n- Vesipiibu k\u00f5rgus: 72 cm.<br \/>\n- Puitmaterjal: tuhk<\/p>\n<p>Varustus:<br \/>\nV\u00f5ll -1 tk.<br \/>\nVesipiibu plaat - 1 tk.<br \/>\nHuulik (KARMA) \u2013 1 tk.<br \/>\nSilikoonvoolik - 1 tk.<br \/>\nTihendid - 2 tk.<br \/>\nKolb - 1 tk.<br \/>\nTangid - 1 tk.<br \/>\nKuumutuskamber - 1 tk.<br \/>\nKarikas - 1tk.<br \/>\nKivis\u00fcsi 1kg - 1tk.<br \/>\nPliit - 1tk.<\/p>\n<p>Komplekt v\u00f5ib erineda konksu konksust ja kolbist fotol n\u00e4idatust.<\/p>\n<p>Kas teil on k\u00fcsimusi? v\u00f5ta meiega \u00fchendust\u00a0<a href=\"https:\/\/hookahshop.lt\/et\/kontaktid\/\">kontaktide leht<\/a>\u00a0v\u00f5i saatke meile e-kiri aadressil\u00a0<a href=\"https:\/\/facebook.com\/HookahShop.lt\/\" target=\"_blank\" rel=\"noopener noreferrer\">Facebooki konto<\/a>\u00a0ja vastame teie taotlusele samal p\u00e4eval.<\/p>","protected":false},"excerpt":{"rendered":"<p>Konksukomplekt KARMA HOOKAH 3.0 pruun Karma Hookah 3.0 v\u00f5ll on varustatud naturaalse puidu viimistlusega, anodeeritud alumiiniumisulami ja meditsiinilise roostevabast terasest toruga. Vesipiibu varre optimaalne l\u00e4bim\u00f5\u00f5t v\u00f5imaldab kogenud asjatundjatel nautida originaalset maitset ja aroomi. Omadused: - Vesipiibu k\u00f5rgus: 72 cm. - Puitmaterjal: Tuhk Tarnekomplekt: Minu -1 tk. Vesipiibu taldrik - 1 tk. [\u2026]<\/p>","protected":false},"featured_media":28002,"comment_status":"open","ping_status":"closed","template":"","meta":[],"_links":{"self":[{"href":"https:\/\/hookahshop.lt\/et\/wp-json\/wp\/v2\/product\/17420"}],"collection":[{"href":"https:\/\/hookahshop.lt\/et\/wp-json\/wp\/v2\/product"}],"about":[{"href":"https:\/\/hookahshop.lt\/et\/wp-json\/wp\/v2\/types\/product"}],"replies":[{"embeddable":true,"href":"https:\/\/hookahshop.lt\/et\/wp-json\/wp\/v2\/comments?post=17420"}],"version-history":[{"count":5,"href":"https:\/\/hookahshop.lt\/et\/wp-json\/wp\/v2\/product\/17420\/revisions"}],"predecessor-version":[{"id":28001,"href":"https:\/\/hookahshop.lt\/et\/wp-json\/wp\/v2\/product\/17420\/revisions\/28001"}],"wp:featuredmedia":[{"embeddable":true,"href":"https:\/\/hookahshop.lt\/et\/wp-json\/wp\/v2\/media\/28002"}],"wp:attachment":[{"href":"https:\/\/hookahshop.lt\/et\/wp-json\/wp\/v2\/media?parent=17420"}],"curies":[{"name":"wp","href":"https:\/\/api.w.org\/{rel}","templated":true}]}}