{"id":17587,"date":"2021-01-06T11:49:17","date_gmt":"2021-01-06T09:49:17","guid":{"rendered":"https:\/\/hookahshop.lt\/?post_type=product&#038;p=17587"},"modified":"2026-04-10T12:51:39","modified_gmt":"2026-04-10T09:51:39","slug":"taurele-kaljanui-oblako-x-hooligan-edition-2020-green","status":"publish","type":"product","link":"https:\/\/hookahshop.lt\/et\/toode\/tass-vesipiip-oblako-x-hooligan-edition-2020-green\/","title":{"rendered":"Tass vesipiibule OBLAKO X Hooligan Edition 2020 Roheline"},"content":{"rendered":"<h2>Tass vesipiibule OBLAKO X Hooligan Edition 2020 Roheline<\/h2>\n<p>See on esimene Oblaki valmistatud T\u00fcrgis valmistatud vesipiibutops. Valmistatud koost\u00f6\u00f6s Oblako Brandi ja Hooliganiga.<br \/>\nVenemaal on neid tasse piiratud 1000 t\u00fckiga ja neid m\u00fc\u00fcakse ainult ametlikes Nuahule vesipiibupoodides.<br \/>\nNeed l\u00f5i Nuahule ise oma Hooligani kaubam\u00e4rgi kujundustega.<br \/>\nKui nad on l\u00e4inud, kaovad nad igaveseks!<\/p>\n<p>Spetsifikatsioonid:<\/p>\n<p>Mahutavus 15-20 g.<br \/>\nMaterjal: valge savi (kuumuskindel)<br \/>\nMudel: T\u00fcrgi<br \/>\nSuurus: keskmine<\/p>\n<p>Kas teil on k\u00fcsimusi? v\u00f5ta meiega \u00fchendust\u00a0<a href=\"https:\/\/hookahshop.lt\/et\/kontaktid\/\">kontaktide leht<\/a>\u00a0v\u00f5i saatke meile e-kiri aadressil\u00a0<a href=\"https:\/\/facebook.com\/HookahShop.lt\/\" target=\"_blank\" rel=\"noopener noreferrer\">Facebooki konto<\/a>\u00a0ja vastame teie taotlusele samal p\u00e4eval.<\/p>","protected":false},"excerpt":{"rendered":"<p>Vesipiibu tass OBLAKO X Hooligan Edition 2020 roheline See on esimene T\u00fcrgi stiilis vesipiibu tass, mille on valmistanud Oblak. Valmistatud koost\u00f6\u00f6s Oblako Brandi ja Hooliganiga. Venemaal on neid tasse piiratud 1000 t\u00fckiga ja neid m\u00fc\u00fcakse ainult ametlikes Nuahule vesipiibupoodides. Need l\u00f5i Nuahule ise oma Hooligani kaubam\u00e4rgi kujundustega. Kui nad on l\u00e4inud, kaovad nad igaveseks! Tehnilised andmed: Maht [\u2026]<\/p>","protected":false},"featured_media":21264,"comment_status":"open","ping_status":"closed","template":"","meta":[],"_links":{"self":[{"href":"https:\/\/hookahshop.lt\/et\/wp-json\/wp\/v2\/product\/17587"}],"collection":[{"href":"https:\/\/hookahshop.lt\/et\/wp-json\/wp\/v2\/product"}],"about":[{"href":"https:\/\/hookahshop.lt\/et\/wp-json\/wp\/v2\/types\/product"}],"replies":[{"embeddable":true,"href":"https:\/\/hookahshop.lt\/et\/wp-json\/wp\/v2\/comments?post=17587"}],"version-history":[{"count":5,"href":"https:\/\/hookahshop.lt\/et\/wp-json\/wp\/v2\/product\/17587\/revisions"}],"predecessor-version":[{"id":37912,"href":"https:\/\/hookahshop.lt\/et\/wp-json\/wp\/v2\/product\/17587\/revisions\/37912"}],"wp:featuredmedia":[{"embeddable":true,"href":"https:\/\/hookahshop.lt\/et\/wp-json\/wp\/v2\/media\/21264"}],"wp:attachment":[{"href":"https:\/\/hookahshop.lt\/et\/wp-json\/wp\/v2\/media?parent=17587"}],"curies":[{"name":"wp","href":"https:\/\/api.w.org\/{rel}","templated":true}]}}