{"id":17643,"date":"2021-01-07T19:47:15","date_gmt":"2021-01-07T17:47:15","guid":{"rendered":"https:\/\/hookahshop.lt\/?post_type=product&#038;p=17643"},"modified":"2026-04-14T23:28:54","modified_gmt":"2026-04-14T20:28:54","slug":"kaljanas-mamay-customs-coilover-mini-red","status":"publish","type":"product","link":"https:\/\/hookahshop.lt\/et\/toode\/vesipiip-mamay-customs-coilover-mini-red\/","title":{"rendered":"Vesipiip MAMAY Customs Coilover Mini Red"},"content":{"rendered":"<h2>Vesipiip Mamay Customs Coilover Mini Red<\/h2>\n<p>Vesipiibu Mamay Customs Coilover Mini Red \u2013 on enamikule vesipiibu entusiastidest tuttav, kuna see on juba tuntud kogu maailmas. Mamay kaubam\u00e4rk ei ole mitte ainult k\u00f5rgetasemeline vesipiip Venemaal, vaid Mamay Customs on populaarsust kogunud ka kogu Euroopas. Selle p\u00f5hjuseks oli ilmselt suurep\u00e4rane kontseptsioon ja kvaliteet. Vesipiip t\u00f5mbab ligi k\u00f5iki, kes armastavad vene vesipiipu. K\u00f5ige selle taga on aastate jooksul palju kogemusi kogunud Venemaa ettev\u00f5te ja see on tootes selgelt n\u00e4ha.<\/p>\n<p><strong>Materjal ja disain<\/strong><br \/>\nVesipiip on valmistatud roostevabast terasest ja plastmassist komponentidest, sellel on ka vooliku\u00fchendus, nagu vene vesipiipudelt kombeks. Lisaks vooliku\u00fchendusele on v\u00f5llis veel kaks komponenti. Esiteks puhastusventiil ja vooliku pistik, mida kasutatakse voolikuhoidjana. Vesipiibul on roostevabast terasest vars, mis on kaetud plastikuga, kuid see pole veel k\u00f5ik! Masti \u00fcmber on auto amortisaatori imitatsioon, mis on ebatavaline disainidetail, mida v\u00f5ib olla erinevates v\u00e4rvides.<\/p>\n<p>Vesipiibu k\u00f5rgus: 50cm<\/p>\n<p>Kas teil on k\u00fcsimusi? v\u00f5ta meiega \u00fchendust\u00a0<a href=\"https:\/\/hookahshop.lt\/et\/kontaktid\/\">kontaktide leht<\/a>\u00a0v\u00f5i saatke meile e-kiri aadressil\u00a0<a href=\"https:\/\/facebook.com\/HookahShop.lt\/\" target=\"_blank\" rel=\"noopener noreferrer\">Facebooki konto<\/a>\u00a0ja vastame teie taotlusele samal p\u00e4eval.<\/p>","protected":false},"excerpt":{"rendered":"<p>Vesipiibu Mamay Customs Coilover Mini Red Vesipiibu Mamay Customs Coilover Mini Red \u2013 on enamikule vesipiibu entusiastidest tuttav, sest see on juba tuntud \u00fcle maailma. Mamay kaubam\u00e4rk ei ole mitte ainult k\u00f5rgetasemeline vesipiip Venemaal, vaid Mamay Customs on populaarsust kogunud ka kogu Euroopas. Selle p\u00f5hjuseks oli ilmselt suurep\u00e4rane kontseptsioon ja kvaliteet. Vesipiip t\u00f5mbab ligi k\u00f5iki, kellele meeldib [\u2026]<\/p>","protected":false},"featured_media":21222,"comment_status":"open","ping_status":"closed","template":"","meta":[],"_links":{"self":[{"href":"https:\/\/hookahshop.lt\/et\/wp-json\/wp\/v2\/product\/17643"}],"collection":[{"href":"https:\/\/hookahshop.lt\/et\/wp-json\/wp\/v2\/product"}],"about":[{"href":"https:\/\/hookahshop.lt\/et\/wp-json\/wp\/v2\/types\/product"}],"replies":[{"embeddable":true,"href":"https:\/\/hookahshop.lt\/et\/wp-json\/wp\/v2\/comments?post=17643"}],"version-history":[{"count":3,"href":"https:\/\/hookahshop.lt\/et\/wp-json\/wp\/v2\/product\/17643\/revisions"}],"predecessor-version":[{"id":42796,"href":"https:\/\/hookahshop.lt\/et\/wp-json\/wp\/v2\/product\/17643\/revisions\/42796"}],"wp:featuredmedia":[{"embeddable":true,"href":"https:\/\/hookahshop.lt\/et\/wp-json\/wp\/v2\/media\/21222"}],"wp:attachment":[{"href":"https:\/\/hookahshop.lt\/et\/wp-json\/wp\/v2\/media?parent=17643"}],"curies":[{"name":"wp","href":"https:\/\/api.w.org\/{rel}","templated":true}]}}