{"id":17657,"date":"2021-01-08T12:57:44","date_gmt":"2021-01-08T10:57:44","guid":{"rendered":"https:\/\/hookahshop.lt\/?post_type=product&#038;p=17657"},"modified":"2026-04-14T23:28:56","modified_gmt":"2026-04-14T20:28:56","slug":"kaljanas-union-argument","status":"publish","type":"product","link":"https:\/\/hookahshop.lt\/et\/toode\/vesipiip-union-argument\/","title":{"rendered":"Vesipiibu LIIDU argument"},"content":{"rendered":"<h2>Vesipiibu LIIDU argument<\/h2>\n<p>Vesipiip meenutab pesapallikurikat. Vesipiibu kolb, vars, huulik ja alustass on valmistatud k\u00f5rgeima kvaliteediga roostevabast terasest ning varre v\u00e4lisviimistluseks on kasutatud tuhapuitu. See on klassikaline veoj\u00f5uvesipiip, kuid sellel on Unioni vesipiipudele tavap\u00e4rasest pisut kergem veoj\u00f5ud ja t\u00e4nu ainulaadsele kolvile t\u00f6\u00f6tab see veidi vaiksemalt. Selle vesipiibu alus on lai, mis t\u00e4hendab, et vesipiip seisab stabiilselt ning ei kaota oma erip\u00e4rast pilti ja kasutust. Seda vesipiipu eristab puhastus: suitsu puhutakse 360\u00ba, suunates piki kolbi allapoole. Vesipiibu konksu sees on m\u00e4rgitud 3 veetaseme sektsiooni.<\/p>\n<p>Komplekt sisaldab:<br \/>\nVesipiip (tuhapuit, roostevaba teras)<br \/>\nSuuosa (saar puit, roostevaba teras)<br \/>\nSilikoonvoolik, 1,5m.<\/p>\n<p>Spetsifikatsioon:<br \/>\n\u00dchendus: O-r\u00f5ngas<br \/>\nHajuti: ei ole reguleeritav<br \/>\nK\u00f5rgus: ~ 67 cm;<br \/>\nKaal: 2 kg<br \/>\nTootja: Venemaa<\/p>\n<p>Kas teil on k\u00fcsimusi Hookah UNION argumendi kohta? v\u00f5ta meiega \u00fchendust <a href=\"https:\/\/hookahshop.lt\/et\/kontaktid\/\">kontaktide leht<\/a>\u00a0v\u00f5i saatke meile e-kiri aadressil\u00a0<a href=\"https:\/\/facebook.com\/HookahShop.lt\/\" target=\"_blank\" rel=\"noopener noreferrer\">Facebooki konto<\/a>\u00a0ja vastame teie taotlusele samal p\u00e4eval.<\/p>","protected":false},"excerpt":{"rendered":"<p>Vesipiip UNION Argument Vesipiip meenutab pesapallikurikat. Vesipiibu kolb, vars, huulik ja alustass on valmistatud k\u00f5rgeima kvaliteediga roostevabast terasest ning varre v\u00e4lisviimistluseks on kasutatud tuhapuitu. See on klassikaline veoj\u00f5uvesipiip, kuid sellel on Unioni vesipiipudele tavap\u00e4rasest pisut kergem veoj\u00f5ud ja t\u00e4nu ainulaadsele kolvile t\u00f6\u00f6tab see veidi vaiksemalt. Selle vesipiibu alus on lai, mis on [\u2026]<\/p>","protected":false},"featured_media":21301,"comment_status":"open","ping_status":"closed","template":"","meta":[],"_links":{"self":[{"href":"https:\/\/hookahshop.lt\/et\/wp-json\/wp\/v2\/product\/17657"}],"collection":[{"href":"https:\/\/hookahshop.lt\/et\/wp-json\/wp\/v2\/product"}],"about":[{"href":"https:\/\/hookahshop.lt\/et\/wp-json\/wp\/v2\/types\/product"}],"replies":[{"embeddable":true,"href":"https:\/\/hookahshop.lt\/et\/wp-json\/wp\/v2\/comments?post=17657"}],"version-history":[{"count":6,"href":"https:\/\/hookahshop.lt\/et\/wp-json\/wp\/v2\/product\/17657\/revisions"}],"predecessor-version":[{"id":35741,"href":"https:\/\/hookahshop.lt\/et\/wp-json\/wp\/v2\/product\/17657\/revisions\/35741"}],"wp:featuredmedia":[{"embeddable":true,"href":"https:\/\/hookahshop.lt\/et\/wp-json\/wp\/v2\/media\/21301"}],"wp:attachment":[{"href":"https:\/\/hookahshop.lt\/et\/wp-json\/wp\/v2\/media?parent=17657"}],"curies":[{"name":"wp","href":"https:\/\/api.w.org\/{rel}","templated":true}]}}