{"id":17800,"date":"2021-01-13T14:03:16","date_gmt":"2021-01-13T12:03:16","guid":{"rendered":"https:\/\/hookahshop.lt\/?post_type=product&#038;p=17800"},"modified":"2026-04-18T23:28:56","modified_gmt":"2026-04-18T20:28:56","slug":"kolba-kaljanui-craft-crystal","status":"publish","type":"product","link":"https:\/\/hookahshop.lt\/et\/toode\/kolb-vesipiibu-craft-crystal\/","title":{"rendered":"Kolb vesipiibule CRAFT Crystal"},"content":{"rendered":"<h2>Kolp vesipiibu CRAFT kristallile<\/h2>\n<p>See k\u00e4sitsi valmistatud kolb on ainulaadne oma disaini, kvaliteedi ja \u00e4\u00e4rmiselt l\u00e4bipaistva stiili poolest. Kolvi kael on pikisuunas nikerdatud - see sobib hoidmiseks ja mugavamaks kasutamiseks. Ka kolvi alumine osa on ainulaadne \u2013 nikerdatud.<\/p>\n<p><strong><span title=\"\">Spetsifikatsioonid:<\/span><\/strong><br \/>\nKolvi kaal: ~ 2 kg<br \/>\nK\u00f5rgus: 26 cm<br \/>\nLaius: 22 cm<br \/>\nKaela sisel\u00e4bim\u00f5\u00f5t: 4 cm<\/p>\n<p>Kas teil on k\u00fcsimusi? v\u00f5ta meiega \u00fchendust\u00a0<a href=\"https:\/\/hookahshop.lt\/et\/kontaktid\/\">kontaktide leht<\/a>\u00a0v\u00f5i saatke meile e-kiri aadressil\u00a0<a href=\"https:\/\/facebook.com\/HookahShop.lt\/\" target=\"_blank\" rel=\"noopener noreferrer\">Facebooki konto<\/a>\u00a0ja vastame teie taotlusele samal p\u00e4eval.<\/p>","protected":false},"excerpt":{"rendered":"<p>Kolba kaljanui CRAFT crystal \u0160i rank\u0173 darbo kolba i\u0161skirtin\u0117 savo dizainu, kokybe ir yra itin skaidriu stilu. Kolbos kaklelis i\u0161rai\u017eytas i\u0161ilgai &#8211; pritaikytas laikymui, patogesniam naudojimui. Kolbos apatin\u0117 dalis taip pat unikali &#8211; i\u0161rai\u017eyta. Specifikacijos: Kolbos svoris: ~ 2 kg Auk\u0161tis: 26 cm Plotis: 22 cm Kaklelio vidinis skersmuo: 4 cm Turite klausim\u0173? Susisiekite su [&hellip;]<\/p>","protected":false},"featured_media":17802,"comment_status":"open","ping_status":"closed","template":"","meta":[],"_links":{"self":[{"href":"https:\/\/hookahshop.lt\/et\/wp-json\/wp\/v2\/product\/17800"}],"collection":[{"href":"https:\/\/hookahshop.lt\/et\/wp-json\/wp\/v2\/product"}],"about":[{"href":"https:\/\/hookahshop.lt\/et\/wp-json\/wp\/v2\/types\/product"}],"replies":[{"embeddable":true,"href":"https:\/\/hookahshop.lt\/et\/wp-json\/wp\/v2\/comments?post=17800"}],"version-history":[{"count":7,"href":"https:\/\/hookahshop.lt\/et\/wp-json\/wp\/v2\/product\/17800\/revisions"}],"predecessor-version":[{"id":45107,"href":"https:\/\/hookahshop.lt\/et\/wp-json\/wp\/v2\/product\/17800\/revisions\/45107"}],"wp:featuredmedia":[{"embeddable":true,"href":"https:\/\/hookahshop.lt\/et\/wp-json\/wp\/v2\/media\/17802"}],"wp:attachment":[{"href":"https:\/\/hookahshop.lt\/et\/wp-json\/wp\/v2\/media?parent=17800"}],"curies":[{"name":"wp","href":"https:\/\/api.w.org\/{rel}","templated":true}]}}