{"id":17877,"date":"2021-01-15T12:45:09","date_gmt":"2021-01-15T10:45:09","guid":{"rendered":"https:\/\/hookahshop.lt\/?post_type=product&#038;p=17877"},"modified":"2026-04-15T23:29:17","modified_gmt":"2026-04-15T20:29:17","slug":"valymo-priemone-shisha-cleaner-300ml","status":"publish","type":"product","link":"https:\/\/hookahshop.lt\/et\/toode\/valymo-priemone-shisha-cleaner-300ml\/","title":{"rendered":"Vesipiibupuhastaja SHISHA CLEANER 300ml"},"content":{"rendered":"<h2 style=\"text-align: left;\">Vesipiibupuhastaja SHISHA CLEANER 300ml<\/h2>\n<p>vesipiibu ja selle osade puhastamiseks. K\u00f5rvaldab ebameeldivad l\u00f5hnad. Dosaatoriga pudelit on lihtne kasutada. Kasutatav kogus oleneb mustusest. Piisab ~ 5-15 pihustust korraga. P\u00e4rast pesuvahendiga pihustamist t\u00e4itke kolb sooja veega (mitte kuumaga). Enne puhastusvahendi t\u00fchjendamist kasutage kolvi v\u00f5i v\u00f5lli puhastamiseks harja. Loputage sooja veega, kuni kolbi ei j\u00e4\u00e4 v\u00f5\u00f5rast l\u00f5hna.<br \/>\nMaht: 300ml<br \/>\nP\u00e4ritoluriik: Saksamaa<\/p>\n<p>P\u00f5hjustab t\u00f5sist silmade \u00e4rritust. Hoida lastele k\u00e4ttesaamatus kohas. SILMA SATTUMISE KORRAL: loputada mitme minuti jooksul ettevaatlikult veega. Eemaldage kontaktl\u00e4\u00e4tsed, kui need on olemas ja seda on lihtne teha. J\u00e4tkake pesemist. Silma\u00e4rrituse p\u00fcsimisel: p\u00f6\u00f6rduda arsti poole. Valmistage see pakend v\u00f5i etikett ette.<br \/>\nOmadused: Eemaldab mustuse veekindlatelt pindadelt. Hea rasvaeemaldus- ja h\u00fcgieeniefektiga. K\u00f5rvaldab ebameeldivad l\u00f5hnad. Kasutamine: Suurema mustuse korral s\u00fcstige anumasse 10 - 20 pihustust ja t\u00e4itke see sooja veega. Laske tootel m\u00f5nda aega m\u00f5juda ja loputage mitu korda k\u00fclma veega. Kui klaasil on rohkem mustust, kasutage puhastusharja.<\/p>\n<p>Koostis: &lt;5% anioonsed pindaktiivsed ained, EDTA (et\u00fcleendiamiintetra\u00e4\u00e4dikhappe sool).<br \/>\nMuud koostisosad: v\u00e4rvid ja maitsed.<\/p>\n<p>Kas teil on k\u00fcsimusi? v\u00f5ta meiega \u00fchendust\u00a0<a href=\"https:\/\/hookahshop.lt\/et\/kontaktid\/\">kontaktide leht<\/a>\u00a0v\u00f5i saatke meile e-kiri aadressil\u00a0<a href=\"https:\/\/facebook.com\/HookahShop.lt\/\" target=\"_blank\" rel=\"noopener noreferrer\">Facebooki konto<\/a>\u00a0ja vastame teie taotlusele samal p\u00e4eval.<\/p>\n<p>&nbsp;<\/p>","protected":false},"excerpt":{"rendered":"<p>Vesipiibu puhastusvahend SHISHA CLEANER 300ml on m\u00f5eldud vesipiibu ja selle osade puhastamiseks. Eemaldab ebameeldivad l\u00f5hnad. Dosaatoriga pudel muudab selle kasutamise lihtsaks. Kasutatav kogus oleneb mustusest. Piisab ~5-15 pihustust korraga. P\u00e4rast puhastusvahendi pihustamist t\u00e4itke kolb sooja veega (kuum vesi pole lubatud). Enne puhastusaine valamist puhastage kolb v\u00f5i v\u00f5ll harjaga. Loputage sooja veega kuni [...]<\/p>","protected":false},"featured_media":17878,"comment_status":"open","ping_status":"closed","template":"","meta":[],"_links":{"self":[{"href":"https:\/\/hookahshop.lt\/et\/wp-json\/wp\/v2\/product\/17877"}],"collection":[{"href":"https:\/\/hookahshop.lt\/et\/wp-json\/wp\/v2\/product"}],"about":[{"href":"https:\/\/hookahshop.lt\/et\/wp-json\/wp\/v2\/types\/product"}],"replies":[{"embeddable":true,"href":"https:\/\/hookahshop.lt\/et\/wp-json\/wp\/v2\/comments?post=17877"}],"version-history":[{"count":16,"href":"https:\/\/hookahshop.lt\/et\/wp-json\/wp\/v2\/product\/17877\/revisions"}],"predecessor-version":[{"id":32558,"href":"https:\/\/hookahshop.lt\/et\/wp-json\/wp\/v2\/product\/17877\/revisions\/32558"}],"wp:featuredmedia":[{"embeddable":true,"href":"https:\/\/hookahshop.lt\/et\/wp-json\/wp\/v2\/media\/17878"}],"wp:attachment":[{"href":"https:\/\/hookahshop.lt\/et\/wp-json\/wp\/v2\/media?parent=17877"}],"curies":[{"name":"wp","href":"https:\/\/api.w.org\/{rel}","templated":true}]}}