{"id":17881,"date":"2021-01-15T12:55:50","date_gmt":"2021-01-15T10:55:50","guid":{"rendered":"https:\/\/hookahshop.lt\/?post_type=product&#038;p=17881"},"modified":"2026-04-15T23:28:59","modified_gmt":"2026-04-15T20:28:59","slug":"kandiklis-kaljanui-hoob-smpl-black-gold","status":"publish","type":"product","link":"https:\/\/hookahshop.lt\/et\/toode\/vesipiibu-huulik-hoob-smpl-black-gold\/","title":{"rendered":"Vesipiibu huulik HOOB SMPL Black Gold"},"content":{"rendered":"<h2>Vesipiibu konks Hoob SMPL Black Gold<\/h2>\n<p>Hoob SMPL Black Gold harjatud mustast alumiiniumist huulik kullatud roostevabast terasest otstega.<\/p>\n<p>Pikkus: 30 cm<br \/>\nMatt must anodeeritud<br \/>\nSobib k\u00f5ikidele silikoonvoolikutele sisel\u00e4bim\u00f5\u00f5duga 10-11mm<br \/>\nKullatud roostevabast terasest otsad<br \/>\nEi sisalda kahjulikke katteid (v\u00e4rv jne)<\/p>\n<p>Kas teil on k\u00fcsimusi? v\u00f5ta meiega \u00fchendust\u00a0<a href=\"https:\/\/hookahshop.lt\/et\/kontaktid\/\">kontaktide leht<\/a>\u00a0v\u00f5i saatke meile e-kiri aadressil\u00a0<a href=\"https:\/\/facebook.com\/HookahShop.lt\/\" target=\"_blank\" rel=\"noopener noreferrer\">Facebooki konto<\/a>\u00a0ja vastame teie taotlusele samal p\u00e4eval.<\/p>","protected":false},"excerpt":{"rendered":"<p>Konks konksu jaoks Hoob SMPL Black Gold Hoob SMPL Black Gold harjatud mustast alumiiniumist huulik kullatud roostevabast terasest otstega. Pikkus: 30cm Mattmust anodeeritud Sobib k\u00f5ikidele silikoonvoolikutele sisel\u00e4bim\u00f5\u00f5duga 10-11mm Kullatud roostevabast terasest otsikud Puuduvad kahjulikud katted (v\u00e4rv jms) K\u00fcsimused? V\u00f5tke meiega \u00fchendust kontaktide lehel v\u00f5i kirjutage meile oma Facebooki kontol ja [\u2026]<\/p>","protected":false},"featured_media":17882,"comment_status":"open","ping_status":"closed","template":"","meta":[],"_links":{"self":[{"href":"https:\/\/hookahshop.lt\/et\/wp-json\/wp\/v2\/product\/17881"}],"collection":[{"href":"https:\/\/hookahshop.lt\/et\/wp-json\/wp\/v2\/product"}],"about":[{"href":"https:\/\/hookahshop.lt\/et\/wp-json\/wp\/v2\/types\/product"}],"replies":[{"embeddable":true,"href":"https:\/\/hookahshop.lt\/et\/wp-json\/wp\/v2\/comments?post=17881"}],"version-history":[{"count":3,"href":"https:\/\/hookahshop.lt\/et\/wp-json\/wp\/v2\/product\/17881\/revisions"}],"predecessor-version":[{"id":37607,"href":"https:\/\/hookahshop.lt\/et\/wp-json\/wp\/v2\/product\/17881\/revisions\/37607"}],"wp:featuredmedia":[{"embeddable":true,"href":"https:\/\/hookahshop.lt\/et\/wp-json\/wp\/v2\/media\/17882"}],"wp:attachment":[{"href":"https:\/\/hookahshop.lt\/et\/wp-json\/wp\/v2\/media?parent=17881"}],"curies":[{"name":"wp","href":"https:\/\/api.w.org\/{rel}","templated":true}]}}