{"id":17893,"date":"2021-01-15T13:13:35","date_gmt":"2021-01-15T11:13:35","guid":{"rendered":"https:\/\/hookahshop.lt\/?post_type=product&#038;p=17893"},"modified":"2026-04-14T23:29:01","modified_gmt":"2026-04-14T20:29:01","slug":"kandiklis-kaljanui-hoob-stik-30-gold","status":"publish","type":"product","link":"https:\/\/hookahshop.lt\/et\/toode\/vesipiibu-huulik-hoob-stik-30-gold\/","title":{"rendered":"Vesipiibu huulik HOOB Stik 30 Gold"},"content":{"rendered":"<h2>Vesipiibu konks Hoob Stik 30 Gold<\/h2>\n<p>Hoob Stik 30 Gold roostevabast terasest spetsiaalse kuldse viimistlusega huulik.<\/p>\n<p>Pikkus: 30 cm<br \/>\n\u00dches t\u00fckis integreeritud huulik<br \/>\nSobib k\u00f5ikidele silikoonvoolikutele sisel\u00e4bim\u00f5\u00f5duga 10-11mm<br \/>\nSilikoonvooliku krae<br \/>\nSobib erinevat t\u00fc\u00fcpi \u00fchekordseks kasutamiseks m\u00f5eldud huulikutele<br \/>\nEi sisalda kahjulikke katteid (v\u00e4rv jne)<\/p>\n<p>Kas teil on k\u00fcsimusi? v\u00f5ta meiega \u00fchendust\u00a0<a href=\"https:\/\/hookahshop.lt\/et\/kontaktid\/\">kontaktide leht<\/a>\u00a0v\u00f5i saatke meile e-kiri aadressil\u00a0<a href=\"https:\/\/facebook.com\/HookahShop.lt\/\" target=\"_blank\" rel=\"noopener noreferrer\">Facebooki konto<\/a>\u00a0ja vastame teie taotlusele samal p\u00e4eval.<\/p>","protected":false},"excerpt":{"rendered":"<p>Hoob Stik 30 Gold Hoob Stik 30 Gold Roostevabast terasest huulik spetsiaalse kuldse viimistlusega. Pikkus: 30cm \u00dches t\u00fckis integreeritud huulik Sobib k\u00f5ikidele silikoonvoolikutele sisel\u00e4bim\u00f5\u00f5duga 10-11mm Silikoonvooliku krae Sobib erinevat t\u00fc\u00fcpi \u00fchekordsetele huulikutele Puuduvad kahjulikud katted (v\u00e4rv jne) K\u00fcsimused? V\u00f5tke meiega \u00fchendust kontaktide lehel v\u00f5i kirjutage meile [\u2026]<\/p>","protected":false},"featured_media":17894,"comment_status":"open","ping_status":"closed","template":"","meta":[],"_links":{"self":[{"href":"https:\/\/hookahshop.lt\/et\/wp-json\/wp\/v2\/product\/17893"}],"collection":[{"href":"https:\/\/hookahshop.lt\/et\/wp-json\/wp\/v2\/product"}],"about":[{"href":"https:\/\/hookahshop.lt\/et\/wp-json\/wp\/v2\/types\/product"}],"replies":[{"embeddable":true,"href":"https:\/\/hookahshop.lt\/et\/wp-json\/wp\/v2\/comments?post=17893"}],"version-history":[{"count":3,"href":"https:\/\/hookahshop.lt\/et\/wp-json\/wp\/v2\/product\/17893\/revisions"}],"predecessor-version":[{"id":26049,"href":"https:\/\/hookahshop.lt\/et\/wp-json\/wp\/v2\/product\/17893\/revisions\/26049"}],"wp:featuredmedia":[{"embeddable":true,"href":"https:\/\/hookahshop.lt\/et\/wp-json\/wp\/v2\/media\/17894"}],"wp:attachment":[{"href":"https:\/\/hookahshop.lt\/et\/wp-json\/wp\/v2\/media?parent=17893"}],"curies":[{"name":"wp","href":"https:\/\/api.w.org\/{rel}","templated":true}]}}