{"id":17903,"date":"2021-01-15T14:00:18","date_gmt":"2021-01-15T12:00:18","guid":{"rendered":"https:\/\/hookahshop.lt\/?post_type=product&#038;p=17903"},"modified":"2026-04-14T23:29:09","modified_gmt":"2026-04-14T20:29:09","slug":"krepsys-kaljanui-cosmo-bowl-60cm","status":"publish","type":"product","link":"https:\/\/hookahshop.lt\/et\/toode\/kott-vesipiibu-cosmo-bowl-60cm\/","title":{"rendered":"Kott vesipiibu COSMO Bowl 60cm"},"content":{"rendered":"<h2>Kott vesipiibu COSMO Bowl 60cm<\/h2>\n<p>Vesipiibu kott Cosmo Bowl 60 cm on piisavalt tugev ja mahukas kott, mis t\u00e4nu vastupidavale materjalile s\u00e4ilitab oma kuju ja on \u00fcllatavalt palju ruumi - ruumi on vesipiibul, kolb ja k\u00f5ik tarvikud ning isegi tubakas.<br \/>\nSellegipoolest hoiatame kohe \u2013 hiigelsuured vesipiibud sinna ei mahu. Kott on m\u00f5eldud v\u00e4ikestele ja keskmistele vesipiipudele.<\/p>\n<p>Kas teil on k\u00fcsimusi? v\u00f5ta meiega \u00fchendust\u00a0<a href=\"https:\/\/hookahshop.lt\/et\/kontaktid\/\">kontaktide leht<\/a>\u00a0v\u00f5i saatke meile e-kiri aadressil\u00a0<a href=\"https:\/\/facebook.com\/HookahShop.lt\/\" target=\"_blank\" rel=\"noopener noreferrer\">Facebooki konto<\/a>\u00a0ja vastame teie taotlusele samal p\u00e4eval.<\/p>","protected":false},"excerpt":{"rendered":"<p>Konksuga kott COSMO Bowl 60cm Konksuga kott Cosmo Bowl 60 cm on piisavalt tugev ja mahukas kott, mis t\u00e4nu vastupidavale materjalile s\u00e4ilitab oma kuju ja on \u00fcllatavalt palju ruumi - ruumi on vesipiibul, kolb ja k\u00f5ik tarvikud ning isegi tubakas. Sellegipoolest hoiatame kohe \u2013 hiigelsuured vesipiibud sinna ei mahu. Kott on m\u00f5eldud v\u00e4ikestele ja keskmistele vesipiipudele. [\u2026]<\/p>","protected":false},"featured_media":17906,"comment_status":"open","ping_status":"closed","template":"","meta":[],"_links":{"self":[{"href":"https:\/\/hookahshop.lt\/et\/wp-json\/wp\/v2\/product\/17903"}],"collection":[{"href":"https:\/\/hookahshop.lt\/et\/wp-json\/wp\/v2\/product"}],"about":[{"href":"https:\/\/hookahshop.lt\/et\/wp-json\/wp\/v2\/types\/product"}],"replies":[{"embeddable":true,"href":"https:\/\/hookahshop.lt\/et\/wp-json\/wp\/v2\/comments?post=17903"}],"version-history":[{"count":4,"href":"https:\/\/hookahshop.lt\/et\/wp-json\/wp\/v2\/product\/17903\/revisions"}],"predecessor-version":[{"id":33614,"href":"https:\/\/hookahshop.lt\/et\/wp-json\/wp\/v2\/product\/17903\/revisions\/33614"}],"wp:featuredmedia":[{"embeddable":true,"href":"https:\/\/hookahshop.lt\/et\/wp-json\/wp\/v2\/media\/17906"}],"wp:attachment":[{"href":"https:\/\/hookahshop.lt\/et\/wp-json\/wp\/v2\/media?parent=17903"}],"curies":[{"name":"wp","href":"https:\/\/api.w.org\/{rel}","templated":true}]}}