{"id":17941,"date":"2021-01-17T13:59:37","date_gmt":"2021-01-17T11:59:37","guid":{"rendered":"https:\/\/hookahshop.lt\/?post_type=product&#038;p=17941"},"modified":"2026-04-21T23:29:23","modified_gmt":"2026-04-21T20:29:23","slug":"kaljanas-invi-nano-rose-gold-black","status":"publish","type":"product","link":"https:\/\/hookahshop.lt\/et\/toode\/vesipiip-invi-nano-rose-gold-black\/","title":{"rendered":"Vesipiibu INVI Nano Rose Gold must"},"content":{"rendered":"<h2>Vesipiibu INVI Nano Rose Gold must<\/h2>\n<p>See on v\u00e4ike kombinatsioon roostevabast terasest ja klaasist \u2013 reisi-mini vesipiip. Suurep\u00e4rane, kompaktne vesipiip.<\/p>\n<p><strong>Varustus:<\/strong><\/p>\n<p>Vesipiip<br \/>\nSilikoonvoolik<br \/>\nAlumiiniumist huulik<br \/>\nOstukorv<\/p>\n<p>Kas teil on k\u00fcsimusi? v\u00f5ta meiega \u00fchendust\u00a0<a href=\"https:\/\/hookahshop.lt\/et\/kontaktid\/\">kontaktide leht<\/a>\u00a0v\u00f5i saatke meile e-kiri aadressil\u00a0<a href=\"https:\/\/facebook.com\/HookahShop.lt\/\" target=\"_blank\" rel=\"noopener noreferrer\">Facebooki konto<\/a>\u00a0ja vastame teie taotlusele samal p\u00e4eval.<\/p>","protected":false},"excerpt":{"rendered":"<p>Vesipiip INVI Nano Rose Gold Black See on v\u00e4ike kombinatsioon roostevabast terasest ja klaasist \u2013 reisi mini vesipiip. Suurep\u00e4rane, kompaktne vesipiip. Varustus: Vesipiip Silikoonvoolik Alumiiniumist huulik Ostukorv K\u00fcsimused? V\u00f5tke meiega \u00fchendust kontaktide lehel v\u00f5i kirjutage meile oma Facebooki kontol ja vastame teie p\u00e4ringule samal p\u00e4eval.<\/p>","protected":false},"featured_media":17942,"comment_status":"open","ping_status":"closed","template":"","meta":[],"_links":{"self":[{"href":"https:\/\/hookahshop.lt\/et\/wp-json\/wp\/v2\/product\/17941"}],"collection":[{"href":"https:\/\/hookahshop.lt\/et\/wp-json\/wp\/v2\/product"}],"about":[{"href":"https:\/\/hookahshop.lt\/et\/wp-json\/wp\/v2\/types\/product"}],"replies":[{"embeddable":true,"href":"https:\/\/hookahshop.lt\/et\/wp-json\/wp\/v2\/comments?post=17941"}],"version-history":[{"count":4,"href":"https:\/\/hookahshop.lt\/et\/wp-json\/wp\/v2\/product\/17941\/revisions"}],"predecessor-version":[{"id":26716,"href":"https:\/\/hookahshop.lt\/et\/wp-json\/wp\/v2\/product\/17941\/revisions\/26716"}],"wp:featuredmedia":[{"embeddable":true,"href":"https:\/\/hookahshop.lt\/et\/wp-json\/wp\/v2\/media\/17942"}],"wp:attachment":[{"href":"https:\/\/hookahshop.lt\/et\/wp-json\/wp\/v2\/media?parent=17941"}],"curies":[{"name":"wp","href":"https:\/\/api.w.org\/{rel}","templated":true}]}}