{"id":17946,"date":"2021-01-17T14:48:03","date_gmt":"2021-01-17T12:48:03","guid":{"rendered":"https:\/\/hookahshop.lt\/?post_type=product&#038;p=17946"},"modified":"2026-04-21T23:29:36","modified_gmt":"2026-04-21T20:29:36","slug":"karscio-kamera-mattpear-kolodka","status":"publish","type":"product","link":"https:\/\/hookahshop.lt\/et\/toode\/soojuskamber-mattpear-kolodka\/","title":{"rendered":"Soojuskaamera MATTPEAR Kolodka"},"content":{"rendered":"<h2>Soojuskaamera MATTPEAR Kolodka<\/h2>\n<p>- Tehnoloogiline disain<br \/>\n- Unikaalne soojusvoo suunamise s\u00fcsteem<br \/>\n- * Eboniidist kaane k\u00e4epide<\/p>\n<p>* Eboniidist valmistatud kaane k\u00e4epide. See on madala soojusjuhtivusega tahke materjal. K\u00e4epide ei kuumene \u00fcle ega k\u00f5rveta s\u00f5rmi.<\/p>\n<p>Kas teil on k\u00fcsimusi? v\u00f5ta meiega \u00fchendust\u00a0<a href=\"https:\/\/hookahshop.lt\/et\/kontaktid\/\">kontaktide leht<\/a>\u00a0v\u00f5i saatke meile e-kiri aadressil\u00a0<a href=\"https:\/\/facebook.com\/HookahShop.lt\/\" target=\"_blank\" rel=\"noopener noreferrer\">Facebooki konto<\/a>\u00a0ja vastame teie taotlusele samal p\u00e4eval.<\/p>\n<p>&nbsp;<\/p>","protected":false},"excerpt":{"rendered":"<p>Soojuskamber MATTPEAR Kolodka - Tehnoloogiline disain - Unikaalne soojusvoo reguleerimise s\u00fcsteem - * Eboniidist kaane k\u00e4epide * Kaane k\u00e4epide on valmistatud eboniidist. See on madala soojusjuhtivusega tahke materjal. K\u00e4epide ei kuumene \u00fcle ega k\u00f5rveta s\u00f5rmi. Kas teil on k\u00fcsimusi? V\u00f5tke meiega \u00fchendust kontaktide lehel v\u00f5i kirjutage meile oma Facebooki kontol ja vastame teie p\u00e4ringule samal p\u00e4eval. &nbsp;<\/p>","protected":false},"featured_media":17948,"comment_status":"open","ping_status":"closed","template":"","meta":[],"_links":{"self":[{"href":"https:\/\/hookahshop.lt\/et\/wp-json\/wp\/v2\/product\/17946"}],"collection":[{"href":"https:\/\/hookahshop.lt\/et\/wp-json\/wp\/v2\/product"}],"about":[{"href":"https:\/\/hookahshop.lt\/et\/wp-json\/wp\/v2\/types\/product"}],"replies":[{"embeddable":true,"href":"https:\/\/hookahshop.lt\/et\/wp-json\/wp\/v2\/comments?post=17946"}],"version-history":[{"count":3,"href":"https:\/\/hookahshop.lt\/et\/wp-json\/wp\/v2\/product\/17946\/revisions"}],"predecessor-version":[{"id":29569,"href":"https:\/\/hookahshop.lt\/et\/wp-json\/wp\/v2\/product\/17946\/revisions\/29569"}],"wp:featuredmedia":[{"embeddable":true,"href":"https:\/\/hookahshop.lt\/et\/wp-json\/wp\/v2\/media\/17948"}],"wp:attachment":[{"href":"https:\/\/hookahshop.lt\/et\/wp-json\/wp\/v2\/media?parent=17946"}],"curies":[{"name":"wp","href":"https:\/\/api.w.org\/{rel}","templated":true}]}}