{"id":17963,"date":"2021-01-17T15:11:54","date_gmt":"2021-01-17T13:11:54","guid":{"rendered":"https:\/\/hookahshop.lt\/?post_type=product&#038;p=17963"},"modified":"2026-04-10T23:29:12","modified_gmt":"2026-04-10T20:29:12","slug":"kolba-kaljanui-drop-skaidri","status":"publish","type":"product","link":"https:\/\/hookahshop.lt\/et\/toode\/kolb-vesipiibu-drop-skaidri\/","title":{"rendered":"Kolb vesipiibule DROP Selge"},"content":{"rendered":"<h2>Kolb vesipiibule DROP Selge<\/h2>\n<p>See on tilgakujuline l\u00e4bipaistev kolb, millel on standardne vahepealse kujuga pistik.<\/p>\n<p><strong><span title=\"\">Spetsifikatsioonid:<\/span><\/strong><br \/>\nP\u00e4ritoluriik: Venemaa<br \/>\nKaal: 1,5 kg<br \/>\nK\u00f5rgus: 29 cm<br \/>\nLaius: 27 cm<br \/>\nS\u00fcgavus: 2 cm<\/p>\n<p>Kas teil on k\u00fcsimusi? v\u00f5ta meiega \u00fchendust\u00a0<a href=\"https:\/\/hookahshop.lt\/et\/kontaktid\/\">kontaktide leht<\/a>\u00a0v\u00f5i saatke meile e-kiri aadressil\u00a0<a href=\"https:\/\/facebook.com\/HookahShop.lt\/\" target=\"_blank\" rel=\"noopener noreferrer\">Facebooki konto<\/a>\u00a0ja vastame teie taotlusele samal p\u00e4eval.<\/p>","protected":false},"excerpt":{"rendered":"<p>Kolba kaljanui DROP Clear Tai la\u0161o formos skaidri kolba, turinti standartine tarpin\u0117s formos jungt\u012f. Specifikacijos: Kilm\u0117s \u0161alis: Rusija Svoris: 1,5 kg Auk\u0161tis: 29 cm Plotis: 27 cm Gylis: 2 cm Turite klausim\u0173? Susisiekite su mumis\u00a0kontakt\u0173 puslapyje\u00a0arba para\u0161ykite mums \u012f\u00a0Facebook paskyr\u0105\u00a0ir atsakysime \u012f j\u016bs\u0173 u\u017eklaus\u0105 dar t\u0105 pa\u010di\u0105 dien\u0105.<\/p>","protected":false},"featured_media":17965,"comment_status":"open","ping_status":"closed","template":"","meta":[],"_links":{"self":[{"href":"https:\/\/hookahshop.lt\/et\/wp-json\/wp\/v2\/product\/17963"}],"collection":[{"href":"https:\/\/hookahshop.lt\/et\/wp-json\/wp\/v2\/product"}],"about":[{"href":"https:\/\/hookahshop.lt\/et\/wp-json\/wp\/v2\/types\/product"}],"replies":[{"embeddable":true,"href":"https:\/\/hookahshop.lt\/et\/wp-json\/wp\/v2\/comments?post=17963"}],"version-history":[{"count":10,"href":"https:\/\/hookahshop.lt\/et\/wp-json\/wp\/v2\/product\/17963\/revisions"}],"predecessor-version":[{"id":45297,"href":"https:\/\/hookahshop.lt\/et\/wp-json\/wp\/v2\/product\/17963\/revisions\/45297"}],"wp:featuredmedia":[{"embeddable":true,"href":"https:\/\/hookahshop.lt\/et\/wp-json\/wp\/v2\/media\/17965"}],"wp:attachment":[{"href":"https:\/\/hookahshop.lt\/et\/wp-json\/wp\/v2\/media?parent=17963"}],"curies":[{"name":"wp","href":"https:\/\/api.w.org\/{rel}","templated":true}]}}