{"id":17969,"date":"2021-01-17T16:48:29","date_gmt":"2021-01-17T14:48:29","guid":{"rendered":"https:\/\/hookahshop.lt\/?post_type=product&#038;p=17969"},"modified":"2026-04-15T23:28:45","modified_gmt":"2026-04-15T20:28:45","slug":"kaljanas-alpha-hookah-x-cyber","status":"publish","type":"product","link":"https:\/\/hookahshop.lt\/et\/toode\/vesipiip-alpha-hookah-x-cyber\/","title":{"rendered":"Vesipiip ALPHA HOOKAH X Cyber"},"content":{"rendered":"<h2>Vesipiip ALPHA Vesipiibu X k\u00fcber<\/h2>\n<p>Vesipiibu Alpha Hookah X - Cyber - Alpha Hookah uus mudel, millel on v\u00e4ga huvitav, isegi ebam\u00f5istlik puhastus - suits v\u00e4ljub vesipiibu p\u00f5hjas olevatest aukudest vahetult plaadi all ja levib v\u00e4ga kenasti \u00fcle selle.<br \/>\nVesipiibu on m\u00f5\u00f5tmetelt v\u00e4ikese \u2013 vaid umbes 40 sentimeetri k\u00f5rgune \u2013 ning v\u00f5ll ja huulik on valmistatud roostevabast terasest ning vesipiibu korpus on valmistatud anodeeritud alumiiniumist ja saksa pol\u00fcatsetaalist. K\u00f5ik on v\u00e4ga h\u00e4sti maalitud, kaasa arvatud graveeringuga plaat.<\/p>\n<p>Varustus:<br \/>\nV\u00f5ll, plaat, voolik, huulik, tihendid.<\/p>\n<p>Kas teil on k\u00fcsimusi? v\u00f5ta meiega \u00fchendust\u00a0<a href=\"https:\/\/hookahshop.lt\/et\/kontaktid\/\">kontaktide leht<\/a>\u00a0v\u00f5i saatke meile e-kiri aadressil\u00a0<a href=\"https:\/\/facebook.com\/HookahShop.lt\/\" target=\"_blank\" rel=\"noopener noreferrer\">Facebooki konto<\/a>\u00a0ja vastame teie taotlusele samal p\u00e4eval.<\/p>","protected":false},"excerpt":{"rendered":"<p>Vesipiibu ALPHA Hookah X Cyber Hookah Alpha Hookah X - Cyber (Cyber) - Alpha Hookah uus mudel, millel on v\u00e4ga huvitav, kui mitte ebareaalne puhastus - suits v\u00e4ljub vesipiibu p\u00f5hjas olevatest aukudest vahetult allpool taldrikule ja v\u00e4ga kenasti selle peale laiali. Vesipiip on v\u00e4ikese suurusega \u2013 vaid umbes 40 sentimeetri k\u00f5rgune \u2013 ja [\u2026]<\/p>","protected":false},"featured_media":24105,"comment_status":"open","ping_status":"closed","template":"","meta":[],"_links":{"self":[{"href":"https:\/\/hookahshop.lt\/et\/wp-json\/wp\/v2\/product\/17969"}],"collection":[{"href":"https:\/\/hookahshop.lt\/et\/wp-json\/wp\/v2\/product"}],"about":[{"href":"https:\/\/hookahshop.lt\/et\/wp-json\/wp\/v2\/types\/product"}],"replies":[{"embeddable":true,"href":"https:\/\/hookahshop.lt\/et\/wp-json\/wp\/v2\/comments?post=17969"}],"version-history":[{"count":4,"href":"https:\/\/hookahshop.lt\/et\/wp-json\/wp\/v2\/product\/17969\/revisions"}],"predecessor-version":[{"id":28277,"href":"https:\/\/hookahshop.lt\/et\/wp-json\/wp\/v2\/product\/17969\/revisions\/28277"}],"wp:featuredmedia":[{"embeddable":true,"href":"https:\/\/hookahshop.lt\/et\/wp-json\/wp\/v2\/media\/24105"}],"wp:attachment":[{"href":"https:\/\/hookahshop.lt\/et\/wp-json\/wp\/v2\/media?parent=17969"}],"curies":[{"name":"wp","href":"https:\/\/api.w.org\/{rel}","templated":true}]}}