{"id":17977,"date":"2021-01-17T17:03:17","date_gmt":"2021-01-17T15:03:17","guid":{"rendered":"https:\/\/hookahshop.lt\/?post_type=product&#038;p=17977"},"modified":"2026-04-18T23:28:36","modified_gmt":"2026-04-18T20:28:36","slug":"apsauginis-sietelis-kaljanui-lets-smoke-slim","status":"publish","type":"product","link":"https:\/\/hookahshop.lt\/et\/toode\/kaitsesoel-vesipiibulelets-smoke-slim\/","title":{"rendered":"Kaitses\u00f5el vesipiibule LETS SMOKE Slim"},"content":{"rendered":"<h2>Kaitses\u00f5el vesipiibule LETS SMOKE Slim<\/h2>\n<p>Takistab s\u00fcsiniku plaadist v\u00e4ljakukkumist, erinevalt kaanest annab s\u00fcsinik vaba \u00f5hu, nii et temperatuur tassis ei t\u00f5use.<\/p>\n<p>Kas teil on k\u00fcsimusi? v\u00f5ta meiega \u00fchendust\u00a0<a href=\"https:\/\/hookahshop.lt\/et\/kontaktid\/\">kontaktide leht<\/a>\u00a0v\u00f5i saatke meile e-kiri aadressil\u00a0<a href=\"https:\/\/facebook.com\/HookahShop.lt\/\" target=\"_blank\" rel=\"noopener noreferrer\">Facebooki konto<\/a>\u00a0ja vastame teie taotlusele samal p\u00e4eval.<\/p>","protected":false},"excerpt":{"rendered":"<p>Vesipiibu kaitses\u00f5el LETS SMOKE Slim Kaitseb s\u00fcsinikku taldrikult maha kukkumise eest, erinevalt kaanest annab s\u00fcsinik vaba \u00f5hku, nii et temperatuur topsis ei t\u00f5use. Kas teil on k\u00fcsimusi? V\u00f5tke meiega \u00fchendust kontaktide lehel v\u00f5i kirjutage meile oma Facebooki kontol ja vastame teie p\u00e4ringule samal p\u00e4eval.<\/p>","protected":false},"featured_media":17978,"comment_status":"open","ping_status":"closed","template":"","meta":[],"_links":{"self":[{"href":"https:\/\/hookahshop.lt\/et\/wp-json\/wp\/v2\/product\/17977"}],"collection":[{"href":"https:\/\/hookahshop.lt\/et\/wp-json\/wp\/v2\/product"}],"about":[{"href":"https:\/\/hookahshop.lt\/et\/wp-json\/wp\/v2\/types\/product"}],"replies":[{"embeddable":true,"href":"https:\/\/hookahshop.lt\/et\/wp-json\/wp\/v2\/comments?post=17977"}],"version-history":[{"count":4,"href":"https:\/\/hookahshop.lt\/et\/wp-json\/wp\/v2\/product\/17977\/revisions"}],"predecessor-version":[{"id":33030,"href":"https:\/\/hookahshop.lt\/et\/wp-json\/wp\/v2\/product\/17977\/revisions\/33030"}],"wp:featuredmedia":[{"embeddable":true,"href":"https:\/\/hookahshop.lt\/et\/wp-json\/wp\/v2\/media\/17978"}],"wp:attachment":[{"href":"https:\/\/hookahshop.lt\/et\/wp-json\/wp\/v2\/media?parent=17977"}],"curies":[{"name":"wp","href":"https:\/\/api.w.org\/{rel}","templated":true}]}}