{"id":17981,"date":"2021-01-17T17:12:06","date_gmt":"2021-01-17T15:12:06","guid":{"rendered":"https:\/\/hookahshop.lt\/?post_type=product&#038;p=17981"},"modified":"2026-04-15T12:29:08","modified_gmt":"2026-04-15T09:29:08","slug":"kolba-kaljanui-hoob-base-gold","status":"publish","type":"product","link":"https:\/\/hookahshop.lt\/et\/toode\/kolb-vesipiibu-hoob-base-gold\/","title":{"rendered":"Kolb vesipiibule HOOB Base Gold"},"content":{"rendered":"<h2>Kolb Kaljanui HOOB Base Gold jaoks<\/h2>\n<p>Vesipiibu kolb, minimalistlik klassikaline disain ja kullatud.<\/p>\n<p><strong><span title=\"\">Spetsifikatsioonid:<\/span><\/strong><br \/>\nKuldne klaas veeliiniga aknaga<br \/>\n\u00dchendusava \u2013 \u00d845 mm<br \/>\nK\u00f5rgus \u2013 25 cm<br \/>\nKlaasi paksus \u2013 5 mm<br \/>\nSobib kasutamiseks koos LED-valgustitega<\/p>\n<p>Kas teil on k\u00fcsimusi? v\u00f5ta meiega \u00fchendust\u00a0<a href=\"https:\/\/hookahshop.lt\/et\/kontaktid\/\">kontaktide leht<\/a>\u00a0v\u00f5i saatke meile e-kiri aadressil\u00a0<a href=\"https:\/\/facebook.com\/HookahShop.lt\/\" target=\"_blank\" rel=\"noopener noreferrer\">Facebooki konto<\/a>\u00a0ja vastame teie taotlusele samal p\u00e4eval.<\/p>","protected":false},"excerpt":{"rendered":"<p>Kolba Kaljanui HOOB Base Gold Kaljano kolba, minimalistinio klasikinio dizaino ir aukso danga. Specifikacijos: Aukso spalvos stiklas su vandens linijos langu Prijungimo skyl\u0117 &#8211; \u00d845 mm Auk\u0161tis &#8211; 25 cm Stiklo storis &#8211; 5 mm Tinka naudoti su LED \u017eibintais Turite klausim\u0173? Susisiekite su mumis\u00a0kontakt\u0173 puslapyje\u00a0arba para\u0161ykite mums \u012f\u00a0Facebook paskyr\u0105\u00a0ir atsakysime \u012f j\u016bs\u0173 u\u017eklaus\u0105 dar [&hellip;]<\/p>","protected":false},"featured_media":17982,"comment_status":"open","ping_status":"closed","template":"","meta":[],"_links":{"self":[{"href":"https:\/\/hookahshop.lt\/et\/wp-json\/wp\/v2\/product\/17981"}],"collection":[{"href":"https:\/\/hookahshop.lt\/et\/wp-json\/wp\/v2\/product"}],"about":[{"href":"https:\/\/hookahshop.lt\/et\/wp-json\/wp\/v2\/types\/product"}],"replies":[{"embeddable":true,"href":"https:\/\/hookahshop.lt\/et\/wp-json\/wp\/v2\/comments?post=17981"}],"version-history":[{"count":4,"href":"https:\/\/hookahshop.lt\/et\/wp-json\/wp\/v2\/product\/17981\/revisions"}],"predecessor-version":[{"id":45131,"href":"https:\/\/hookahshop.lt\/et\/wp-json\/wp\/v2\/product\/17981\/revisions\/45131"}],"wp:featuredmedia":[{"embeddable":true,"href":"https:\/\/hookahshop.lt\/et\/wp-json\/wp\/v2\/media\/17982"}],"wp:attachment":[{"href":"https:\/\/hookahshop.lt\/et\/wp-json\/wp\/v2\/media?parent=17981"}],"curies":[{"name":"wp","href":"https:\/\/api.w.org\/{rel}","templated":true}]}}