{"id":18039,"date":"2021-01-17T18:30:24","date_gmt":"2021-01-17T16:30:24","guid":{"rendered":"https:\/\/hookahshop.lt\/?post_type=product&#038;p=18039"},"modified":"2026-04-13T16:23:15","modified_gmt":"2026-04-13T13:23:15","slug":"kaljano-stovas-revolving-fog-black","status":"publish","type":"product","link":"https:\/\/hookahshop.lt\/et\/toode\/vesipiibu-alu-revolving-fog-black\/","title":{"rendered":"Vesipiibu alus REVOLVING FOG Must"},"content":{"rendered":"<h2>Vesipiibu alus REVOLVING FOG Must<\/h2>\n<p>P\u00f6\u00f6rlev udu -vesipiibualus on loodud ja konstrueeritud nii, et see muudaks vesipiibu veelgi suitsetavamaks<br \/>\nm\u00f5nusam ja mugavam. See toode mitte ainult ei lisa keskkonnale t\u00e4iendavat v\u00f5lu<br \/>\nvalgustus, kuid annab ka selle omanikule ainu\u00f5iguse.<br \/>\nFunktsioonid:<br \/>\nTugev saar<br \/>\nM\u00f5eldud vesipiibu stabiilsuse tagamiseks.<br \/>\n360 -kraadine ketta p\u00f6\u00f6rlemine<br \/>\nJuhtmevaba LED -valgustus<br \/>\nV\u00f5imalus valida 3 v\u00e4rvi vahel, mis sobivad teie vesipiibuga v\u00f5i interj\u00f6\u00f6riga<br \/>\nLeedus valmistatud k\u00e4sitsi valmistatud toode<br \/>\nK\u00f5rgus: 4,3 cm<br \/>\nLaius: 25 cm<\/p>\n<p>Kas teil on k\u00fcsimusi? v\u00f5ta meiega \u00fchendust\u00a0<a href=\"https:\/\/hookahshop.lt\/et\/kontaktid\/\">kontaktide leht<\/a>\u00a0v\u00f5i saatke meile e-kiri aadressil\u00a0<a href=\"https:\/\/facebook.com\/HookahShop.lt\/\" target=\"_blank\" rel=\"noopener noreferrer\">Facebooki konto<\/a>\u00a0ja vastame teie taotlusele samal p\u00e4eval.<\/p>","protected":false},"excerpt":{"rendered":"<p>Vesipiibu alus REVOLVING FOG Black P\u00f6\u00f6rlev udu vesipiibu alus on disainitud ja loodud selleks, et muuta vesipiibu suitsetamine veelgi nauditavamaks ja mugavamaks. See toode mitte ainult ei lisa oma valgustusega keskkonnale lisasarmi, vaid annab selle omanikule ka eksklusiivsuse. Omadused: T\u00e4is tuhkpuit M\u00f5eldud vesipiibu stabiilsuse tagamiseks. 360-kraadine ketta p\u00f6\u00f6rlemine Juhtmevaba LED-valgustus Valik [\u2026]<\/p>","protected":false},"featured_media":18040,"comment_status":"open","ping_status":"closed","template":"","meta":[],"_links":{"self":[{"href":"https:\/\/hookahshop.lt\/et\/wp-json\/wp\/v2\/product\/18039"}],"collection":[{"href":"https:\/\/hookahshop.lt\/et\/wp-json\/wp\/v2\/product"}],"about":[{"href":"https:\/\/hookahshop.lt\/et\/wp-json\/wp\/v2\/types\/product"}],"replies":[{"embeddable":true,"href":"https:\/\/hookahshop.lt\/et\/wp-json\/wp\/v2\/comments?post=18039"}],"version-history":[{"count":3,"href":"https:\/\/hookahshop.lt\/et\/wp-json\/wp\/v2\/product\/18039\/revisions"}],"predecessor-version":[{"id":40076,"href":"https:\/\/hookahshop.lt\/et\/wp-json\/wp\/v2\/product\/18039\/revisions\/40076"}],"wp:featuredmedia":[{"embeddable":true,"href":"https:\/\/hookahshop.lt\/et\/wp-json\/wp\/v2\/media\/18040"}],"wp:attachment":[{"href":"https:\/\/hookahshop.lt\/et\/wp-json\/wp\/v2\/media?parent=18039"}],"curies":[{"name":"wp","href":"https:\/\/api.w.org\/{rel}","templated":true}]}}