{"id":18055,"date":"2021-01-17T21:25:09","date_gmt":"2021-01-17T19:25:09","guid":{"rendered":"https:\/\/hookahshop.lt\/?post_type=product&#038;p=18055"},"modified":"2026-04-14T23:28:55","modified_gmt":"2026-04-14T20:28:55","slug":"kaljanas-ms-scandi-medium-silver-brown","status":"publish","type":"product","link":"https:\/\/hookahshop.lt\/et\/toode\/vesipiip-ms-scandi-medium-silver-brown\/","title":{"rendered":"Vesipiibu MS Scandi keskmine h\u00f5bepruun"},"content":{"rendered":"<h2>Vesipiibu MS Scandi keskmine h\u00f5bepruun<\/h2>\n<p>Scandi on esimene omataoline konks MS kaubam\u00e4rgilt. Skandinaavia disainist inspireeritud, puidust joontega. Kolb on kerge ja vastupidav. Ideaalne neile, kellele meeldib kerge konksuga t\u00f5mmata, kuna see vesipiip terashajutiga. Puidust kolbaalus annab Scandile stabiilsuse. Huvitav fakt on see, et tegelikult on statiivialusel olevad vesipiibud stabiilsemad kui tavalised vesipiibud. Vesipiibu jaoks kasutatud erinevad materjalid aitavad kaasa selle atraktiivsele disainile!<\/p>\n<p><strong>Komplekt sisaldab:<\/strong><br \/>\nVesipiip<br \/>\nSilikoonvoolik<br \/>\nKolb<br \/>\nHuulik<br \/>\nKolvi alus<\/p>\n<p><img decoding=\"async\" loading=\"lazy\" class=\"alignnone size-medium wp-image-38520\" src=\"https:\/\/hookahshop.lt\/wp-content\/uploads\/2020\/09\/stiebas-kolba-zarna-kandiklis-1-300x273.jpg\" alt=\"- hookahshop.lt\" width=\"300\" height=\"273\" srcset=\"https:\/\/hookahshop.lt\/wp-content\/uploads\/2020\/09\/stiebas-kolba-zarna-kandiklis-1-300x273.jpg 300w, https:\/\/hookahshop.lt\/wp-content\/uploads\/2020\/09\/stiebas-kolba-zarna-kandiklis-1-13x12.jpg 13w, https:\/\/hookahshop.lt\/wp-content\/uploads\/2020\/09\/stiebas-kolba-zarna-kandiklis-1-64x58.jpg 64w, https:\/\/hookahshop.lt\/wp-content\/uploads\/2020\/09\/stiebas-kolba-zarna-kandiklis-1.jpg 420w\" sizes=\"(max-width: 300px) 100vw, 300px\" title=\"\"><\/p>\n<p>Kas teil on k\u00fcsimusi? v\u00f5ta meiega \u00fchendust\u00a0<a href=\"https:\/\/hookahshop.lt\/et\/kontaktid\/\">kontaktide leht<\/a>\u00a0v\u00f5i saatke meile e-kiri aadressil\u00a0<a href=\"https:\/\/facebook.com\/HookahShop.lt\/\" target=\"_blank\" rel=\"noopener noreferrer\">Facebooki konto<\/a>\u00a0ja vastame teie taotlusele samal p\u00e4eval.<\/p>","protected":false},"excerpt":{"rendered":"<p>Vesipiip MS Scandi Medium Silver Brown Scandi on esimene seda t\u00fc\u00fcpi vesipiip MS kaubam\u00e4rgilt. Skandinaavia disainist inspireeritud, puidust joontega. Kolb on kerge ja vastupidav. Ideaalne neile, kellele meeldib kerge konksuga t\u00f5mmata, kuna see vesipiip terashajutiga. Puidust kolbaalus annab Scandile stabiilsuse. Huvitav fakt on see, et tegelikult vesipiibud statiivil [\u2026]<\/p>","protected":false},"featured_media":18073,"comment_status":"open","ping_status":"closed","template":"","meta":[],"_links":{"self":[{"href":"https:\/\/hookahshop.lt\/et\/wp-json\/wp\/v2\/product\/18055"}],"collection":[{"href":"https:\/\/hookahshop.lt\/et\/wp-json\/wp\/v2\/product"}],"about":[{"href":"https:\/\/hookahshop.lt\/et\/wp-json\/wp\/v2\/types\/product"}],"replies":[{"embeddable":true,"href":"https:\/\/hookahshop.lt\/et\/wp-json\/wp\/v2\/comments?post=18055"}],"version-history":[{"count":5,"href":"https:\/\/hookahshop.lt\/et\/wp-json\/wp\/v2\/product\/18055\/revisions"}],"predecessor-version":[{"id":43762,"href":"https:\/\/hookahshop.lt\/et\/wp-json\/wp\/v2\/product\/18055\/revisions\/43762"}],"wp:featuredmedia":[{"embeddable":true,"href":"https:\/\/hookahshop.lt\/et\/wp-json\/wp\/v2\/media\/18073"}],"wp:attachment":[{"href":"https:\/\/hookahshop.lt\/et\/wp-json\/wp\/v2\/media?parent=18055"}],"curies":[{"name":"wp","href":"https:\/\/api.w.org\/{rel}","templated":true}]}}