{"id":18115,"date":"2021-01-18T18:36:30","date_gmt":"2021-01-18T16:36:30","guid":{"rendered":"https:\/\/hookahshop.lt\/?post_type=product&#038;p=18115"},"modified":"2026-04-14T23:28:48","modified_gmt":"2026-04-14T20:28:48","slug":"kaljanas-honey-sigh-colour-black","status":"publish","type":"product","link":"https:\/\/hookahshop.lt\/et\/toode\/vesipiip-honey-sigh-colour-black\/","title":{"rendered":"Vesipiibu HONEY SIGH V\u00e4rvus Must"},"content":{"rendered":"<h2>Vesipiibu HONEY SIGH V\u00e4rvus Must<\/h2>\n<p>on suurep\u00e4rase toimivuse ja suitsetamisomadustega. Kolvi t\u00f5hus vertikaalne puhastamine. Atsetaalalus - vastupidav ja stiilne. Must kaunistus t\u00e4iendab v\u00e4limust t\u00e4iuslikult. Sisseehitatud 5-pordiline v\u00e4ljalaskeklapp. Klassikaline veoj\u00f5ud (hajuti puudub).<\/p>\n<p>Spetsifikatsioon:<br \/>\nV\u00e4rvus must<br \/>\nVooliku pistik: O-r\u00f5ngas<br \/>\nV\u00f5lliosa: roostevaba teras<\/p>\n<p>Komplekt sisaldab:<br \/>\nVesipiip - 53cm<br \/>\nHuulik<br \/>\nSilikoonvoolik<\/p>\n<p>Kas teil on k\u00fcsimusi? v\u00f5ta meiega \u00fchendust\u00a0<a href=\"https:\/\/hookahshop.lt\/et\/kontaktid\/\">kontaktide leht<\/a>\u00a0v\u00f5i saatke meile e-kiri aadressil\u00a0<a href=\"https:\/\/facebook.com\/HookahShop.lt\/\" target=\"_blank\" rel=\"noopener noreferrer\">Facebooki konto<\/a>\u00a0ja vastame teie taotlusele samal p\u00e4eval.<\/p>","protected":false},"excerpt":{"rendered":"<p>HONEY SIGH Color Black on suurep\u00e4raste toimimis- ja suitsetamisomadustega. Kolvi t\u00f5hus vertikaalne puhastamine. Atsetaalip\u00f5hi \u2013 vastupidav ja stiilne. Must kaunistus t\u00e4iendab v\u00e4limust suurep\u00e4raselt. Sisseehitatud 5-pordiline puhastusventiil. Klassikaline veoj\u00f5ud (hajuti puudub). Spetsifikatsioon: V\u00e4rv: must Vooliku\u00fchendus: O-r\u00f5ngas V\u00f5ll: Roostevaba teras Komplekti kuulub: Vesipiip - 53cm Suulik Silikoonvoolik K\u00fcsimusi? [\u2026]<\/p>","protected":false},"featured_media":18116,"comment_status":"open","ping_status":"closed","template":"","meta":[],"_links":{"self":[{"href":"https:\/\/hookahshop.lt\/et\/wp-json\/wp\/v2\/product\/18115"}],"collection":[{"href":"https:\/\/hookahshop.lt\/et\/wp-json\/wp\/v2\/product"}],"about":[{"href":"https:\/\/hookahshop.lt\/et\/wp-json\/wp\/v2\/types\/product"}],"replies":[{"embeddable":true,"href":"https:\/\/hookahshop.lt\/et\/wp-json\/wp\/v2\/comments?post=18115"}],"version-history":[{"count":5,"href":"https:\/\/hookahshop.lt\/et\/wp-json\/wp\/v2\/product\/18115\/revisions"}],"predecessor-version":[{"id":29782,"href":"https:\/\/hookahshop.lt\/et\/wp-json\/wp\/v2\/product\/18115\/revisions\/29782"}],"wp:featuredmedia":[{"embeddable":true,"href":"https:\/\/hookahshop.lt\/et\/wp-json\/wp\/v2\/media\/18116"}],"wp:attachment":[{"href":"https:\/\/hookahshop.lt\/et\/wp-json\/wp\/v2\/media?parent=18115"}],"curies":[{"name":"wp","href":"https:\/\/api.w.org\/{rel}","templated":true}]}}