{"id":18130,"date":"2021-01-18T21:17:36","date_gmt":"2021-01-18T19:17:36","guid":{"rendered":"https:\/\/hookahshop.lt\/?post_type=product&#038;p=18130"},"modified":"2026-04-18T23:28:41","modified_gmt":"2026-04-18T20:28:41","slug":"kaljanas-bigmaks-mini-zero","status":"publish","type":"product","link":"https:\/\/hookahshop.lt\/et\/toode\/vesipiip-suurmax-mini-null\/","title":{"rendered":"Vesipiib BIGMAKS Mini Zero"},"content":{"rendered":"<h2>Vesipiib BIGMAKS Mini Zero<\/h2>\n<p>M\u00f5eldud mitte ainult reisimiseks ja v\u00e4ljas\u00f5itudeks, vaid ka igap\u00e4evaseks kasutamiseks. Moodne minivesipiip oma suitsetamisomadustega ei j\u00e4\u00e4 alla k\u00f5rgele vesipiibule ja sellel on isegi palju eeliseid, n\u00e4iteks: kompaktsus, maksimaalne kasutusmugavus ja taskukohane hind. Puhastuss\u00fcsteem koosneb viiest klapist, mis v\u00f5imaldavad kolbi \u00fcheaegselt puhastada, samuti jahutada tassi ilma seda \u00fcle ujutamata. Kasutatakse pol\u00fcatsetaalelemente. Kokkupanek toimub keermestatud \u00fchendustega.<\/p>\n<p><strong>Spetsifikatsioon:<\/strong><br \/>\nTihendusr\u00f5nga pistik: O-r\u00f5ngas<br \/>\nHajuti: jah<br \/>\nVeoj\u00f5ud: lihtne<br \/>\nMaterjal: roostevaba teras<br \/>\nVesipiibu k\u00f5rgus: 45 cm<br \/>\nPlaadi l\u00e4bim\u00f5\u00f5t: 20 cm<br \/>\nHuulik<br \/>\nSilikoonvoolik (pehme puudutus)<br \/>\nKolb (originaal Big Max, selge, klaas)<\/p>\n<p><strong>Varustus:<\/strong><br \/>\nVesipiip, taldrik, huulik, silikoonvoolik (pehme puudutusega), kolb.<\/p>\n<p>Kas teil on k\u00fcsimusi? v\u00f5ta meiega \u00fchendust\u00a0<a href=\"https:\/\/hookahshop.lt\/et\/kontaktid\/\">kontaktide leht<\/a>\u00a0v\u00f5i saatke meile e-kiri aadressil\u00a0<a href=\"https:\/\/facebook.com\/HookahShop.lt\/\" target=\"_blank\" rel=\"noopener noreferrer\">Facebooki konto<\/a>\u00a0ja vastame teie taotlusele samal p\u00e4eval.<\/p>\n<p>&nbsp;<\/p>","protected":false},"excerpt":{"rendered":"<p>Vesipiip BIGMAKS Mini Zero M\u00f5eldud mitte ainult reisimiseks, vaid ka igap\u00e4evaseks kasutamiseks. Kaasaegne minipiip ei j\u00e4\u00e4 oma suitsetamisomadustelt alla k\u00f5rgele vesipiibule ja sellel on isegi palju eeliseid, n\u00e4iteks: kompaktsus, maksimaalne kasutusmugavus ja taskukohane hind. Puhastuss\u00fcsteem koosneb viiest ventiilist, mis v\u00f5imaldavad nii kolbi \u00fcheaegselt puhastamist kui ka topsi jahutamist ilma seda \u00fcle ujutamata. Kasutatud [\u2026]<\/p>","protected":false},"featured_media":18143,"comment_status":"open","ping_status":"closed","template":"","meta":[],"_links":{"self":[{"href":"https:\/\/hookahshop.lt\/et\/wp-json\/wp\/v2\/product\/18130"}],"collection":[{"href":"https:\/\/hookahshop.lt\/et\/wp-json\/wp\/v2\/product"}],"about":[{"href":"https:\/\/hookahshop.lt\/et\/wp-json\/wp\/v2\/types\/product"}],"replies":[{"embeddable":true,"href":"https:\/\/hookahshop.lt\/et\/wp-json\/wp\/v2\/comments?post=18130"}],"version-history":[{"count":5,"href":"https:\/\/hookahshop.lt\/et\/wp-json\/wp\/v2\/product\/18130\/revisions"}],"predecessor-version":[{"id":32427,"href":"https:\/\/hookahshop.lt\/et\/wp-json\/wp\/v2\/product\/18130\/revisions\/32427"}],"wp:featuredmedia":[{"embeddable":true,"href":"https:\/\/hookahshop.lt\/et\/wp-json\/wp\/v2\/media\/18143"}],"wp:attachment":[{"href":"https:\/\/hookahshop.lt\/et\/wp-json\/wp\/v2\/media?parent=18130"}],"curies":[{"name":"wp","href":"https:\/\/api.w.org\/{rel}","templated":true}]}}