{"id":18243,"date":"2021-01-19T17:26:56","date_gmt":"2021-01-19T15:26:56","guid":{"rendered":"https:\/\/hookahshop.lt\/?post_type=product&#038;p=18243"},"modified":"2026-04-06T23:29:14","modified_gmt":"2026-04-06T20:29:14","slug":"taurele-smokelab-evil-moon","status":"publish","type":"product","link":"https:\/\/hookahshop.lt\/et\/toode\/tass-vesipiibule-smokelab-evil-moon\/","title":{"rendered":"Tass vesipiibule SMOKELAB Evil Moon"},"content":{"rendered":"<h2>Tass vesipiibule SMOKELAB Evil Moon<\/h2>\n<p>Ettev\u00f5tte SmokeLab \u00fcks populaarsemaid tasse. Evil Moon tass on valmistatud savist. T\u00e4nu lamedale p\u00f5hjale ja paksudele seintele suitseb vesipiibusegu selles topsis tugevamini.<\/p>\n<p>Spetsifikatsioonid:<br \/>\nT\u00fc\u00fcp: tapja<br \/>\nMaterjal: savi<br \/>\nMahutavus: 18-25 g.<br \/>\nK\u00f5rgus: 10,1 cm<br \/>\nL\u00e4bim\u00f5\u00f5t (v\u00e4limine): 7,2 cm<br \/>\nL\u00e4bim\u00f5\u00f5t (sisemine): 6,4 cm<br \/>\nS\u00fcgavus: 1,7 cm<br \/>\nAukude arv: 5 tk<br \/>\nKaal: umbes 174 g.<br \/>\nP\u00e4ritoluriik: Venemaa<\/p>\n<p>Kas teil on k\u00fcsimusi? v\u00f5ta meiega \u00fchendust\u00a0<a href=\"https:\/\/hookahshop.lt\/et\/kontaktid\/\">kontaktide leht<\/a>\u00a0v\u00f5i saatke meile e-kiri aadressil\u00a0<a href=\"https:\/\/facebook.com\/HookahShop.lt\/\" target=\"_blank\" rel=\"noopener noreferrer\">Facebooki konto<\/a>\u00a0ja vastame teie taotlusele samal p\u00e4eval.<\/p>","protected":false},"excerpt":{"rendered":"<p>Vesipiibu tass SMOKELAB Evil Moon Ettev\u00f5tte SmokeLab \u00fcks populaarsemaid tasse. Evil Moon tass on valmistatud savist. T\u00e4nu lamedale p\u00f5hjale ja paksudele seintele suitseb vesipiibusegu selles topsis tugevamini. Tehnilised andmed: T\u00fc\u00fcp: Killer Materjal: Savi Mahutavus: 18-25 g. K\u00f5rgus: 10,1 cm L\u00e4bim\u00f5\u00f5t (v\u00e4limine): 7,2 cm L\u00e4bim\u00f5\u00f5t (sisemine): 6,4 cm S\u00fcgavus: 1,7 cm Aukude arv: 5 tk Kaal: [\u2026]<\/p>","protected":false},"featured_media":18244,"comment_status":"open","ping_status":"closed","template":"","meta":[],"_links":{"self":[{"href":"https:\/\/hookahshop.lt\/et\/wp-json\/wp\/v2\/product\/18243"}],"collection":[{"href":"https:\/\/hookahshop.lt\/et\/wp-json\/wp\/v2\/product"}],"about":[{"href":"https:\/\/hookahshop.lt\/et\/wp-json\/wp\/v2\/types\/product"}],"replies":[{"embeddable":true,"href":"https:\/\/hookahshop.lt\/et\/wp-json\/wp\/v2\/comments?post=18243"}],"version-history":[{"count":3,"href":"https:\/\/hookahshop.lt\/et\/wp-json\/wp\/v2\/product\/18243\/revisions"}],"predecessor-version":[{"id":29286,"href":"https:\/\/hookahshop.lt\/et\/wp-json\/wp\/v2\/product\/18243\/revisions\/29286"}],"wp:featuredmedia":[{"embeddable":true,"href":"https:\/\/hookahshop.lt\/et\/wp-json\/wp\/v2\/media\/18244"}],"wp:attachment":[{"href":"https:\/\/hookahshop.lt\/et\/wp-json\/wp\/v2\/media?parent=18243"}],"curies":[{"name":"wp","href":"https:\/\/api.w.org\/{rel}","templated":true}]}}