{"id":18410,"date":"2021-01-26T16:37:27","date_gmt":"2021-01-26T14:37:27","guid":{"rendered":"https:\/\/hookahshop.lt\/?post_type=product&#038;p=18410"},"modified":"2026-04-14T23:28:47","modified_gmt":"2026-04-14T20:28:47","slug":"kaljanas-dsh-nice-black","status":"publish","type":"product","link":"https:\/\/hookahshop.lt\/et\/toode\/vesipiip-dsh-nice-black\/","title":{"rendered":"Vesipiip DSH Nice Black"},"content":{"rendered":"<h2>Vesipiip DSH Nice Black<\/h2>\n<p>DSH Nice Black on Venemaa tootja DSH \u00fcllas vesipiip. Vesipiip on valmistatud ainult kvaliteetsest roostevabast terasest. Vesipiibul, nagu enamikul vene vesipiipudel, on tihendiga \u00fchendus, mis pakub palju tassi variatsioone ja v\u00e4rvierinevusi. Seestpoolt on DSH Nice Black valmistatud roostevabast terasest. Vesipiibul on s\u00e4lguga vooliku\u00fchendus ja v\u00e4ljalaskeklapp, mis sobib ideaalselt vesipiibu p\u00f5hja. Kokkuv\u00f5tteks v\u00f5ib \u00f6elda, et DSH Nice Black Shisha on v\u00e4ga lihtne, kuid kvaliteetne vene vesipiip, mis r\u00f5\u00f5mustab iga vesipiibus\u00f5pra. DSH Nice Black on ainulaadse disaini, parimate materjalide ja heade suitsetamisomadustega. Sukeldu kirjeldamatusse vene vesipiipude maailma ja naudi koos s\u00f5pradega imelisi vesipiipu\u00f5htuid kasutades DSH vesipiipu.<\/p>\n<p>DSH kena must<br \/>\nS\u00fcsinikplaat<br \/>\nKeskmine<br \/>\nVars<br \/>\nAlus (lukuga)<br \/>\nVooliku adapter<br \/>\nV\u00e4ljalaskeventiil<br \/>\nReguleeritav difuusor<br \/>\nHuulik<br \/>\nKlaasist kolb<br \/>\nKlapi pall<\/p>\n<p>Tehnilised kirjeldused:<br \/>\n\u00dcldk\u00f5rgus: umbes 54 cm<br \/>\nKolvi l\u00e4bim\u00f5\u00f5t: umbes 4,5 cm<br \/>\nKolvi k\u00f5rgus: umbes 27 cm<br \/>\nMaterjal: roostevaba teras, plastik<br \/>\nValmistatud Venemaal<\/p>\n<p>Kas teil on k\u00fcsimusi? v\u00f5ta meiega \u00fchendust\u00a0<a href=\"https:\/\/hookahshop.lt\/et\/kontaktid\/\">kontaktide leht<\/a>\u00a0v\u00f5i saatke meile e-kiri aadressil\u00a0<a href=\"https:\/\/facebook.com\/HookahShop.lt\/\" target=\"_blank\" rel=\"noopener noreferrer\">Facebooki konto<\/a> ja vastame teie taotlusele samal p\u00e4eval.<\/p>","protected":false},"excerpt":{"rendered":"<p>Vesipiip DSH Nice Black DSH Nice Black on \u00fcllas vesipiip, mille on valmistanud Venemaa tootja DSH. Vesipiip on valmistatud ainult kvaliteetsest roostevabast terasest. Vesipiibul, nagu enamikul vene vesipiipudel, on tihendiga \u00fchendus, mis pakub palju tassi variatsioone ja v\u00e4rvierinevusi. Seestpoolt on DSH Nice Black valmistatud roostevabast terasest. Vesipiibul on s\u00e4lguga vooliku\u00fchendus [\u2026]<\/p>","protected":false},"featured_media":18504,"comment_status":"open","ping_status":"closed","template":"","meta":[],"_links":{"self":[{"href":"https:\/\/hookahshop.lt\/et\/wp-json\/wp\/v2\/product\/18410"}],"collection":[{"href":"https:\/\/hookahshop.lt\/et\/wp-json\/wp\/v2\/product"}],"about":[{"href":"https:\/\/hookahshop.lt\/et\/wp-json\/wp\/v2\/types\/product"}],"replies":[{"embeddable":true,"href":"https:\/\/hookahshop.lt\/et\/wp-json\/wp\/v2\/comments?post=18410"}],"version-history":[{"count":3,"href":"https:\/\/hookahshop.lt\/et\/wp-json\/wp\/v2\/product\/18410\/revisions"}],"predecessor-version":[{"id":22676,"href":"https:\/\/hookahshop.lt\/et\/wp-json\/wp\/v2\/product\/18410\/revisions\/22676"}],"wp:featuredmedia":[{"embeddable":true,"href":"https:\/\/hookahshop.lt\/et\/wp-json\/wp\/v2\/media\/18504"}],"wp:attachment":[{"href":"https:\/\/hookahshop.lt\/et\/wp-json\/wp\/v2\/media?parent=18410"}],"curies":[{"name":"wp","href":"https:\/\/api.w.org\/{rel}","templated":true}]}}