{"id":18486,"date":"2021-01-26T15:57:10","date_gmt":"2021-01-26T13:57:10","guid":{"rendered":"https:\/\/hookahshop.lt\/?post_type=product&#038;p=18486"},"modified":"2026-04-19T23:28:48","modified_gmt":"2026-04-19T20:28:48","slug":"apsauginis-sietelis-kaljanui-lets-smoke-slim-silver","status":"publish","type":"product","link":"https:\/\/hookahshop.lt\/et\/toode\/kaitsesoel-vesipiibulelets-smoke-slim-silver\/","title":{"rendered":"Kaitses\u00f5el vesipiibule LETS SMOKE Slim Silver"},"content":{"rendered":"<h2>Kaitses\u00f5el vesipiibule LETS SMOKE Slim Silver<\/h2>\n<p>S\u00f5el on m\u00f5eldud turvaliseks suitsetamiseks nii kodus kui ka baaris. Hoiab \u00e4ra s\u00f6e mahakukkumise, olgu selleks foolium v\u00f5i soojuskamber.<\/p>\n<p>Spetsifikatsioonid:<br \/>\nK\u00f5rgus: 202 mm<br \/>\nL\u00e4bim\u00f5\u00f5t: 100 mm<br \/>\nKaal: umbes 145 gr<\/p>\n<p>Kas teil on k\u00fcsimusi? v\u00f5ta meiega \u00fchendust\u00a0<a href=\"https:\/\/hookahshop.lt\/et\/kontaktid\/\">kontaktide leht<\/a>\u00a0v\u00f5i saatke meile e-kiri aadressil\u00a0<a href=\"https:\/\/facebook.com\/HookahShop.lt\/\" target=\"_blank\" rel=\"noopener noreferrer\">Facebooki konto<\/a>\u00a0ja vastame teie taotlusele samal p\u00e4eval.<\/p>","protected":false},"excerpt":{"rendered":"<p>Vesipiibu kaitses\u00f5el LETS SMOKE Slim Silver S\u00f5el on m\u00f5eldud turvaliseks suitsetamiseks nii kodus kui baaris. Hoiab \u00e4ra s\u00f6e mahakukkumise, olgu selleks foolium v\u00f5i soojuskamber. Tehnilised andmed: K\u00f5rgus: 202 mm L\u00e4bim\u00f5\u00f5t: 100 mm Kaal: umbes 145 gr K\u00fcsimused? V\u00f5tke meiega \u00fchendust kontaktide lehel v\u00f5i kirjutage meile oma Facebooki kontol ja vastame teie p\u00e4ringule samal p\u00e4eval.<\/p>","protected":false},"featured_media":18487,"comment_status":"open","ping_status":"closed","template":"","meta":[],"_links":{"self":[{"href":"https:\/\/hookahshop.lt\/et\/wp-json\/wp\/v2\/product\/18486"}],"collection":[{"href":"https:\/\/hookahshop.lt\/et\/wp-json\/wp\/v2\/product"}],"about":[{"href":"https:\/\/hookahshop.lt\/et\/wp-json\/wp\/v2\/types\/product"}],"replies":[{"embeddable":true,"href":"https:\/\/hookahshop.lt\/et\/wp-json\/wp\/v2\/comments?post=18486"}],"version-history":[{"count":6,"href":"https:\/\/hookahshop.lt\/et\/wp-json\/wp\/v2\/product\/18486\/revisions"}],"predecessor-version":[{"id":26046,"href":"https:\/\/hookahshop.lt\/et\/wp-json\/wp\/v2\/product\/18486\/revisions\/26046"}],"wp:featuredmedia":[{"embeddable":true,"href":"https:\/\/hookahshop.lt\/et\/wp-json\/wp\/v2\/media\/18487"}],"wp:attachment":[{"href":"https:\/\/hookahshop.lt\/et\/wp-json\/wp\/v2\/media?parent=18486"}],"curies":[{"name":"wp","href":"https:\/\/api.w.org\/{rel}","templated":true}]}}