{"id":18491,"date":"2021-01-26T16:13:01","date_gmt":"2021-01-26T14:13:01","guid":{"rendered":"https:\/\/hookahshop.lt\/?post_type=product&#038;p=18491"},"modified":"2026-04-16T23:29:28","modified_gmt":"2026-04-16T20:29:28","slug":"sirupo-gaudykle-blade-hookah-black","status":"publish","type":"product","link":"https:\/\/hookahshop.lt\/et\/toode\/siirupiloks-blade-hookah-black\/","title":{"rendered":"Siirupil\u00f5ks BLADE HOOKAH Must"},"content":{"rendered":"<h2>Siirupil\u00f5ks BLADE HOOKAH Must<\/h2>\n<p>See on asendamatu aksessuaar iga vesipiibu jaoks ja kodus.<br \/>\nTakistab tubakalehtede ja siirupi sattumist kolbi ja vesipiibu varre. Kaitseb kolbi kollaseks muutumise eest, mis on eriti oluline vesipiibu lauale serveerimisel. N\u00fc\u00fcd pole tassi vahetades vaja vesipiipu iga kord pesta, et eemaldada p\u00f5hjast siirup ja tubakalehed.<br \/>\nBlade Hookah on selles suunas v\u00f5tnud kasutusele parimad tavad ja kogemused, mille tulemusena on tootmisprotsessis laiemad disainiaugud \u2013 ilma olemasolevat veoj\u00f5udu kaotamata. &quot;Kaussi&quot; maht on suurenenud - n\u00fc\u00fcd teenib see teid kauem. Sisemine kanal on valmistatud alumiiniumist, erinevalt silikoonist ei ima l\u00f5hnu ega t\u00f5mbu kokku.<\/p>\n<p>Spetsifikatsioonid:<br \/>\nK\u00f5rgus: 70 mm<br \/>\nL\u00e4bim\u00f5\u00f5t (v\u00e4limine): 50 mm<br \/>\nL\u00e4bim\u00f5\u00f5t (sisemine): 23 mm<br \/>\nKaal: umbes 100 gr<\/p>\n<p>Kas teil on k\u00fcsimusi? v\u00f5ta meiega \u00fchendust\u00a0<a href=\"https:\/\/hookahshop.lt\/et\/kontaktid\/\">kontaktide leht<\/a>\u00a0v\u00f5i saatke meile e-kiri aadressil\u00a0<a href=\"https:\/\/facebook.com\/HookahShop.lt\/\" target=\"_blank\" rel=\"noopener noreferrer\">Facebooki konto<\/a>\u00a0ja vastame teie taotlusele samal p\u00e4eval.<\/p>","protected":false},"excerpt":{"rendered":"<p>Siirupil\u00f5ks BLADE HOOKAH Black See on asendamatu tarvik iga vesipiibu jaoks ja kodus. V\u00e4ltige tubakalehtede ja siirupi sattumist kolbi ja vesipiibu auku. Kaitseb kolvis kollaseks muutumise eest, mis on eriti oluline vesipiibu lauale serveerimisel. N\u00fc\u00fcd pole tassi vahetades vaja vesipiipu iga kord pesta, et eemaldada p\u00f5hjast siirup ja tubakalehed. Blade Hookah [\u2026]<\/p>","protected":false},"featured_media":18492,"comment_status":"open","ping_status":"closed","template":"","meta":[],"_links":{"self":[{"href":"https:\/\/hookahshop.lt\/et\/wp-json\/wp\/v2\/product\/18491"}],"collection":[{"href":"https:\/\/hookahshop.lt\/et\/wp-json\/wp\/v2\/product"}],"about":[{"href":"https:\/\/hookahshop.lt\/et\/wp-json\/wp\/v2\/types\/product"}],"replies":[{"embeddable":true,"href":"https:\/\/hookahshop.lt\/et\/wp-json\/wp\/v2\/comments?post=18491"}],"version-history":[{"count":7,"href":"https:\/\/hookahshop.lt\/et\/wp-json\/wp\/v2\/product\/18491\/revisions"}],"predecessor-version":[{"id":42586,"href":"https:\/\/hookahshop.lt\/et\/wp-json\/wp\/v2\/product\/18491\/revisions\/42586"}],"wp:featuredmedia":[{"embeddable":true,"href":"https:\/\/hookahshop.lt\/et\/wp-json\/wp\/v2\/media\/18492"}],"wp:attachment":[{"href":"https:\/\/hookahshop.lt\/et\/wp-json\/wp\/v2\/media?parent=18491"}],"curies":[{"name":"wp","href":"https:\/\/api.w.org\/{rel}","templated":true}]}}