{"id":18551,"date":"2021-01-28T19:47:59","date_gmt":"2021-01-28T17:47:59","guid":{"rendered":"https:\/\/hookahshop.lt\/?post_type=product&#038;p=18551"},"modified":"2026-04-14T23:28:56","modified_gmt":"2026-04-14T20:28:56","slug":"kaljanas-smoke-me-two-black","status":"publish","type":"product","link":"https:\/\/hookahshop.lt\/et\/toode\/vesipiip-smoke-me-two-black\/","title":{"rendered":"Vesipiip SMOKE ME Two Black"},"content":{"rendered":"<h2>Vesipiip SMOKE ME Two Black<\/h2>\n<p>Silma paistab ainulaadne kolb, mis v\u00f5imaldab tavakolbidega v\u00f5rreldes suuremat suitsuhoidlat.<\/p>\n<p>Komplekt sisaldab:<br \/>\nVesipiip<br \/>\nKolb<br \/>\nHuulik<br \/>\nKarikas<br \/>\nSoolestik<br \/>\nTangid<br \/>\nKorsten<br \/>\nSpiraalvoolik<\/p>\n<p>Spetsifikatsioonid:<br \/>\nVesipiibu k\u00f5rgus koos kolbiga: umbes 50 cm<br \/>\nMaterjal: anodeeritud alumiinium<br \/>\n\u00dchenduse t\u00fc\u00fcp: kl\u00f5psake nuppu<br \/>\nHajuti: pole saadaval<br \/>\nP\u00e4ritoluriik: Saksamaa<\/p>\n<p>Kas teil on k\u00fcsimusi? v\u00f5ta meiega \u00fchendust\u00a0<a href=\"https:\/\/hookahshop.lt\/et\/kontaktid\/\">kontaktide leht<\/a>\u00a0v\u00f5i saatke meile e-kiri aadressil\u00a0<a href=\"https:\/\/facebook.com\/HookahShop.lt\/\" target=\"_blank\" rel=\"noopener noreferrer\">Facebooki konto<\/a>\u00a0ja vastame teie taotlusele samal p\u00e4eval.<\/p>","protected":false},"excerpt":{"rendered":"<p>Vesipiip SMOKE ME Two Black Paistab silma ainulaadse kolviga, mis v\u00f5imaldab paigaldada suurema suitsumahuti kui tavaliste kujuga kolbide kasutamine. Komplekt sisaldab: konksuhoidja huuliku tassi vooliku tangid Kamin Spiraalvoolik Tehnilised andmed: konksu k\u00f5rgus koos kolbiga: umbes 50 cm Materjal: anodeeritud alumiinium \u00dchenduse t\u00fc\u00fcp: Click Hajuti: puudub P\u00e4ritoluriik: Saksamaa K\u00fcsimused? V\u00f5tke meiega \u00fchendust kontaktide lehel v\u00f5i kirjutage [\u2026]<\/p>","protected":false},"featured_media":18552,"comment_status":"open","ping_status":"closed","template":"","meta":[],"_links":{"self":[{"href":"https:\/\/hookahshop.lt\/et\/wp-json\/wp\/v2\/product\/18551"}],"collection":[{"href":"https:\/\/hookahshop.lt\/et\/wp-json\/wp\/v2\/product"}],"about":[{"href":"https:\/\/hookahshop.lt\/et\/wp-json\/wp\/v2\/types\/product"}],"replies":[{"embeddable":true,"href":"https:\/\/hookahshop.lt\/et\/wp-json\/wp\/v2\/comments?post=18551"}],"version-history":[{"count":6,"href":"https:\/\/hookahshop.lt\/et\/wp-json\/wp\/v2\/product\/18551\/revisions"}],"predecessor-version":[{"id":32826,"href":"https:\/\/hookahshop.lt\/et\/wp-json\/wp\/v2\/product\/18551\/revisions\/32826"}],"wp:featuredmedia":[{"embeddable":true,"href":"https:\/\/hookahshop.lt\/et\/wp-json\/wp\/v2\/media\/18552"}],"wp:attachment":[{"href":"https:\/\/hookahshop.lt\/et\/wp-json\/wp\/v2\/media?parent=18551"}],"curies":[{"name":"wp","href":"https:\/\/api.w.org\/{rel}","templated":true}]}}