{"id":18555,"date":"2021-01-28T20:52:46","date_gmt":"2021-01-28T18:52:46","guid":{"rendered":"https:\/\/hookahshop.lt\/?post_type=product&#038;p=18555"},"modified":"2026-04-22T23:28:55","modified_gmt":"2026-04-22T20:28:55","slug":"kaljanas-amy-deluxe-116-03-juodas-su-krepsiu","status":"publish","type":"product","link":"https:\/\/hookahshop.lt\/et\/toode\/vesipiip-amy-deluxe-116-03-must-koos-kotiga\/","title":{"rendered":"Vesipiip AMY DELUXE 116-03 koos kotiga"},"content":{"rendered":"<h2>Vesipiip AMY DELUXE 116-03 koos kotiga<\/h2>\n<p>Suurep\u00e4rane vesipiip mitte ainult reisimiseks ja v\u00e4ljas\u00f5itudeks, vaid ka igap\u00e4evaseks kasutamiseks. Moodne minivesipiip oma suitsetamisomadustega ei j\u00e4\u00e4 alla k\u00f5rgele vesipiibule ja sellel on isegi palju eeliseid, n\u00e4iteks: kompaktsus, maksimaalne, kasutusmugavus.<\/p>\n<p><strong>Spetsifikatsioon:<\/strong><br \/>\nVeoj\u00f5ud: klassikaline<br \/>\nD\u00fcsfor: puudub<br \/>\n\u00dchendus: magnetiline<\/p>\n<p><strong>Varustus:<\/strong><br \/>\nKolb<br \/>\nKott<br \/>\nKarikas<br \/>\nKorsten<br \/>\nV\u00f5ll (mast) on valmistatud alumiiniumist<br \/>\nSilikoonvoolik<br \/>\nVoolikuhoidja<br \/>\nHuulik (alumiinium)<br \/>\nPlaat<br \/>\nTangid<\/p>\n<p>Kas teil on k\u00fcsimusi? v\u00f5ta meiega \u00fchendust\u00a0<a href=\"https:\/\/hookahshop.lt\/et\/kontaktid\/\">kontaktide leht<\/a>\u00a0v\u00f5i saatke meile e-kiri aadressil\u00a0<a href=\"https:\/\/facebook.com\/HookahShop.lt\/\" target=\"_blank\" rel=\"noopener noreferrer\">Facebooki konto<\/a>\u00a0ja vastame teie taotlusele samal p\u00e4eval.<\/p>","protected":false},"excerpt":{"rendered":"<p>Vesipiip AMY DELUXE 116-03 kotiga Suurep\u00e4rane vesipiip mitte ainult reisimiseks ja v\u00e4ljas\u00f5itudeks, vaid ka igap\u00e4evaseks kasutamiseks. Kaasaegne minipiip ei j\u00e4\u00e4 suitsuomadustelt alla k\u00f5rgele vesipiibule ja sellel on isegi palju eeliseid, n\u00e4iteks: kompaktsus, maksimaalne, kasutusmugavus. Spetsifikatsioon: Veoj\u00f5ud: Klassikaline d\u00fcsofoor: Puudub \u00dchendus: Magnetvarustus: Alumiiniumist Silikoonvoolikust valmistatud korstnav\u00f5ll (vars) [\u2026]<\/p>","protected":false},"featured_media":18557,"comment_status":"open","ping_status":"closed","template":"","meta":[],"_links":{"self":[{"href":"https:\/\/hookahshop.lt\/et\/wp-json\/wp\/v2\/product\/18555"}],"collection":[{"href":"https:\/\/hookahshop.lt\/et\/wp-json\/wp\/v2\/product"}],"about":[{"href":"https:\/\/hookahshop.lt\/et\/wp-json\/wp\/v2\/types\/product"}],"replies":[{"embeddable":true,"href":"https:\/\/hookahshop.lt\/et\/wp-json\/wp\/v2\/comments?post=18555"}],"version-history":[{"count":5,"href":"https:\/\/hookahshop.lt\/et\/wp-json\/wp\/v2\/product\/18555\/revisions"}],"predecessor-version":[{"id":26172,"href":"https:\/\/hookahshop.lt\/et\/wp-json\/wp\/v2\/product\/18555\/revisions\/26172"}],"wp:featuredmedia":[{"embeddable":true,"href":"https:\/\/hookahshop.lt\/et\/wp-json\/wp\/v2\/media\/18557"}],"wp:attachment":[{"href":"https:\/\/hookahshop.lt\/et\/wp-json\/wp\/v2\/media?parent=18555"}],"curies":[{"name":"wp","href":"https:\/\/api.w.org\/{rel}","templated":true}]}}