{"id":18561,"date":"2021-01-28T21:53:07","date_gmt":"2021-01-28T19:53:07","guid":{"rendered":"https:\/\/hookahshop.lt\/?post_type=product&#038;p=18561"},"modified":"2026-04-14T23:29:10","modified_gmt":"2026-04-14T20:29:10","slug":"naturaliu-angliuku-uzkuriklis-caesar","status":"publish","type":"product","link":"https:\/\/hookahshop.lt\/et\/toode\/looduslik-susinikusuutaja-caesar\/","title":{"rendered":"Looduslik s\u00fcsinikus\u00fc\u00fctaja CAESAR"},"content":{"rendered":"<h2>Looduslik s\u00fcsinikus\u00fc\u00fctaja CAESAR<\/h2>\n<p>See aitab teil mugavalt soojendada vesipiibu s\u00fctt, mis on teistest k\u00fctteseadmetest ohutum ja \u00f6konoomne t\u00e4nu oma 800 W v\u00f5imsusele. Kompaktne ja lihtne transportida.<br \/>\nMahutavus kuni 5-6 s\u00fcsinikku suurusega kuni 26mm. S\u00fcsi kuumutatakse keskmiselt 10-12 minutit.<\/p>\n<p><strong>Tehnilised andmed:<\/strong><br \/>\nTermostaat: jah<br \/>\nV\u00f5imsus: 800 W<br \/>\nPinge: 220V<br \/>\nSagedus: 50 Hz<\/p>\n<p>M\u00f5\u00f5dud 18 \u00d7 14 \u00d7 10 cm<br \/>\nPlaadi suurus: ~ 16,5 x 3 cm<br \/>\nV\u00e4rvus must<\/p>\n<p>Kas teil on k\u00fcsimusi? v\u00f5ta meiega \u00fchendust <a href=\"https:\/\/hookahshop.lt\/et\/kontaktid\/\">kontaktide leht<\/a>\u00a0v\u00f5i saatke meile e-kiri aadressil\u00a0<a href=\"https:\/\/facebook.com\/HookahShop.lt\/\" target=\"_blank\" rel=\"noopener noreferrer\">Facebooki konto<\/a>\u00a0ja vastame teie taotlusele samal p\u00e4eval.<\/p>","protected":false},"excerpt":{"rendered":"<p>Naturaalsest s\u00f6est s\u00fc\u00fcteseade CAESAR Aitab soojendada vesipiibu s\u00fctt mugavalt, ohutumalt kui teised k\u00fctteseadmed ja \u00f6konoomne t\u00e4nu oma 800w v\u00f5imsusele. Kompaktne ja lihtne transportida. Mahutavus kuni 5-6 s\u00fcsinikku suurusega kuni 26mm. S\u00fcsi kuumutatakse keskmiselt 10-12 minutit. Tehnilised andmed: Termostaat: Jah V\u00f5imsus: 800 W Pinge: 220 V Sagedus: 50 Hz M\u00f5\u00f5tmed 18 \u00d7 14 [\u2026]<\/p>","protected":false},"featured_media":21706,"comment_status":"open","ping_status":"closed","template":"","meta":[],"_links":{"self":[{"href":"https:\/\/hookahshop.lt\/et\/wp-json\/wp\/v2\/product\/18561"}],"collection":[{"href":"https:\/\/hookahshop.lt\/et\/wp-json\/wp\/v2\/product"}],"about":[{"href":"https:\/\/hookahshop.lt\/et\/wp-json\/wp\/v2\/types\/product"}],"replies":[{"embeddable":true,"href":"https:\/\/hookahshop.lt\/et\/wp-json\/wp\/v2\/comments?post=18561"}],"version-history":[{"count":5,"href":"https:\/\/hookahshop.lt\/et\/wp-json\/wp\/v2\/product\/18561\/revisions"}],"predecessor-version":[{"id":44494,"href":"https:\/\/hookahshop.lt\/et\/wp-json\/wp\/v2\/product\/18561\/revisions\/44494"}],"wp:featuredmedia":[{"embeddable":true,"href":"https:\/\/hookahshop.lt\/et\/wp-json\/wp\/v2\/media\/21706"}],"wp:attachment":[{"href":"https:\/\/hookahshop.lt\/et\/wp-json\/wp\/v2\/media?parent=18561"}],"curies":[{"name":"wp","href":"https:\/\/api.w.org\/{rel}","templated":true}]}}