{"id":18565,"date":"2021-01-28T22:49:10","date_gmt":"2021-01-28T20:49:10","guid":{"rendered":"https:\/\/hookahshop.lt\/?post_type=product&#038;p=18565"},"modified":"2026-04-14T23:28:42","modified_gmt":"2026-04-14T20:28:42","slug":"kaljanas-aeon-vyro-one-carbon-blue","status":"publish","type":"product","link":"https:\/\/hookahshop.lt\/et\/toode\/vesipiip-aeon-vyro-one-carbon-blue\/","title":{"rendered":"Vesipiip AEON VYRO One Carbon Blue V2"},"content":{"rendered":"<h2>Vesipiibu Aeon MEN One Carbon Blue V2<\/h2>\n<p>Kvaliteetseim roostevabast terasest ja s\u00fcsinikkiust kaasaskantav vesipiip on m\u00f5eldud kasutamiseks mitte ainult reisides, vaid ka kodus. See on \u00fcks paremini kaasaskantavaid vesipiipe turul. Oma erakordse konstruktsiooni t\u00f5ttu on sellel madal raskuskese, mis muudab selle stabiilseks.<\/p>\n<p><strong>Spetsifikatsioonid:<\/strong><\/p>\n<p>K\u00f5rgus: 15 cm<br \/>\nL\u00e4bim\u00f5\u00f5t: 8 cm<br \/>\nKaal: 1,3 kg<br \/>\nMaterjal: tipptasemel roostevaba teras ja s\u00fcsinikkiud<br \/>\nP\u00e4ritoluriik: Saksamaa<\/p>\n<p><strong>Komplekti ei kuulu: voolik ja huulik.\u00a0<\/strong><\/p>\n<p>Kas teil on k\u00fcsimusi? v\u00f5ta meiega \u00fchendust\u00a0<a href=\"https:\/\/hookahshop.lt\/et\/kontaktid\/\">kontaktide leht<\/a>\u00a0v\u00f5i saatke meile e-kiri aadressil\u00a0<a href=\"https:\/\/facebook.com\/HookahShop.lt\/\" target=\"_blank\" rel=\"noopener noreferrer\">Facebooki konto<\/a>\u00a0ja vastame teie taotlusele samal p\u00e4eval.<\/p>","protected":false},"excerpt":{"rendered":"<p>Vesipiip Aeon VYRO One Carbon Blue V2 K\u00f5rgeima kvaliteediga roostevabast terasest ja s\u00fcsinikkiust kaasaskantav vesipiip, mida saab kasutada mitte ainult reisil olles, vaid ka kodus. See on \u00fcks paremaid kaasaskantavaid vesipiipu turul. T\u00e4nu oma erakordsele konstruktsioonile on sellel madal raskuskese, mis muudab selle stabiilseks. Tehnilised andmed: K\u00f5rgus: 15 cm L\u00e4bim\u00f5\u00f5t: 8 cm Kaal: 1,3 kg [\u2026]<\/p>","protected":false},"featured_media":18568,"comment_status":"open","ping_status":"closed","template":"","meta":[],"_links":{"self":[{"href":"https:\/\/hookahshop.lt\/et\/wp-json\/wp\/v2\/product\/18565"}],"collection":[{"href":"https:\/\/hookahshop.lt\/et\/wp-json\/wp\/v2\/product"}],"about":[{"href":"https:\/\/hookahshop.lt\/et\/wp-json\/wp\/v2\/types\/product"}],"replies":[{"embeddable":true,"href":"https:\/\/hookahshop.lt\/et\/wp-json\/wp\/v2\/comments?post=18565"}],"version-history":[{"count":6,"href":"https:\/\/hookahshop.lt\/et\/wp-json\/wp\/v2\/product\/18565\/revisions"}],"predecessor-version":[{"id":37534,"href":"https:\/\/hookahshop.lt\/et\/wp-json\/wp\/v2\/product\/18565\/revisions\/37534"}],"wp:featuredmedia":[{"embeddable":true,"href":"https:\/\/hookahshop.lt\/et\/wp-json\/wp\/v2\/media\/18568"}],"wp:attachment":[{"href":"https:\/\/hookahshop.lt\/et\/wp-json\/wp\/v2\/media?parent=18565"}],"curies":[{"name":"wp","href":"https:\/\/api.w.org\/{rel}","templated":true}]}}