{"id":18581,"date":"2021-01-28T23:37:21","date_gmt":"2021-01-28T21:37:21","guid":{"rendered":"https:\/\/hookahshop.lt\/?post_type=product&#038;p=18581"},"modified":"2026-04-17T23:29:43","modified_gmt":"2026-04-17T20:29:43","slug":"znyples-kaljano-anglims-target-knuckle","status":"publish","type":"product","link":"https:\/\/hookahshop.lt\/et\/toode\/tangid-vesipiibu-target-knuckle\/","title":{"rendered":"Tangid vesipiibu TARGET Knuckle"},"content":{"rendered":"<h2>Tangid vesipiibu TARGET Knuckle<\/h2>\n<p>Eksootiline ja uuenduslik disain tagab tangide mitmekesisuse kodus. Ka tangide paksus ja materjal valiti teadlikult, et tagada maksimaalne stabiilsus. See on m\u00e4rgatav ka tangide kasutamisel, mida tuleb kasutada suurema j\u00f5uga kui tavalisi s\u00f6etange.<\/p>\n<p><strong>Spetsifikatsioonid:<\/strong><br \/>\nPikkus: 23 cm<br \/>\nMaterjal: roostevaba teras<br \/>\nTootmisriik: Venemaa<\/p>\n<p>&nbsp;<\/p>\n<p>Kas teil on k\u00fcsimusi? v\u00f5ta meiega \u00fchendust\u00a0<a href=\"https:\/\/hookahshop.lt\/et\/kontaktid\/\">kontaktide leht<\/a>\u00a0v\u00f5i saatke meile e-kiri aadressil\u00a0<a href=\"https:\/\/facebook.com\/HookahShop.lt\/\" target=\"_blank\" rel=\"noopener noreferrer\">Facebooki konto<\/a>\u00a0ja vastame teie taotlusele samal p\u00e4eval.<\/p>","protected":false},"excerpt":{"rendered":"<p>Vesipiibu s\u00f6etangid TARGET Knuckle Eksootiline ja uuenduslik disain tagab tangide mitmekesisuse kodus. Ka tangide paksus ja materjal valiti teadlikult, et tagada maksimaalne stabiilsus. See on m\u00e4rgatav ka tangide kasutamisel, mida tuleb kasutada suurema j\u00f5uga kui tavalisi s\u00f6etange. Tehnilised andmed: Pikkus: 23 cm Materjal: Roostevaba teras P\u00e4ritoluriik: Venemaa [\u2026]<\/p>","protected":false},"featured_media":21695,"comment_status":"open","ping_status":"closed","template":"","meta":[],"_links":{"self":[{"href":"https:\/\/hookahshop.lt\/et\/wp-json\/wp\/v2\/product\/18581"}],"collection":[{"href":"https:\/\/hookahshop.lt\/et\/wp-json\/wp\/v2\/product"}],"about":[{"href":"https:\/\/hookahshop.lt\/et\/wp-json\/wp\/v2\/types\/product"}],"replies":[{"embeddable":true,"href":"https:\/\/hookahshop.lt\/et\/wp-json\/wp\/v2\/comments?post=18581"}],"version-history":[{"count":4,"href":"https:\/\/hookahshop.lt\/et\/wp-json\/wp\/v2\/product\/18581\/revisions"}],"predecessor-version":[{"id":44690,"href":"https:\/\/hookahshop.lt\/et\/wp-json\/wp\/v2\/product\/18581\/revisions\/44690"}],"wp:featuredmedia":[{"embeddable":true,"href":"https:\/\/hookahshop.lt\/et\/wp-json\/wp\/v2\/media\/21695"}],"wp:attachment":[{"href":"https:\/\/hookahshop.lt\/et\/wp-json\/wp\/v2\/media?parent=18581"}],"curies":[{"name":"wp","href":"https:\/\/api.w.org\/{rel}","templated":true}]}}