{"id":18586,"date":"2021-01-28T23:44:41","date_gmt":"2021-01-28T21:44:41","guid":{"rendered":"https:\/\/hookahshop.lt\/?post_type=product&#038;p=18586"},"modified":"2026-05-13T23:29:44","modified_gmt":"2026-05-13T20:29:44","slug":"znyples-kaljano-anglims-target-skull","status":"publish","type":"product","link":"https:\/\/hookahshop.lt\/et\/toode\/tangid-vesipiibu-target-skull\/","title":{"rendered":"Tangid vesipiibu TARGET Skull"},"content":{"rendered":"<p><strong>Tangid vesipiibu TARGET Skull<\/strong><\/p>\n<p>Eksootiline ja uuenduslik disain tagab tangide mitmekesisuse kodus. Ka tangide paksus ja materjal valiti teadlikult, et tagada maksimaalne stabiilsus. See on m\u00e4rgatav ka tangide kasutamisel, mida tuleb kasutada suurema j\u00f5uga kui tavalisi s\u00f6etange.<\/p>\n<p><strong>Spetsifikatsioonid:<\/strong><br \/>\nPikkus: 23 cm<br \/>\nMaterjal: roostevaba teras<br \/>\nTootmisriik: Venemaa<\/p>\n<p>&nbsp;<\/p>\n<p>Kas teil on k\u00fcsimusi? v\u00f5ta meiega \u00fchendust\u00a0<a href=\"https:\/\/hookahshop.lt\/et\/kontaktid\/\">kontaktide leht<\/a>\u00a0v\u00f5i saatke meile e-kiri aadressil\u00a0<a href=\"https:\/\/facebook.com\/HookahShop.lt\/\" target=\"_blank\" rel=\"noopener noreferrer\">Facebooki konto<\/a>\u00a0ja vastame teie taotlusele samal p\u00e4eval.<\/p>","protected":false},"excerpt":{"rendered":"<p>Tangid vesipiibu s\u00f6e jaoks TARGET Skull Eksootiline ja uuenduslik disain tagab tangide mitmekesisuse kodus. Ka tangide paksus ja materjal valiti teadlikult, et tagada maksimaalne stabiilsus. See on m\u00e4rgatav ka tangide kasutamisel, mida tuleb kasutada suurema j\u00f5uga kui tavalisi s\u00f6etange. Tehnilised andmed: Pikkus: 23 cm Materjal: Roostevaba teras P\u00e4ritoluriik: Venemaa [\u2026]<\/p>","protected":false},"featured_media":21697,"comment_status":"open","ping_status":"closed","template":"","meta":[],"_links":{"self":[{"href":"https:\/\/hookahshop.lt\/et\/wp-json\/wp\/v2\/product\/18586"}],"collection":[{"href":"https:\/\/hookahshop.lt\/et\/wp-json\/wp\/v2\/product"}],"about":[{"href":"https:\/\/hookahshop.lt\/et\/wp-json\/wp\/v2\/types\/product"}],"replies":[{"embeddable":true,"href":"https:\/\/hookahshop.lt\/et\/wp-json\/wp\/v2\/comments?post=18586"}],"version-history":[{"count":3,"href":"https:\/\/hookahshop.lt\/et\/wp-json\/wp\/v2\/product\/18586\/revisions"}],"predecessor-version":[{"id":27522,"href":"https:\/\/hookahshop.lt\/et\/wp-json\/wp\/v2\/product\/18586\/revisions\/27522"}],"wp:featuredmedia":[{"embeddable":true,"href":"https:\/\/hookahshop.lt\/et\/wp-json\/wp\/v2\/media\/21697"}],"wp:attachment":[{"href":"https:\/\/hookahshop.lt\/et\/wp-json\/wp\/v2\/media?parent=18586"}],"curies":[{"name":"wp","href":"https:\/\/api.w.org\/{rel}","templated":true}]}}