{"id":18596,"date":"2021-01-29T00:26:32","date_gmt":"2021-01-28T22:26:32","guid":{"rendered":"https:\/\/hookahshop.lt\/?post_type=product&#038;p=18596"},"modified":"2026-04-19T23:29:04","modified_gmt":"2026-04-19T20:29:04","slug":"kaljano-anglies-laikiklis-al-mani","status":"publish","type":"product","link":"https:\/\/hookahshop.lt\/et\/toode\/vesipiibu-susinikuhoidja-al-mani\/","title":{"rendered":"Vesipiibu s\u00fcsinikuhoidja AL-MANI"},"content":{"rendered":"<h2>Vesipiibu s\u00fcsinikuhoidja AL-MANI<\/h2>\n<p>M\u00f5eldud kivis\u00f6e turvaliseks hoidmiseks \u00fches kohas. Tangide hoidmiseks on tehtud eraldi sahtel.<\/p>\n<p>V\u00e4rv: h\u00f5bedane<br \/>\nK\u00f5rgus: 13 cm<br \/>\nL\u00e4bim\u00f5\u00f5t: 8 cm<br \/>\nTootmisriik: Saksamaa<\/p>\n<p>Kas teil on k\u00fcsimusi? v\u00f5ta meiega \u00fchendust\u00a0<a href=\"https:\/\/hookahshop.lt\/et\/kontaktid\/\">kontaktide leht<\/a>\u00a0v\u00f5i saatke meile e-kiri aadressil\u00a0<a href=\"https:\/\/facebook.com\/HookahShop.lt\/\" target=\"_blank\" rel=\"noopener noreferrer\">Facebooki konto<\/a>\u00a0ja vastame teie taotlusele samal p\u00e4eval.<\/p>","protected":false},"excerpt":{"rendered":"<p>Vesipiibu s\u00fcsinikuhoidik AL-MANI M\u00f5eldud kivis\u00f6e turvaliseks hoidmiseks \u00fches kohas. Tangide hoidmiseks on tehtud eraldi sahtel. V\u00e4rvus: h\u00f5bedane K\u00f5rgus: 13 cm L\u00e4bim\u00f5\u00f5t: 8 cm Tootja Riik: Saksamaa K\u00fcsimused? V\u00f5tke meiega \u00fchendust kontaktide lehel v\u00f5i kirjutage meile oma Facebooki kontol ja vastame teie p\u00e4ringule samal p\u00e4eval.<\/p>","protected":false},"featured_media":18597,"comment_status":"open","ping_status":"closed","template":"","meta":[],"_links":{"self":[{"href":"https:\/\/hookahshop.lt\/et\/wp-json\/wp\/v2\/product\/18596"}],"collection":[{"href":"https:\/\/hookahshop.lt\/et\/wp-json\/wp\/v2\/product"}],"about":[{"href":"https:\/\/hookahshop.lt\/et\/wp-json\/wp\/v2\/types\/product"}],"replies":[{"embeddable":true,"href":"https:\/\/hookahshop.lt\/et\/wp-json\/wp\/v2\/comments?post=18596"}],"version-history":[{"count":4,"href":"https:\/\/hookahshop.lt\/et\/wp-json\/wp\/v2\/product\/18596\/revisions"}],"predecessor-version":[{"id":29333,"href":"https:\/\/hookahshop.lt\/et\/wp-json\/wp\/v2\/product\/18596\/revisions\/29333"}],"wp:featuredmedia":[{"embeddable":true,"href":"https:\/\/hookahshop.lt\/et\/wp-json\/wp\/v2\/media\/18597"}],"wp:attachment":[{"href":"https:\/\/hookahshop.lt\/et\/wp-json\/wp\/v2\/media?parent=18596"}],"curies":[{"name":"wp","href":"https:\/\/api.w.org\/{rel}","templated":true}]}}