{"id":18638,"date":"2021-01-29T20:16:11","date_gmt":"2021-01-29T18:16:11","guid":{"rendered":"https:\/\/hookahshop.lt\/?post_type=product&#038;p=18638"},"modified":"2026-04-18T23:28:52","modified_gmt":"2026-04-18T20:28:52","slug":"kaljano-priedu-rinkinys-promo","status":"publish","type":"product","link":"https:\/\/hookahshop.lt\/et\/toode\/vesipiibutarvikute-komplekt-promo\/","title":{"rendered":"Vesipiibutarvikute komplekt PROMO"},"content":{"rendered":"<h2>Vesipiibutarvikute komplekt PROMO<\/h2>\n<p>See on komplekt, kust leiate: tassi ja kuumakambri vesipiibu armastajatele, kes soovivad seda v\u00e4lja vahetada - vana tass uue vastu ja foolium kuumakambrile.<\/p>\n<p><strong>Tarvikute komplekt koosneb:<\/strong><br \/>\nKarikas<br \/>\nSoojuskamber<\/p>\n<p>* Toote v\u00e4limus ja br\u00e4nd v\u00f5ivad erineda joonisel n\u00e4idatust.<\/p>\n<p>Kas teil on k\u00fcsimusi? v\u00f5ta meiega \u00fchendust\u00a0<a href=\"https:\/\/hookahshop.lt\/et\/kontaktid\/\">kontaktide leht<\/a>\u00a0v\u00f5i saatke meile e-kiri aadressil\u00a0<a href=\"https:\/\/facebook.com\/HookahShop.lt\/\" target=\"_blank\" rel=\"noopener noreferrer\">Facebooki konto<\/a>\u00a0ja vastame teie taotlusele samal p\u00e4eval.<\/p>","protected":false},"excerpt":{"rendered":"<p>Vesipiibu tarvikute komplekt PROMO See on komplekt, kust leiad: tassi ja kuumakambri vesipiibu armastajatele, kes soovivad v\u00e4lja vahetada - vana tass uuega ja foolium kuumakambrisse. Lisatarvikute komplekt koosneb: Cup Heat kamber * Toote v\u00e4limus ja kaubam\u00e4rk v\u00f5ivad erineda joonisel n\u00e4idatust. Kas teil on k\u00fcsimusi? V\u00f5tke meiega \u00fchendust kontaktide lehel v\u00f5i kirjutage meile oma Facebooki kontol ja me vastame [\u2026]<\/p>","protected":false},"featured_media":18762,"comment_status":"open","ping_status":"closed","template":"","meta":[],"_links":{"self":[{"href":"https:\/\/hookahshop.lt\/et\/wp-json\/wp\/v2\/product\/18638"}],"collection":[{"href":"https:\/\/hookahshop.lt\/et\/wp-json\/wp\/v2\/product"}],"about":[{"href":"https:\/\/hookahshop.lt\/et\/wp-json\/wp\/v2\/types\/product"}],"replies":[{"embeddable":true,"href":"https:\/\/hookahshop.lt\/et\/wp-json\/wp\/v2\/comments?post=18638"}],"version-history":[{"count":8,"href":"https:\/\/hookahshop.lt\/et\/wp-json\/wp\/v2\/product\/18638\/revisions"}],"predecessor-version":[{"id":33542,"href":"https:\/\/hookahshop.lt\/et\/wp-json\/wp\/v2\/product\/18638\/revisions\/33542"}],"wp:featuredmedia":[{"embeddable":true,"href":"https:\/\/hookahshop.lt\/et\/wp-json\/wp\/v2\/media\/18762"}],"wp:attachment":[{"href":"https:\/\/hookahshop.lt\/et\/wp-json\/wp\/v2\/media?parent=18638"}],"curies":[{"name":"wp","href":"https:\/\/api.w.org\/{rel}","templated":true}]}}