{"id":18639,"date":"2021-01-29T20:30:23","date_gmt":"2021-01-29T18:30:23","guid":{"rendered":"https:\/\/hookahshop.lt\/?post_type=product&#038;p=18639"},"modified":"2026-04-06T23:29:14","modified_gmt":"2026-04-06T20:29:14","slug":"taurele-kaljanui-smokelab-phunnel-moon","status":"publish","type":"product","link":"https:\/\/hookahshop.lt\/et\/toode\/tass-vesipiip-smokelab-phunnel-moon\/","title":{"rendered":"Tass vesipiibule SMOKELAB Phunnel Moon"},"content":{"rendered":"<h2>Tass vesipiibule SMOKELAB Phunnel Moon<\/h2>\n<p>Piisavalt suur savist valmistatud Phunnel-t\u00fc\u00fcpi tass, kujunduselt sarnane kuuga. Sobib kasutamiseks nii kuumakambri kui fooliumiga.<\/p>\n<p>Spetsifikatsioonid:<br \/>\nT\u00fc\u00fcp: Phunnel<br \/>\nMaterjal: savi<br \/>\nVesipiibu segu maht: 16-23 g.<br \/>\nK\u00f5rgus: 10,5 cm<br \/>\nL\u00e4bim\u00f5\u00f5t (v\u00e4limine): 7,6 cm<br \/>\nL\u00e4bim\u00f5\u00f5t (sisemine): 6,9 cm<br \/>\nS\u00fcgavus: 1,4 cm<br \/>\nAukude arv: 1 tk<br \/>\nKaal: umbes 175 g.<br \/>\nP\u00e4ritoluriik: Venemaa<\/p>\n<p>Kas teil on k\u00fcsimusi? v\u00f5ta meiega \u00fchendust\u00a0<a href=\"https:\/\/hookahshop.lt\/et\/kontaktid\/\">kontaktide leht<\/a>\u00a0v\u00f5i saatke meile e-kiri aadressil\u00a0<a href=\"https:\/\/facebook.com\/HookahShop.lt\/\" target=\"_blank\" rel=\"noopener noreferrer\">Facebooki konto<\/a>\u00a0ja vastame teie taotlusele samal p\u00e4eval.<\/p>\n<p>&nbsp;<\/p>","protected":false},"excerpt":{"rendered":"<p>Vesipiibu tass SMOKELAB Phunnel Moon Piisavalt suur savist valmistatud Phunnel t\u00fc\u00fcpi tass, mis on konstruktsioonilt sarnane kuuga. Sobib kasutamiseks nii kuumakambri kui fooliumiga. Tehnilised andmed: Liigid: Phunnel Materjal: Savi Vesipiibu segu maht: 16-23 g. K\u00f5rgus: 10,5 cm L\u00e4bim\u00f5\u00f5t (v\u00e4limine): 7,6 cm L\u00e4bim\u00f5\u00f5t (sisemine): 6,9 cm S\u00fcgavus: 1,4 cm Aukude arv: 1 tk Kaal: [\u2026]<\/p>","protected":false},"featured_media":18645,"comment_status":"open","ping_status":"closed","template":"","meta":[],"_links":{"self":[{"href":"https:\/\/hookahshop.lt\/et\/wp-json\/wp\/v2\/product\/18639"}],"collection":[{"href":"https:\/\/hookahshop.lt\/et\/wp-json\/wp\/v2\/product"}],"about":[{"href":"https:\/\/hookahshop.lt\/et\/wp-json\/wp\/v2\/types\/product"}],"replies":[{"embeddable":true,"href":"https:\/\/hookahshop.lt\/et\/wp-json\/wp\/v2\/comments?post=18639"}],"version-history":[{"count":3,"href":"https:\/\/hookahshop.lt\/et\/wp-json\/wp\/v2\/product\/18639\/revisions"}],"predecessor-version":[{"id":39816,"href":"https:\/\/hookahshop.lt\/et\/wp-json\/wp\/v2\/product\/18639\/revisions\/39816"}],"wp:featuredmedia":[{"embeddable":true,"href":"https:\/\/hookahshop.lt\/et\/wp-json\/wp\/v2\/media\/18645"}],"wp:attachment":[{"href":"https:\/\/hookahshop.lt\/et\/wp-json\/wp\/v2\/media?parent=18639"}],"curies":[{"name":"wp","href":"https:\/\/api.w.org\/{rel}","templated":true}]}}