{"id":18643,"date":"2021-01-29T20:37:51","date_gmt":"2021-01-29T18:37:51","guid":{"rendered":"https:\/\/hookahshop.lt\/?post_type=product&#038;p=18643"},"modified":"2026-04-19T23:29:07","modified_gmt":"2026-04-19T20:29:07","slug":"kaljano-priedu-rinkinys-startinis","status":"publish","type":"product","link":"https:\/\/hookahshop.lt\/et\/toode\/vesipiibutarvikute-komplekt-start\/","title":{"rendered":"Vesipiibutarvikute komplekt START"},"content":{"rendered":"<h2>Vesipiibutarvikute komplekt START<\/h2>\n<p>See on komplekt, kust leiate: tassi, kuumutuskambri, 1kg naturaalset kookoss\u00fctt, elektripliidi vesipiibu s\u00f6e p\u00f5letamiseks, tangid ja s\u00f5ela, mis kaitseb allakukkuvate kuumade s\u00f6e eest.<\/p>\n<p><strong>Tarvikute komplekt koosneb:<\/strong><br \/>\nKarikas<br \/>\nSoojuskamber<br \/>\nLooduslik koksis\u00fcsi 1kg<br \/>\nElektriline pliit vesipiibus\u00f6ele<br \/>\nTangid<br \/>\nSeattle<\/p>\n<p>* Toote v\u00e4limus ja br\u00e4nd v\u00f5ivad erineda joonisel n\u00e4idatust.<\/p>\n<p>Kas teil on k\u00fcsimusi? v\u00f5ta meiega \u00fchendust\u00a0<a href=\"https:\/\/hookahshop.lt\/et\/kontaktid\/\">kontaktide leht<\/a>\u00a0v\u00f5i saatke meile e-kiri aadressil\u00a0<a href=\"https:\/\/facebook.com\/HookahShop.lt\/\" target=\"_blank\" rel=\"noopener noreferrer\">Facebooki konto<\/a>\u00a0ja vastame teie taotlusele samal p\u00e4eval.<\/p>","protected":false},"excerpt":{"rendered":"<p>Vesipiibu tarvikute komplekt START See on komplekt, mis sisaldab: tassi, kuumutuskambrit, 1kg naturaalset kookoss\u00fctt, elektripliiti vesipiibu s\u00f6e p\u00f5letamiseks, tange ja s\u00f5ela, mis kaitseb kuuma s\u00f6e kukkumise eest. Tarvikute komplekt koosneb: Tass Heat kamber Naturaalne kookoss\u00fcsi 1kg Elektripliit konksude p\u00f5letamiseks Tangid S\u00f5el * Toote v\u00e4limus ja kaubam\u00e4rk v\u00f5ivad erineda pildil n\u00e4idatust. [\u2026]<\/p>","protected":false},"featured_media":18763,"comment_status":"open","ping_status":"closed","template":"","meta":[],"_links":{"self":[{"href":"https:\/\/hookahshop.lt\/et\/wp-json\/wp\/v2\/product\/18643"}],"collection":[{"href":"https:\/\/hookahshop.lt\/et\/wp-json\/wp\/v2\/product"}],"about":[{"href":"https:\/\/hookahshop.lt\/et\/wp-json\/wp\/v2\/types\/product"}],"replies":[{"embeddable":true,"href":"https:\/\/hookahshop.lt\/et\/wp-json\/wp\/v2\/comments?post=18643"}],"version-history":[{"count":8,"href":"https:\/\/hookahshop.lt\/et\/wp-json\/wp\/v2\/product\/18643\/revisions"}],"predecessor-version":[{"id":44520,"href":"https:\/\/hookahshop.lt\/et\/wp-json\/wp\/v2\/product\/18643\/revisions\/44520"}],"wp:featuredmedia":[{"embeddable":true,"href":"https:\/\/hookahshop.lt\/et\/wp-json\/wp\/v2\/media\/18763"}],"wp:attachment":[{"href":"https:\/\/hookahshop.lt\/et\/wp-json\/wp\/v2\/media?parent=18643"}],"curies":[{"name":"wp","href":"https:\/\/api.w.org\/{rel}","templated":true}]}}