{"id":18653,"date":"2021-01-29T20:46:10","date_gmt":"2021-01-29T18:46:10","guid":{"rendered":"https:\/\/hookahshop.lt\/?post_type=product&#038;p=18653"},"modified":"2026-04-17T23:29:25","modified_gmt":"2026-04-17T20:29:25","slug":"kaljano-priedu-rinkinys-maksimalus","status":"publish","type":"product","link":"https:\/\/hookahshop.lt\/et\/toode\/vesipiibutarvikute-komplekt-maksimum\/","title":{"rendered":"Vesipiibutarvikute komplekt MAXIMUM"},"content":{"rendered":"<h2>Vesipiibutarvikute komplekt MAXIMUM<\/h2>\n<p>See on komplekt, kust leiate: tassi, kuumutuskambri, 1kg naturaalset kookoss\u00fctt, elektripliidi vesipiibu s\u00f6e p\u00f5letamiseks, tangid ja s\u00f5ela, mis kaitseb allakukkuvate s\u00f6e eest, s\u00f6ealuse ja 100 \u00fchekordset huulikut.<\/p>\n<p><strong>Tarvikute komplekt koosneb:<\/strong><br \/>\nKarikas<br \/>\nSoojuskamber<br \/>\nLooduslik koksis\u00fcsi 1kg<br \/>\nElektriline pliit vesipiibus\u00f6ele<br \/>\nTangid<br \/>\nSeattle<br \/>\nS\u00f6e ladustamine<br \/>\n\u00dchekordsed huulikud 100 tk.<\/p>\n<p>* Toote v\u00e4limus ja br\u00e4nd v\u00f5ivad erineda joonisel n\u00e4idatust.<\/p>\n<p>Kas teil on k\u00fcsimusi? v\u00f5ta meiega \u00fchendust\u00a0<a href=\"https:\/\/hookahshop.lt\/et\/kontaktid\/\">kontaktide leht<\/a>\u00a0v\u00f5i saatke meile e-kiri aadressil\u00a0<a href=\"https:\/\/facebook.com\/HookahShop.lt\/\" target=\"_blank\" rel=\"noopener noreferrer\">Facebooki konto<\/a>\u00a0ja vastame teie taotlusele samal p\u00e4eval.<\/p>","protected":false},"excerpt":{"rendered":"<p>Vesipiibu tarvikute komplekt MAXIMUM See on komplekt, mis sisaldab: tassi, kuumutuskambrit, 1kg naturaalset kookoss\u00fctt, elektrilist pliidiplaati vesipiibu s\u00f6e p\u00f5letamiseks, tangid ja s\u00f5el, mis takistab kuuma s\u00f6e kukkumist, s\u00f6ealus ja 100 \u00fchekordset huulikut . Lisatarvikute komplekt koosneb: Tassi Kuumutuskamber Naturaalne kookoss\u00fcsi 1kg Elektriline pliit s\u00f6etangide haakimiseks S\u00f5el S\u00f6e konteiner \u00dchekordne [\u2026]<\/p>","protected":false},"featured_media":18764,"comment_status":"open","ping_status":"closed","template":"","meta":[],"_links":{"self":[{"href":"https:\/\/hookahshop.lt\/et\/wp-json\/wp\/v2\/product\/18653"}],"collection":[{"href":"https:\/\/hookahshop.lt\/et\/wp-json\/wp\/v2\/product"}],"about":[{"href":"https:\/\/hookahshop.lt\/et\/wp-json\/wp\/v2\/types\/product"}],"replies":[{"embeddable":true,"href":"https:\/\/hookahshop.lt\/et\/wp-json\/wp\/v2\/comments?post=18653"}],"version-history":[{"count":6,"href":"https:\/\/hookahshop.lt\/et\/wp-json\/wp\/v2\/product\/18653\/revisions"}],"predecessor-version":[{"id":32793,"href":"https:\/\/hookahshop.lt\/et\/wp-json\/wp\/v2\/product\/18653\/revisions\/32793"}],"wp:featuredmedia":[{"embeddable":true,"href":"https:\/\/hookahshop.lt\/et\/wp-json\/wp\/v2\/media\/18764"}],"wp:attachment":[{"href":"https:\/\/hookahshop.lt\/et\/wp-json\/wp\/v2\/media?parent=18653"}],"curies":[{"name":"wp","href":"https:\/\/api.w.org\/{rel}","templated":true}]}}