{"id":18665,"date":"2021-01-29T20:59:18","date_gmt":"2021-01-29T18:59:18","guid":{"rendered":"https:\/\/hookahshop.lt\/?post_type=product&#038;p=18665"},"modified":"2026-04-19T23:29:07","modified_gmt":"2026-04-19T20:29:07","slug":"kaljano-priedu-rinkinys-kelioninis-plius","status":"publish","type":"product","link":"https:\/\/hookahshop.lt\/et\/toode\/vesipiibutarvikute-komplekt-travel-pluss\/","title":{"rendered":"Vesipiibutarvikute komplekt TRAVEL PLUS"},"content":{"rendered":"<h2>Vesipiibutarvikute komplekt TRAVEL PLUS<\/h2>\n<p>See on komplekt, kust leiate: tassi, kuumakambri, 1kg naturaalset kookoss\u00fctt, matkapliidi vesipiibu s\u00f6e p\u00f5letamiseks, gaasiballooni ja 100 \u00fchekordset huulikut.<\/p>\n<p><strong>Tarvikute komplekt koosneb:<\/strong><br \/>\nKarikas<br \/>\nSoojuskamber<br \/>\nLooduslik koksis\u00fcsi 1kg.<br \/>\nMatkapliit vesipiibu s\u00f6e p\u00f5letamiseks<br \/>\nGaasiballoon<br \/>\n\u00dchekordsed huulikud 100 tk.<\/p>\n<p>* Toote v\u00e4limus ja br\u00e4nd v\u00f5ivad erineda joonisel n\u00e4idatust.<\/p>\n<p>Kas teil on k\u00fcsimusi? v\u00f5ta meiega \u00fchendust\u00a0<a href=\"https:\/\/hookahshop.lt\/et\/kontaktid\/\">kontaktide leht<\/a>\u00a0v\u00f5i saatke meile e-kiri aadressil\u00a0<a href=\"https:\/\/facebook.com\/HookahShop.lt\/\" target=\"_blank\" rel=\"noopener noreferrer\">Facebooki konto<\/a>\u00a0ja vastame teie taotlusele samal p\u00e4eval.<\/p>","protected":false},"excerpt":{"rendered":"<p>Vesipiibu tarvikute komplekt TRAVEL PLUS Sellesse komplekti kuuluvad: tass, kuumutuskamber, 1kg naturaalset kookoss\u00fctt, matkapliit vesipiibu s\u00f6e p\u00f5letamiseks, gaasikann ja 100 \u00fchekordset huulikut. Tarvikute komplekt koosneb: Cup Heat kamber Naturaalne kookoss\u00fcsi 1kg. Matkapliit konksude p\u00f5letamiseks Gaasiballoon \u00dchekordsed huulikud 100 tk. * Toote v\u00e4limus ja br\u00e4nd v\u00f5ivad [\u2026]<\/p>","protected":false},"featured_media":18768,"comment_status":"open","ping_status":"closed","template":"","meta":[],"_links":{"self":[{"href":"https:\/\/hookahshop.lt\/et\/wp-json\/wp\/v2\/product\/18665"}],"collection":[{"href":"https:\/\/hookahshop.lt\/et\/wp-json\/wp\/v2\/product"}],"about":[{"href":"https:\/\/hookahshop.lt\/et\/wp-json\/wp\/v2\/types\/product"}],"replies":[{"embeddable":true,"href":"https:\/\/hookahshop.lt\/et\/wp-json\/wp\/v2\/comments?post=18665"}],"version-history":[{"count":7,"href":"https:\/\/hookahshop.lt\/et\/wp-json\/wp\/v2\/product\/18665\/revisions"}],"predecessor-version":[{"id":32792,"href":"https:\/\/hookahshop.lt\/et\/wp-json\/wp\/v2\/product\/18665\/revisions\/32792"}],"wp:featuredmedia":[{"embeddable":true,"href":"https:\/\/hookahshop.lt\/et\/wp-json\/wp\/v2\/media\/18768"}],"wp:attachment":[{"href":"https:\/\/hookahshop.lt\/et\/wp-json\/wp\/v2\/media?parent=18665"}],"curies":[{"name":"wp","href":"https:\/\/api.w.org\/{rel}","templated":true}]}}