{"id":18669,"date":"2021-01-29T21:03:28","date_gmt":"2021-01-29T19:03:28","guid":{"rendered":"https:\/\/hookahshop.lt\/?post_type=product&#038;p=18669"},"modified":"2026-04-14T23:29:00","modified_gmt":"2026-04-14T20:29:00","slug":"kaljano-priedu-rinkinys-valymas","status":"publish","type":"product","link":"https:\/\/hookahshop.lt\/et\/toode\/vesipiibutarvikute-komplekt-cleaning\/","title":{"rendered":"Vesipiibutarvikute komplekt CLEANING"},"content":{"rendered":"<h2>Vesipiibutarvikute komplekt CLEANING<\/h2>\n<p>See on komplekt, mis sisaldab: harja vesipiibu kolvi puhastamiseks, Schmand WEG puhastusvahendeid ja harja vesipiibu varre puhastamiseks.<\/p>\n<p><strong>Tarvikute komplekt koosneb:<\/strong><br \/>\nPintsel vesipiibu kolvi jaoks<br \/>\nSchmand WEG puhastusvahendid<br \/>\nPintsel vesipiibu varre jaoks<\/p>\n<p>* Toote v\u00e4limus ja br\u00e4nd v\u00f5ivad erineda joonisel n\u00e4idatust.<\/p>\n<p>Kas teil on k\u00fcsimusi? v\u00f5ta meiega \u00fchendust\u00a0<a href=\"https:\/\/hookahshop.lt\/et\/kontaktid\/\">kontaktide leht<\/a>\u00a0v\u00f5i saatke meile e-kiri aadressil\u00a0<a href=\"https:\/\/facebook.com\/HookahShop.lt\/\" target=\"_blank\" rel=\"noopener noreferrer\">Facebooki konto<\/a>\u00a0ja vastame teie taotlusele samal p\u00e4eval.<\/p>","protected":false},"excerpt":{"rendered":"<p>Vesipiibu tarvikute komplekt PUHASTAMINE See komplekt sisaldab: harja vesipiibu kolvi puhastamiseks, Schmand WEG puhastusvahendeid ja harja vesipiibu varre puhastamiseks. Lisatarvikute komplekt koosneb: Pintsel vesipiibu kolvi jaoks Schmand WEG puhastusvahendid Hari konksu jaoks * Toote v\u00e4limus ja kaubam\u00e4rk v\u00f5ivad erineda joonisel n\u00e4idatust. Kas teil on k\u00fcsimusi? V\u00f5tke meiega \u00fchendust kontaktide lehel v\u00f5i kirjutage meile oma Facebooki kontol ja me vastame [\u2026]<\/p>","protected":false},"featured_media":26018,"comment_status":"open","ping_status":"closed","template":"","meta":[],"_links":{"self":[{"href":"https:\/\/hookahshop.lt\/et\/wp-json\/wp\/v2\/product\/18669"}],"collection":[{"href":"https:\/\/hookahshop.lt\/et\/wp-json\/wp\/v2\/product"}],"about":[{"href":"https:\/\/hookahshop.lt\/et\/wp-json\/wp\/v2\/types\/product"}],"replies":[{"embeddable":true,"href":"https:\/\/hookahshop.lt\/et\/wp-json\/wp\/v2\/comments?post=18669"}],"version-history":[{"count":7,"href":"https:\/\/hookahshop.lt\/et\/wp-json\/wp\/v2\/product\/18669\/revisions"}],"predecessor-version":[{"id":41706,"href":"https:\/\/hookahshop.lt\/et\/wp-json\/wp\/v2\/product\/18669\/revisions\/41706"}],"wp:featuredmedia":[{"embeddable":true,"href":"https:\/\/hookahshop.lt\/et\/wp-json\/wp\/v2\/media\/26018"}],"wp:attachment":[{"href":"https:\/\/hookahshop.lt\/et\/wp-json\/wp\/v2\/media?parent=18669"}],"curies":[{"name":"wp","href":"https:\/\/api.w.org\/{rel}","templated":true}]}}