{"id":18711,"date":"2021-01-29T22:28:42","date_gmt":"2021-01-29T20:28:42","guid":{"rendered":"https:\/\/hookahshop.lt\/?post_type=product&#038;p=18711"},"modified":"2026-04-14T23:28:40","modified_gmt":"2026-04-14T20:28:40","slug":"yla-kaljano-tabakui-maklaud-har","status":"publish","type":"product","link":"https:\/\/hookahshop.lt\/et\/toode\/yla-tubakas-maklaud-har\/","title":{"rendered":"Yla tubakas MAKLAUD Har"},"content":{"rendered":"<h2>Yla tubakas MAKLAUD Har<\/h2>\n<p>Yla on vajalik aksessuaar mugavaks t\u00f6\u00f6ks tassi ja vesipiibu seguga. See mahub mugavalt k\u00e4tte.<\/p>\n<p>Spetsifikatsioonid:<br \/>\nPikkus: 13 cm<br \/>\nL\u00e4bim\u00f5\u00f5t: 8 mm<br \/>\nMaterjal: teras<\/p>\n<p>&nbsp;<\/p>\n<p>Kas teil on k\u00fcsimusi? v\u00f5ta meiega \u00fchendust\u00a0<a href=\"https:\/\/hookahshop.lt\/et\/kontaktid\/\">kontaktide leht<\/a>\u00a0v\u00f5i saatke meile e-kiri aadressil\u00a0<a href=\"https:\/\/facebook.com\/HookahShop.lt\/\" target=\"_blank\" rel=\"noopener noreferrer\">Facebooki konto<\/a>\u00a0ja vastame teie taotlusele samal p\u00e4eval.<\/p>","protected":false},"excerpt":{"rendered":"<p>Yla vesipiip tubakale MAKLAUD Har Yla on h\u00e4davajalik tarvik mugavaks tassi ja vesipiibuseguga t\u00f6\u00f6tamiseks. See mahub mugavalt k\u00e4tte. Tehnilised andmed: Pikkus: 13 cm L\u00e4bim\u00f5\u00f5t: 8 mm Materjal: Teras K\u00fcsimused? V\u00f5tke meiega \u00fchendust kontaktide lehel v\u00f5i kirjutage meile oma Facebooki kontol ja vastame teie p\u00e4ringule samal p\u00e4eval.<\/p>","protected":false},"featured_media":18731,"comment_status":"open","ping_status":"closed","template":"","meta":[],"_links":{"self":[{"href":"https:\/\/hookahshop.lt\/et\/wp-json\/wp\/v2\/product\/18711"}],"collection":[{"href":"https:\/\/hookahshop.lt\/et\/wp-json\/wp\/v2\/product"}],"about":[{"href":"https:\/\/hookahshop.lt\/et\/wp-json\/wp\/v2\/types\/product"}],"replies":[{"embeddable":true,"href":"https:\/\/hookahshop.lt\/et\/wp-json\/wp\/v2\/comments?post=18711"}],"version-history":[{"count":2,"href":"https:\/\/hookahshop.lt\/et\/wp-json\/wp\/v2\/product\/18711\/revisions"}],"predecessor-version":[{"id":29601,"href":"https:\/\/hookahshop.lt\/et\/wp-json\/wp\/v2\/product\/18711\/revisions\/29601"}],"wp:featuredmedia":[{"embeddable":true,"href":"https:\/\/hookahshop.lt\/et\/wp-json\/wp\/v2\/media\/18731"}],"wp:attachment":[{"href":"https:\/\/hookahshop.lt\/et\/wp-json\/wp\/v2\/media?parent=18711"}],"curies":[{"name":"wp","href":"https:\/\/api.w.org\/{rel}","templated":true}]}}