{"id":18734,"date":"2021-01-29T23:23:41","date_gmt":"2021-01-29T21:23:41","guid":{"rendered":"https:\/\/hookahshop.lt\/?post_type=product&#038;p=18734"},"modified":"2026-04-17T16:33:17","modified_gmt":"2026-04-17T13:33:17","slug":"tarpine-kaljano-kolbai-al-mani-4-cm-balta","status":"publish","type":"product","link":"https:\/\/hookahshop.lt\/et\/toode\/vesipiibukolvi-tihend-al-mani-4-cm-valge\/","title":{"rendered":"Vesipiibukolvi tihend AL-MANI 4cm Valge"},"content":{"rendered":"<h2>Vesipiibukolvi tihend AL-MANI 4cm Valge<\/h2>\n<p>Ideaalne suurus, mis sobib enamiku vesipiipudega. Need ei libise ega kuku katte t\u00f5ttu maha. Kvaliteetne silikoon ja tootmine m\u00f5jutavad nende tihendite vastupidavust.<\/p>\n<p>Spetsifikatsioonid:<br \/>\nV\u00e4lisl\u00e4bim\u00f5\u00f5t: 4 cm<br \/>\nSisel\u00e4bim\u00f5\u00f5t: 3,4 cm<br \/>\nKaal: umbes 15 g.<\/p>\n<p>Kas teil on k\u00fcsimusi? v\u00f5ta meiega \u00fchendust\u00a0<a href=\"https:\/\/hookahshop.lt\/et\/kontaktid\/\">kontaktide leht<\/a>\u00a0v\u00f5i saatke meile e-kiri aadressil\u00a0<a href=\"https:\/\/facebook.com\/HookahShop.lt\/\" target=\"_blank\" rel=\"noopener noreferrer\">Facebooki konto<\/a>\u00a0ja vastame teie taotlusele samal p\u00e4eval.<\/p>","protected":false},"excerpt":{"rendered":"<p>Tihend vesipiibu kolvile AL-MANI 4 cm Valge Ideaalne suurus, mis sobib enamiku vesipiipudega. Need ei libise ega kuku pinnalt maha. Kvaliteetne silikoon ja tootmine m\u00f5jutavad nende tihendite pikaealisust. Tehnilised andmed: V\u00e4lisl\u00e4bim\u00f5\u00f5t: 4 cm Sisemine l\u00e4bim\u00f5\u00f5t: 3,4 cm Kaal: umbes 15 g. Kas teil on k\u00fcsimusi? V\u00f5tke meiega \u00fchendust kontaktide lehel v\u00f5i kirjutage meile oma Facebooki kontol ja me vastame teie p\u00e4ringule [\u2026]<\/p>","protected":false},"featured_media":18746,"comment_status":"open","ping_status":"closed","template":"","meta":[],"_links":{"self":[{"href":"https:\/\/hookahshop.lt\/et\/wp-json\/wp\/v2\/product\/18734"}],"collection":[{"href":"https:\/\/hookahshop.lt\/et\/wp-json\/wp\/v2\/product"}],"about":[{"href":"https:\/\/hookahshop.lt\/et\/wp-json\/wp\/v2\/types\/product"}],"replies":[{"embeddable":true,"href":"https:\/\/hookahshop.lt\/et\/wp-json\/wp\/v2\/comments?post=18734"}],"version-history":[{"count":5,"href":"https:\/\/hookahshop.lt\/et\/wp-json\/wp\/v2\/product\/18734\/revisions"}],"predecessor-version":[{"id":29566,"href":"https:\/\/hookahshop.lt\/et\/wp-json\/wp\/v2\/product\/18734\/revisions\/29566"}],"wp:featuredmedia":[{"embeddable":true,"href":"https:\/\/hookahshop.lt\/et\/wp-json\/wp\/v2\/media\/18746"}],"wp:attachment":[{"href":"https:\/\/hookahshop.lt\/et\/wp-json\/wp\/v2\/media?parent=18734"}],"curies":[{"name":"wp","href":"https:\/\/api.w.org\/{rel}","templated":true}]}}