{"id":18750,"date":"2021-01-29T23:51:23","date_gmt":"2021-01-29T21:51:23","guid":{"rendered":"https:\/\/hookahshop.lt\/?post_type=product&#038;p=18750"},"modified":"2026-04-07T23:29:23","modified_gmt":"2026-04-07T20:29:23","slug":"tarpine-kaljano-kolbai-balta","status":"publish","type":"product","link":"https:\/\/hookahshop.lt\/et\/toode\/vesipiibukolvi-tihend-valge\/","title":{"rendered":"Vesipiibukolvi tihend Valge"},"content":{"rendered":"<h2>Vesipiibukolvi tihend Valge<\/h2>\n<p>Ideaalne suurus, mis sobib enamiku vesipiipudega. Need ei libise ega kuku katte t\u00f5ttu maha. Kvaliteetne silikoon ja tootmine m\u00f5jutavad nende tihendite vastupidavust.<\/p>\n<p><strong>Spetsifikatsioonid:<\/strong><br \/>\nV\u00e4lisl\u00e4bim\u00f5\u00f5t: 40 mm<br \/>\nSisel\u00e4bim\u00f5\u00f5t: 36 mm<br \/>\nKaal: umbes 11 g.<\/p>\n<p>Kas teil on k\u00fcsimusi? v\u00f5ta meiega \u00fchendust\u00a0<a href=\"https:\/\/hookahshop.lt\/et\/kontaktid\/\">kontaktide leht<\/a>\u00a0v\u00f5i saatke meile e-kiri aadressil\u00a0<a href=\"https:\/\/facebook.com\/HookahShop.lt\/\" target=\"_blank\" rel=\"noopener noreferrer\">Facebooki konto<\/a>\u00a0ja vastame teie taotlusele samal p\u00e4eval.<\/p>","protected":false},"excerpt":{"rendered":"<p>Keskmine vesipiibu kolb Valge Ideaalne suurus, mis sobib enamiku vesipiipudega. Need ei libise ega kuku pinnalt maha. Kvaliteetne silikoon ja tootmine m\u00f5jutavad nende tihendite pikaealisust. Tehnilised andmed: V\u00e4lisl\u00e4bim\u00f5\u00f5t: 40mm Sisemine l\u00e4bim\u00f5\u00f5t: 36mm Kaal: umbes 11g. Kas teil on k\u00fcsimusi? V\u00f5tke meiega \u00fchendust kontaktide lehel v\u00f5i kirjutage meile oma Facebooki kontol ja vastame teie p\u00e4ringule samal p\u00e4eval.<\/p>","protected":false},"featured_media":18751,"comment_status":"open","ping_status":"closed","template":"","meta":[],"_links":{"self":[{"href":"https:\/\/hookahshop.lt\/et\/wp-json\/wp\/v2\/product\/18750"}],"collection":[{"href":"https:\/\/hookahshop.lt\/et\/wp-json\/wp\/v2\/product"}],"about":[{"href":"https:\/\/hookahshop.lt\/et\/wp-json\/wp\/v2\/types\/product"}],"replies":[{"embeddable":true,"href":"https:\/\/hookahshop.lt\/et\/wp-json\/wp\/v2\/comments?post=18750"}],"version-history":[{"count":6,"href":"https:\/\/hookahshop.lt\/et\/wp-json\/wp\/v2\/product\/18750\/revisions"}],"predecessor-version":[{"id":34315,"href":"https:\/\/hookahshop.lt\/et\/wp-json\/wp\/v2\/product\/18750\/revisions\/34315"}],"wp:featuredmedia":[{"embeddable":true,"href":"https:\/\/hookahshop.lt\/et\/wp-json\/wp\/v2\/media\/18751"}],"wp:attachment":[{"href":"https:\/\/hookahshop.lt\/et\/wp-json\/wp\/v2\/media?parent=18750"}],"curies":[{"name":"wp","href":"https:\/\/api.w.org\/{rel}","templated":true}]}}