{"id":18771,"date":"2021-01-30T14:03:17","date_gmt":"2021-01-30T12:03:17","guid":{"rendered":"https:\/\/hookahshop.lt\/?post_type=product&#038;p=18771"},"modified":"2026-04-15T23:28:58","modified_gmt":"2026-04-15T20:28:58","slug":"kaljano-priedu-rinkinys-kelioninis","status":"publish","type":"product","link":"https:\/\/hookahshop.lt\/et\/toode\/vesipiibutarvikute-komplekt-travel\/","title":{"rendered":"Vesipiibutarvikute komplekt TRAVEL"},"content":{"rendered":"<h2>Vesipiibutarvikute komplekt TRAVEL<\/h2>\n<p>See on komplekt, kust leiate: matkapliidi vesipiibu s\u00f6e p\u00f5letamiseks, gaasikannu ja 100 \u00fchekordset huulikut.<\/p>\n<p><strong>Tarvikute komplekt koosneb:<\/strong><br \/>\nMatkapliit vesipiibu s\u00f6e p\u00f5letamiseks<br \/>\nGaasiballoon<br \/>\n\u00dchekordsed huulikud 100 tk.<\/p>\n<p>* Toote v\u00e4limus ja br\u00e4nd v\u00f5ivad erineda joonisel n\u00e4idatust.<\/p>\n<p>Kas teil on k\u00fcsimusi? v\u00f5ta meiega \u00fchendust\u00a0<a href=\"https:\/\/hookahshop.lt\/et\/kontaktid\/\">kontaktide leht<\/a>\u00a0v\u00f5i saatke meile e-kiri aadressil\u00a0<a href=\"https:\/\/facebook.com\/HookahShop.lt\/\" target=\"_blank\" rel=\"noopener noreferrer\">Facebooki konto<\/a>\u00a0ja vastame teie taotlusele samal p\u00e4eval.<\/p>","protected":false},"excerpt":{"rendered":"<p>Vesipiibu tarvikute komplekt TRAVEL Sellesse komplekti kuuluvad: turistipliit vesipiibu s\u00f6e p\u00f5letamiseks, gaasiballoon ja 100 \u00fchekordset huulikut. Tarvikute komplekt koosneb: Turistipliit vesipiibu gaasi p\u00f5letamiseks Gaasiballoon \u00dchekordsed huulikud 100 tk. * Toote v\u00e4limus ja br\u00e4nd v\u00f5ivad erineda joonisel n\u00e4idatust. Kas teil on k\u00fcsimusi? V\u00f5tke meiega \u00fchendust kontaktide lehel v\u00f5i kirjutage meile oma Facebooki kontol ja me vastame [\u2026]<\/p>","protected":false},"featured_media":18772,"comment_status":"open","ping_status":"closed","template":"","meta":[],"_links":{"self":[{"href":"https:\/\/hookahshop.lt\/et\/wp-json\/wp\/v2\/product\/18771"}],"collection":[{"href":"https:\/\/hookahshop.lt\/et\/wp-json\/wp\/v2\/product"}],"about":[{"href":"https:\/\/hookahshop.lt\/et\/wp-json\/wp\/v2\/types\/product"}],"replies":[{"embeddable":true,"href":"https:\/\/hookahshop.lt\/et\/wp-json\/wp\/v2\/comments?post=18771"}],"version-history":[{"count":7,"href":"https:\/\/hookahshop.lt\/et\/wp-json\/wp\/v2\/product\/18771\/revisions"}],"predecessor-version":[{"id":43550,"href":"https:\/\/hookahshop.lt\/et\/wp-json\/wp\/v2\/product\/18771\/revisions\/43550"}],"wp:featuredmedia":[{"embeddable":true,"href":"https:\/\/hookahshop.lt\/et\/wp-json\/wp\/v2\/media\/18772"}],"wp:attachment":[{"href":"https:\/\/hookahshop.lt\/et\/wp-json\/wp\/v2\/media?parent=18771"}],"curies":[{"name":"wp","href":"https:\/\/api.w.org\/{rel}","templated":true}]}}