{"id":18794,"date":"2021-01-31T18:48:57","date_gmt":"2021-01-31T16:48:57","guid":{"rendered":"https:\/\/hookahshop.lt\/?post_type=product&#038;p=18794"},"modified":"2026-04-15T23:29:13","modified_gmt":"2026-04-15T20:29:13","slug":"taurele-kaljanui-oblako-dusha-phunnel-m","status":"publish","type":"product","link":"https:\/\/hookahshop.lt\/et\/toode\/tass-vesipiip-oblako-dusha-phunnel-m\/","title":{"rendered":"Tass vesipiibule OBLAKO Dusha Phunnel M"},"content":{"rendered":"<h2>Tass vesipiibule OBLAKO Dusha Phunnel M<\/h2>\n<p>Klassikaline mudel &quot;OBLAKO&quot; on kaetud ainulaadse musta glasuuriga, mis sobib \u00fchtviisi nii kergeks kui ka tugevamaks suitsetamiseks. See uus tass &quot;OBALAKO&quot; on piiratud v\u00e4ljaanne, mis on v\u00e4lja antud koos kaubam\u00e4rgiga &quot;DUSHA&quot;. Dusha phunnel M tass p\u00f5letatakse altpoolt musta mati glasuuriga ja pealtpoolt musta l\u00e4ikiva glasuuriga. Tootes kasutatakse ainult toiduglasuuri, mis ei kujuta endast ohtu inimeste tervisele.<\/p>\n<p>Vesipiibu segu maht: 20-23g.<\/p>\n<p><strong>Spetsifikatsioonid:<\/strong><br \/>\nK\u00f5rgus: 116 mm<br \/>\nL\u00e4bim\u00f5\u00f5t (v\u00e4limine): 74 mm<br \/>\nL\u00e4bim\u00f5\u00f5t (sisemine): 68 mm<br \/>\nS\u00fcgavus: 14 mm<br \/>\nAva l\u00e4bim\u00f5\u00f5t: 12 mm<br \/>\nAukude arv: 1<br \/>\nKaal: umbes 165 g.<\/p>\n<p>Kas teil on k\u00fcsimusi? v\u00f5ta meiega \u00fchendust\u00a0<a href=\"https:\/\/hookahshop.lt\/et\/kontaktid\/\">kontaktide leht<\/a>\u00a0v\u00f5i saatke meile e-kiri aadressil\u00a0<a href=\"https:\/\/facebook.com\/HookahShop.lt\/\" target=\"_blank\" rel=\"noopener noreferrer\">Facebooki konto<\/a>\u00a0ja vastame teie taotlusele samal p\u00e4eval.<\/p>","protected":false},"excerpt":{"rendered":"<p>Vesipiibutops OBLAKO Dusha Phunnel M Klassikaline mudel &quot;OBLAKO&quot; on kaetud ainulaadse musta glasuuriga, mis sobib \u00fchtviisi nii kergeks kui ka tugevamaks suitsetamiseks. See uus tass &quot;OBALAKO&quot; on piiratud v\u00e4ljaanne, mis on v\u00e4lja antud koos kaubam\u00e4rgiga &quot;DUSHA&quot;. Dusha phunnel M tass p\u00f5letatakse altpoolt musta mati glasuuriga ja pealtpoolt musta l\u00e4ikiva glasuuriga. Toode kasutab ainult toitu [\u2026]<\/p>","protected":false},"featured_media":18795,"comment_status":"open","ping_status":"closed","template":"","meta":[],"_links":{"self":[{"href":"https:\/\/hookahshop.lt\/et\/wp-json\/wp\/v2\/product\/18794"}],"collection":[{"href":"https:\/\/hookahshop.lt\/et\/wp-json\/wp\/v2\/product"}],"about":[{"href":"https:\/\/hookahshop.lt\/et\/wp-json\/wp\/v2\/types\/product"}],"replies":[{"embeddable":true,"href":"https:\/\/hookahshop.lt\/et\/wp-json\/wp\/v2\/comments?post=18794"}],"version-history":[{"count":4,"href":"https:\/\/hookahshop.lt\/et\/wp-json\/wp\/v2\/product\/18794\/revisions"}],"predecessor-version":[{"id":41067,"href":"https:\/\/hookahshop.lt\/et\/wp-json\/wp\/v2\/product\/18794\/revisions\/41067"}],"wp:featuredmedia":[{"embeddable":true,"href":"https:\/\/hookahshop.lt\/et\/wp-json\/wp\/v2\/media\/18795"}],"wp:attachment":[{"href":"https:\/\/hookahshop.lt\/et\/wp-json\/wp\/v2\/media?parent=18794"}],"curies":[{"name":"wp","href":"https:\/\/api.w.org\/{rel}","templated":true}]}}