{"id":18798,"date":"2021-01-31T18:54:45","date_gmt":"2021-01-31T16:54:45","guid":{"rendered":"https:\/\/hookahshop.lt\/?post_type=product&#038;p=18798"},"modified":"2026-04-15T23:29:13","modified_gmt":"2026-04-15T20:29:13","slug":"taurele-kaljanui-oblako-dusha-killer","status":"publish","type":"product","link":"https:\/\/hookahshop.lt\/et\/toode\/tass-vesipiip-oblako-dusha-killer\/","title":{"rendered":"Tass vesipiibule OBLAKO Dusha Killer"},"content":{"rendered":"<h2>Tass vesipiibule OBLAKO Dusha Killer<\/h2>\n<p>Klassikaline mudel &quot;OBLAKO&quot; on kaetud ainulaadse musta glasuuriga, mis sobib \u00fchtviisi nii kergeks kui ka tugevamaks suitsetamiseks. See uus tass &quot;OBALAKO&quot; on piiratud v\u00e4ljaanne, mis on v\u00e4lja antud koos kaubam\u00e4rgiga &quot;DUSHA&quot;. Dusha Killer tass on altpoolt valgustatud musta mati glasuuriga, pealtpoolt musta l\u00e4ikiva glasuuriga. Tootes kasutatakse ainult toiduglasuuri, mis ei kujuta endast ohtu inimeste tervisele.<\/p>\n<p>Vesipiibu segu maht: 23-28g.<\/p>\n<p><strong>Spetsifikatsioonid:<\/strong><br \/>\nK\u00f5rgus: 116 mm<br \/>\nL\u00e4bim\u00f5\u00f5t (v\u00e4limine): 74 mm<br \/>\nL\u00e4bim\u00f5\u00f5t (sisemine): 62 mm<br \/>\nS\u00fcgavus: 15 mm<br \/>\nAva l\u00e4bim\u00f5\u00f5t: 8 mm<br \/>\nAukude arv: 5<br \/>\nKaal: umbes 190 g.<\/p>\n<p>Kas teil on k\u00fcsimusi? v\u00f5ta meiega \u00fchendust\u00a0<a href=\"https:\/\/hookahshop.lt\/et\/kontaktid\/\">kontaktide leht<\/a>\u00a0v\u00f5i saatke meile e-kiri aadressil\u00a0<a href=\"https:\/\/facebook.com\/HookahShop.lt\/\" target=\"_blank\" rel=\"noopener noreferrer\">Facebooki konto<\/a>\u00a0ja vastame teie taotlusele samal p\u00e4eval.<\/p>","protected":false},"excerpt":{"rendered":"<p>Vesipiibu kauss OBLAKO Dusha Killer Klassikaline mudel &quot;OBLAKO&quot; on kaetud ainulaadse musta glasuuriga, mis sobib \u00fchtviisi nii kergeks kui ka tugevamaks suitsetamiseks. See uus tass &quot;OBALAKO&quot; on piiratud v\u00e4ljaanne, mis on v\u00e4lja antud koos kaubam\u00e4rgiga &quot;DUSHA&quot;. Dusha Killer tass on altpoolt valgustatud musta mati glasuuriga, pealtpoolt musta l\u00e4ikiva glasuuriga. Tootes on kasutatud ainult toiduglasuuri, mis ei t\u00f5sta [\u2026]<\/p>","protected":false},"featured_media":18799,"comment_status":"open","ping_status":"closed","template":"","meta":[],"_links":{"self":[{"href":"https:\/\/hookahshop.lt\/et\/wp-json\/wp\/v2\/product\/18798"}],"collection":[{"href":"https:\/\/hookahshop.lt\/et\/wp-json\/wp\/v2\/product"}],"about":[{"href":"https:\/\/hookahshop.lt\/et\/wp-json\/wp\/v2\/types\/product"}],"replies":[{"embeddable":true,"href":"https:\/\/hookahshop.lt\/et\/wp-json\/wp\/v2\/comments?post=18798"}],"version-history":[{"count":5,"href":"https:\/\/hookahshop.lt\/et\/wp-json\/wp\/v2\/product\/18798\/revisions"}],"predecessor-version":[{"id":44350,"href":"https:\/\/hookahshop.lt\/et\/wp-json\/wp\/v2\/product\/18798\/revisions\/44350"}],"wp:featuredmedia":[{"embeddable":true,"href":"https:\/\/hookahshop.lt\/et\/wp-json\/wp\/v2\/media\/18799"}],"wp:attachment":[{"href":"https:\/\/hookahshop.lt\/et\/wp-json\/wp\/v2\/media?parent=18798"}],"curies":[{"name":"wp","href":"https:\/\/api.w.org\/{rel}","templated":true}]}}