{"id":18804,"date":"2021-01-31T21:35:09","date_gmt":"2021-01-31T19:35:09","guid":{"rendered":"https:\/\/hookahshop.lt\/?post_type=product&#038;p=18804"},"modified":"2026-05-12T23:29:42","modified_gmt":"2026-05-12T20:29:42","slug":"znyples-kaljano-anglims-kaloud-vestara-auris-gold","status":"publish","type":"product","link":"https:\/\/hookahshop.lt\/et\/toode\/tangid-vesipiibu-kaloud-vestara-auris-gold\/","title":{"rendered":"Tangid vesipiibu puus\u00f6ele KALOUD Vestara Auris Gold"},"content":{"rendered":"<h2>Tangid vesipiibu puus\u00f6ele KALOUD Vestara Auris Gold<\/h2>\n<p>Ameerika kuulus vesipiibutarvikute tootja &quot;Kaloud&quot; on maailmale n\u00e4idanud uut aksessuaari - vesipiibutangid &quot;KALOUD VESTARA TONGS&quot;.<br \/>\nTangid on valmistatud metallist ja puidust.<\/p>\n<p>Kas teil on k\u00fcsimusi? v\u00f5ta meiega \u00fchendust\u00a0<a href=\"https:\/\/hookahshop.lt\/et\/kontaktid\/\">kontaktide leht<\/a>\u00a0v\u00f5i saatke meile e-kiri aadressil\u00a0<a href=\"https:\/\/facebook.com\/HookahShop.lt\/\" target=\"_blank\" rel=\"noopener noreferrer\">Facebooki konto<\/a>\u00a0ja vastame teie taotlusele samal p\u00e4eval.<\/p>","protected":false},"excerpt":{"rendered":"<p>Tangid vesipiibu s\u00f6ele KALOUD Vestara Auris Gold Ameerika kuulus vesipiibu tarvikute tootja &quot;Kaloud&quot; on n\u00e4idanud maailmale uut aksessuaari - vesipiibu tangid &quot;KALOUD VESTARA TONGS&quot;. Tangid on valmistatud metallist ja puidust. Kas teil on k\u00fcsimusi? V\u00f5tke meiega \u00fchendust kontaktide lehel v\u00f5i kirjutage meile oma Facebooki kontol ja vastame teie p\u00e4ringule samal p\u00e4eval.<\/p>","protected":false},"featured_media":18805,"comment_status":"open","ping_status":"closed","template":"","meta":[],"_links":{"self":[{"href":"https:\/\/hookahshop.lt\/et\/wp-json\/wp\/v2\/product\/18804"}],"collection":[{"href":"https:\/\/hookahshop.lt\/et\/wp-json\/wp\/v2\/product"}],"about":[{"href":"https:\/\/hookahshop.lt\/et\/wp-json\/wp\/v2\/types\/product"}],"replies":[{"embeddable":true,"href":"https:\/\/hookahshop.lt\/et\/wp-json\/wp\/v2\/comments?post=18804"}],"version-history":[{"count":4,"href":"https:\/\/hookahshop.lt\/et\/wp-json\/wp\/v2\/product\/18804\/revisions"}],"predecessor-version":[{"id":36720,"href":"https:\/\/hookahshop.lt\/et\/wp-json\/wp\/v2\/product\/18804\/revisions\/36720"}],"wp:featuredmedia":[{"embeddable":true,"href":"https:\/\/hookahshop.lt\/et\/wp-json\/wp\/v2\/media\/18805"}],"wp:attachment":[{"href":"https:\/\/hookahshop.lt\/et\/wp-json\/wp\/v2\/media?parent=18804"}],"curies":[{"name":"wp","href":"https:\/\/api.w.org\/{rel}","templated":true}]}}