{"id":18808,"date":"2021-01-31T21:48:58","date_gmt":"2021-01-31T19:48:58","guid":{"rendered":"https:\/\/hookahshop.lt\/?post_type=product&#038;p=18808"},"modified":"2026-04-15T12:29:23","modified_gmt":"2026-04-15T09:29:23","slug":"znyples-kaljano-anglims-kaloud-vestara-cyris-brown","status":"publish","type":"product","link":"https:\/\/hookahshop.lt\/et\/toode\/tangid-vesipiibu-kaloud-vestara-cyris-brown\/","title":{"rendered":"Tangid vesipiibu KALOUD Vestara Cyris Brown"},"content":{"rendered":"<h2>Tangid vesipiibu KALOUD Vestara Cyris Brown<\/h2>\n<p>Ameerika kuulus vesipiibutarvikute tootja &quot;Kaloud&quot; on maailmale n\u00e4idanud uut aksessuaari - vesipiibutangid &quot;KALOUD VESTARA TONGS&quot;.<br \/>\nTangid on valmistatud metallist ja puidust.<\/p>\n<p>Kas teil on k\u00fcsimusi? v\u00f5ta meiega \u00fchendust\u00a0<a href=\"https:\/\/hookahshop.lt\/et\/kontaktid\/\">kontaktide leht<\/a>\u00a0v\u00f5i saatke meile e-kiri aadressil\u00a0<a href=\"https:\/\/facebook.com\/HookahShop.lt\/\" target=\"_blank\" rel=\"noopener noreferrer\">Facebooki konto<\/a>\u00a0ja vastame teie taotlusele samal p\u00e4eval.<\/p>","protected":false},"excerpt":{"rendered":"<p>Tangid vesipiibu s\u00f6ele KALOUD Vestara Cyris Brown Kuulus Ameerika vesipiibutarvikute tootja &quot;Kaloud&quot; n\u00e4itas maailmale uut aksessuaari - vesipiibutangid &quot;KALOUD VESTARA TONGS&quot;. Tangid on valmistatud metallist ja puidust. Kas teil on k\u00fcsimusi? V\u00f5tke meiega \u00fchendust kontaktide lehel v\u00f5i kirjutage meile oma Facebooki kontol ja vastame teie p\u00e4ringule samal p\u00e4eval.<\/p>","protected":false},"featured_media":18809,"comment_status":"open","ping_status":"closed","template":"","meta":[],"_links":{"self":[{"href":"https:\/\/hookahshop.lt\/et\/wp-json\/wp\/v2\/product\/18808"}],"collection":[{"href":"https:\/\/hookahshop.lt\/et\/wp-json\/wp\/v2\/product"}],"about":[{"href":"https:\/\/hookahshop.lt\/et\/wp-json\/wp\/v2\/types\/product"}],"replies":[{"embeddable":true,"href":"https:\/\/hookahshop.lt\/et\/wp-json\/wp\/v2\/comments?post=18808"}],"version-history":[{"count":4,"href":"https:\/\/hookahshop.lt\/et\/wp-json\/wp\/v2\/product\/18808\/revisions"}],"predecessor-version":[{"id":33273,"href":"https:\/\/hookahshop.lt\/et\/wp-json\/wp\/v2\/product\/18808\/revisions\/33273"}],"wp:featuredmedia":[{"embeddable":true,"href":"https:\/\/hookahshop.lt\/et\/wp-json\/wp\/v2\/media\/18809"}],"wp:attachment":[{"href":"https:\/\/hookahshop.lt\/et\/wp-json\/wp\/v2\/media?parent=18808"}],"curies":[{"name":"wp","href":"https:\/\/api.w.org\/{rel}","templated":true}]}}