{"id":18820,"date":"2021-01-31T23:05:45","date_gmt":"2021-01-31T21:05:45","guid":{"rendered":"https:\/\/hookahshop.lt\/?post_type=product&#038;p=18820"},"modified":"2026-04-06T23:29:18","modified_gmt":"2026-04-06T20:29:18","slug":"znyples-kaljano-anglims-alpha-hookah-cyber","status":"publish","type":"product","link":"https:\/\/hookahshop.lt\/et\/toode\/tangid-vesipiibu-alpha-hookah-cyber\/","title":{"rendered":"Tangid vesipiibu ALPHA HOOKAH Cyber"},"content":{"rendered":"<h2>Tangid vesipiibu ALPHA HOOKAH Cyber<\/h2>\n<p>Stiilsed ja mugavad tangid autorigraveeringuga. Tangidega on kaasas spetsiaalne sametist kandekott. Nii et neist saab mitte ainult kasulik ja lahe aksessuaar, vaid ka uhke kingitus!<\/p>\n<p><strong>Omadused:<\/strong><br \/>\n- V\u00e4rv must<br \/>\n- Materjal: roostevaba teras<br \/>\n-Pikkus: 23,7 cm<\/p>\n<p><strong>M\u00e4\u00e4ra:<\/strong><br \/>\nTangid<br \/>\nKott (samet)<br \/>\nKast<\/p>\n<p>Kas teil on k\u00fcsimusi? v\u00f5ta meiega \u00fchendust\u00a0<a href=\"https:\/\/hookahshop.lt\/et\/kontaktid\/\">kontaktide leht<\/a>\u00a0v\u00f5i saatke meile e-kiri aadressil\u00a0<a href=\"https:\/\/facebook.com\/HookahShop.lt\/\" target=\"_blank\" rel=\"noopener noreferrer\">Facebooki konto<\/a>\u00a0ja vastame teie taotlusele samal p\u00e4eval.<\/p>","protected":false},"excerpt":{"rendered":"<p>Vesipiibu s\u00f6etangid ALPHA HOOKAH Cyber Stiilsed ja mugavad originaalgraveeringuga tangid. Tangidega on kaasas spetsiaalne sametist kandekott. Nii et neist saab mitte ainult kasulik ja lahe aksessuaar, vaid ka uhke kingitus! Omadused: -V\u00e4rv: Must -Materjal: Roostevaba teras -Pikkus: 23,7 cm Komplekt: Tangid Kott (samet) Kast K\u00fcsimused? V\u00f5tke meiega \u00fchendust kontaktide lehel v\u00f5i kirjutage [\u2026]<\/p>","protected":false},"featured_media":18822,"comment_status":"open","ping_status":"closed","template":"","meta":[],"_links":{"self":[{"href":"https:\/\/hookahshop.lt\/et\/wp-json\/wp\/v2\/product\/18820"}],"collection":[{"href":"https:\/\/hookahshop.lt\/et\/wp-json\/wp\/v2\/product"}],"about":[{"href":"https:\/\/hookahshop.lt\/et\/wp-json\/wp\/v2\/types\/product"}],"replies":[{"embeddable":true,"href":"https:\/\/hookahshop.lt\/et\/wp-json\/wp\/v2\/comments?post=18820"}],"version-history":[{"count":5,"href":"https:\/\/hookahshop.lt\/et\/wp-json\/wp\/v2\/product\/18820\/revisions"}],"predecessor-version":[{"id":43879,"href":"https:\/\/hookahshop.lt\/et\/wp-json\/wp\/v2\/product\/18820\/revisions\/43879"}],"wp:featuredmedia":[{"embeddable":true,"href":"https:\/\/hookahshop.lt\/et\/wp-json\/wp\/v2\/media\/18822"}],"wp:attachment":[{"href":"https:\/\/hookahshop.lt\/et\/wp-json\/wp\/v2\/media?parent=18820"}],"curies":[{"name":"wp","href":"https:\/\/api.w.org\/{rel}","templated":true}]}}