{"id":18979,"date":"2021-02-05T21:52:39","date_gmt":"2021-02-05T19:52:39","guid":{"rendered":"https:\/\/hookahshop.lt\/?post_type=product&#038;p=18979"},"modified":"2026-04-15T23:28:40","modified_gmt":"2026-04-15T20:28:40","slug":"difuzorius-kaljanui-black","status":"publish","type":"product","link":"https:\/\/hookahshop.lt\/et\/toode\/hajuti-vesipiibu-must\/","title":{"rendered":"Difuusor vesipiibu Mustale"},"content":{"rendered":"<h2>Difuusor vesipiibu Mustale<\/h2>\n<p>Toiming sarnaneb filtriga, kuna see lagundab kolvis t\u00f5usvad \u00f5humullid. Sel viisil jahutatakse kolvis olev suits. Samuti summutab see veidi vesipiibu mullitamise heli vaiksemates keskkondades nt. filmi vaatamine v\u00f5i teistega suhtlemine.<\/p>\n<p><strong>Kasutamine:<\/strong><br \/>\nHajuti on paigaldatud vesipiibu konksu (varre) otsa.<\/p>\n<p><strong>Spetsifikatsioonid:<\/strong><br \/>\nMaterjal: Silikoon<br \/>\nK\u00f5rgus: 5 cm<br \/>\nToru l\u00e4bim\u00f5\u00f5t: ~ 1,3-2, cm<br \/>\nTootmisriik: Saksamaa<\/p>\n<p>Kas teil on k\u00fcsimusi? v\u00f5ta meiega \u00fchendust\u00a0<a href=\"https:\/\/hookahshop.lt\/et\/kontaktid\/\">kontaktide leht<\/a>\u00a0v\u00f5i saatke meile e-kiri aadressil\u00a0<a href=\"https:\/\/facebook.com\/HookahShop.lt\/\" target=\"_blank\" rel=\"noopener noreferrer\">Facebooki konto<\/a>\u00a0ja vastame teie taotlusele samal p\u00e4eval.<\/p>","protected":false},"excerpt":{"rendered":"<p>Vesipiibu hajuti Must Toiming sarnaneb filtriga, kuna see lagundab kolbi t\u00f5usvad \u00f5humullid. Sel viisil jahutatakse kolvis olev suits. Samuti vaigistab veidi vesipiibu mullitava heli vaiksema keskkonna jaoks nt. filmi vaatamine v\u00f5i teistega suhtlemine. Kasutamine: Hajuti paigaldatakse konksu (v\u00f5lli) otsa. Tehnilised andmed: Materjal: silikoon K\u00f5rgus: 5 cm Toru l\u00e4bim\u00f5\u00f5t: ~ 1,3-2, cm [\u2026]<\/p>","protected":false},"featured_media":18980,"comment_status":"open","ping_status":"closed","template":"","meta":[],"_links":{"self":[{"href":"https:\/\/hookahshop.lt\/et\/wp-json\/wp\/v2\/product\/18979"}],"collection":[{"href":"https:\/\/hookahshop.lt\/et\/wp-json\/wp\/v2\/product"}],"about":[{"href":"https:\/\/hookahshop.lt\/et\/wp-json\/wp\/v2\/types\/product"}],"replies":[{"embeddable":true,"href":"https:\/\/hookahshop.lt\/et\/wp-json\/wp\/v2\/comments?post=18979"}],"version-history":[{"count":7,"href":"https:\/\/hookahshop.lt\/et\/wp-json\/wp\/v2\/product\/18979\/revisions"}],"predecessor-version":[{"id":42986,"href":"https:\/\/hookahshop.lt\/et\/wp-json\/wp\/v2\/product\/18979\/revisions\/42986"}],"wp:featuredmedia":[{"embeddable":true,"href":"https:\/\/hookahshop.lt\/et\/wp-json\/wp\/v2\/media\/18980"}],"wp:attachment":[{"href":"https:\/\/hookahshop.lt\/et\/wp-json\/wp\/v2\/media?parent=18979"}],"curies":[{"name":"wp","href":"https:\/\/api.w.org\/{rel}","templated":true}]}}