{"id":19042,"date":"2021-02-08T14:06:32","date_gmt":"2021-02-08T12:06:32","guid":{"rendered":"https:\/\/hookahshop.lt\/?post_type=product&#038;p=19042"},"modified":"2026-04-06T23:28:57","modified_gmt":"2026-04-06T20:28:57","slug":"karscio-kamera-amy-globe-heat-box-silver","status":"publish","type":"product","link":"https:\/\/hookahshop.lt\/et\/toode\/soojuskamber-amy-globe-heat-box-silver\/","title":{"rendered":"Soojuskamber AMY Globe Heat Box Silver"},"content":{"rendered":"<h2>Soojuskamber AMY Globe Heat Box Silver<\/h2>\n<p>See on m\u00f5eldud kasutamiseks vesipiibutopsi soojendamiseks naturaalse kookoss\u00f6ega.<\/p>\n<p id=\"tw-target-text\" class=\"tw-data-text tw-text-large tw-ta\" dir=\"ltr\" data-placeholder=\"Vertimas\"><span lang=\"lt\">Soojuskambri peamised eelised:<\/span><\/p>\n<ul>\n<li><span lang=\"lt\">Korduvkasutatav;<\/span><\/li>\n<li><span lang=\"lt\">Fooliumi pole enam;<\/span><\/li>\n<li><span lang=\"lt\">Kivis\u00fcsi p\u00fcsib oma mugava kuju t\u00f5ttu paigas;<\/span><\/li>\n<li>Parandab \u00f5huringlust;<\/li>\n<li><span lang=\"lt\">See kuumeneb l\u00fchikese aja jooksul ja hoiab soojust stabiilsena.<\/span><\/li>\n<\/ul>\n<p>Kaubam\u00e4rk: AMY<br \/>\nK\u00f5rgus: 5 cm<br \/>\nL\u00e4bim\u00f5\u00f5t: 8 cm<br \/>\nS\u00fcgavus: ~ 2 cm<br \/>\nMaterjal: alumiinium, kumm<br \/>\nOmadused: kaks k\u00e4epidet<br \/>\nP\u00e4ritoluriik: Saksamaa<\/p>\n<p>Kas teil on k\u00fcsimusi? v\u00f5ta meiega \u00fchendust\u00a0<a href=\"https:\/\/hookahshop.lt\/et\/kontaktid\/\">kontaktide leht<\/a>\u00a0v\u00f5i saatke meile e-kiri aadressil\u00a0<a href=\"https:\/\/facebook.com\/HookahShop.lt\/\" target=\"_blank\" rel=\"noopener noreferrer\">Facebooki konto<\/a>\u00a0ja vastame teie taotlusele samal p\u00e4eval.<\/p>","protected":false},"excerpt":{"rendered":"<p>AMY Globe Heat Box Silver See on m\u00f5eldud kasutamiseks vesipiibutopsi soojendamiseks naturaalse kookoss\u00f6ega. Soojuskambri peamised eelised: Korduvkasutatav; Pole enam fooliumi; S\u00fcsi p\u00fcsib oma mugava kuju t\u00f5ttu paigal; Parandab \u00f5huringlust; See soojeneb l\u00fchikese ajaga ja hoiab soojust stabiilsena. Kaubam\u00e4rk: AMY K\u00f5rgus: 5 cm L\u00e4bim\u00f5\u00f5t: 8 cm S\u00fcgavus: ~ 2 cm [\u2026]<\/p>","protected":false},"featured_media":19043,"comment_status":"open","ping_status":"closed","template":"","meta":[],"_links":{"self":[{"href":"https:\/\/hookahshop.lt\/et\/wp-json\/wp\/v2\/product\/19042"}],"collection":[{"href":"https:\/\/hookahshop.lt\/et\/wp-json\/wp\/v2\/product"}],"about":[{"href":"https:\/\/hookahshop.lt\/et\/wp-json\/wp\/v2\/types\/product"}],"replies":[{"embeddable":true,"href":"https:\/\/hookahshop.lt\/et\/wp-json\/wp\/v2\/comments?post=19042"}],"version-history":[{"count":4,"href":"https:\/\/hookahshop.lt\/et\/wp-json\/wp\/v2\/product\/19042\/revisions"}],"predecessor-version":[{"id":29864,"href":"https:\/\/hookahshop.lt\/et\/wp-json\/wp\/v2\/product\/19042\/revisions\/29864"}],"wp:featuredmedia":[{"embeddable":true,"href":"https:\/\/hookahshop.lt\/et\/wp-json\/wp\/v2\/media\/19043"}],"wp:attachment":[{"href":"https:\/\/hookahshop.lt\/et\/wp-json\/wp\/v2\/media?parent=19042"}],"curies":[{"name":"wp","href":"https:\/\/api.w.org\/{rel}","templated":true}]}}