{"id":19143,"date":"2021-02-13T18:14:41","date_gmt":"2021-02-13T16:14:41","guid":{"rendered":"https:\/\/hookahshop.lt\/?post_type=product&#038;p=19143"},"modified":"2026-04-05T23:28:42","modified_gmt":"2026-04-05T20:28:42","slug":"kaljanas-aladin-alux-admiral-silver","status":"publish","type":"product","link":"https:\/\/hookahshop.lt\/et\/toode\/vesipiip-aladin-alux-admiral-silver\/","title":{"rendered":"Vesipiip ALADIN Alux Admiral Silver"},"content":{"rendered":"<h2>Vesipiip ALADIN Alux Admiral Silver<\/h2>\n<p>T\u00e4nu oma kompaktsele suurusele on see ideaalne reisikaaslane neile, kes soovivad saada kvaliteetset toodet liikvel olles.<\/p>\n<p><strong>Spetsifikatsioon:<\/strong><br \/>\nVesipiibu k\u00f5rgus: 50cm<br \/>\nMaterjal (v\u00e4line): anodeeritud alumiinium<br \/>\nMaterjal (sisemine): roostevaba teras (varda p\u00f5hi puutub kokku veega)<\/p>\n<p><strong>Komplekt sisaldab:<\/strong><br \/>\n- Vesipiip,<br \/>\n- keermestatud kolb,<br \/>\n- tangid,<br \/>\n- Silikoonvoolik (pehme puudutus) d\u00fc\u00fcsidega<br \/>\n- tass<br \/>\n- Korsten<br \/>\n- Reguleeritav hajuti.<\/p>\n<p><img decoding=\"async\" loading=\"lazy\" class=\"alignnone size-medium wp-image-38491\" src=\"https:\/\/hookahshop.lt\/wp-content\/uploads\/2021\/02\/aladinu-komplektacija-300x273.jpg\" alt=\"- hookahshop.lt\" width=\"300\" height=\"273\" srcset=\"https:\/\/hookahshop.lt\/wp-content\/uploads\/2021\/02\/aladinu-komplektacija-300x273.jpg 300w, https:\/\/hookahshop.lt\/wp-content\/uploads\/2021\/02\/aladinu-komplektacija-13x12.jpg 13w, https:\/\/hookahshop.lt\/wp-content\/uploads\/2021\/02\/aladinu-komplektacija-64x58.jpg 64w, https:\/\/hookahshop.lt\/wp-content\/uploads\/2021\/02\/aladinu-komplektacija.jpg 420w\" sizes=\"(max-width: 300px) 100vw, 300px\" title=\"\"><\/p>\n<p>Kas teil on k\u00fcsimusi? v\u00f5ta meiega \u00fchendust\u00a0<a href=\"https:\/\/hookahshop.lt\/et\/kontaktid\/\">kontaktide leht<\/a>\u00a0v\u00f5i saatke meile e-kiri aadressil\u00a0<a href=\"https:\/\/facebook.com\/HookahShop.lt\/\" target=\"_blank\" rel=\"noopener noreferrer\">Facebooki konto<\/a>\u00a0ja vastame teie taotlusele samal p\u00e4eval.<\/p>\n<p>&nbsp;<\/p>","protected":false},"excerpt":{"rendered":"<p>Vesipiip ALADIN Alux Admiral Silver T\u00e4nu oma kompaktsele suurusele on see ideaalne reisikaaslane neile, kes soovivad omada kvaliteetset toodet liikvel olles. Tehnilised andmed: Vesipiibu k\u00f5rgus: 50 cm Materjal (v\u00e4limine): anodeeritud alumiinium Materjal (sisemine): roostevaba teras (posti p\u00f5hi puutub kokku veega) Komplekti kuuluvad: - Vesipiibu, - Keermega kolb, - Tangid, - Silikoonvoolik (Soft touch) n\u00e4pun\u00e4idetega, [\u2026]<\/p>","protected":false},"featured_media":19144,"comment_status":"open","ping_status":"closed","template":"","meta":[],"_links":{"self":[{"href":"https:\/\/hookahshop.lt\/et\/wp-json\/wp\/v2\/product\/19143"}],"collection":[{"href":"https:\/\/hookahshop.lt\/et\/wp-json\/wp\/v2\/product"}],"about":[{"href":"https:\/\/hookahshop.lt\/et\/wp-json\/wp\/v2\/types\/product"}],"replies":[{"embeddable":true,"href":"https:\/\/hookahshop.lt\/et\/wp-json\/wp\/v2\/comments?post=19143"}],"version-history":[{"count":8,"href":"https:\/\/hookahshop.lt\/et\/wp-json\/wp\/v2\/product\/19143\/revisions"}],"predecessor-version":[{"id":45517,"href":"https:\/\/hookahshop.lt\/et\/wp-json\/wp\/v2\/product\/19143\/revisions\/45517"}],"wp:featuredmedia":[{"embeddable":true,"href":"https:\/\/hookahshop.lt\/et\/wp-json\/wp\/v2\/media\/19144"}],"wp:attachment":[{"href":"https:\/\/hookahshop.lt\/et\/wp-json\/wp\/v2\/media?parent=19143"}],"curies":[{"name":"wp","href":"https:\/\/api.w.org\/{rel}","templated":true}]}}