{"id":19147,"date":"2021-02-13T18:18:01","date_gmt":"2021-02-13T16:18:01","guid":{"rendered":"https:\/\/hookahshop.lt\/?post_type=product&#038;p=19147"},"modified":"2026-04-06T23:28:40","modified_gmt":"2026-04-06T20:28:40","slug":"kaljanas-aladin-alux-admiral-black","status":"publish","type":"product","link":"https:\/\/hookahshop.lt\/et\/toode\/vesipiip-aladin-alux-admiral-black\/","title":{"rendered":"Vesipiip ALADIN Alux Admiral Black"},"content":{"rendered":"<h2>Vesipiip ALADIN Alux Admiral Black<\/h2>\n<p>T\u00e4nu oma kompaktsele suurusele on see ideaalne reisikaaslane neile, kes soovivad saada kvaliteetset toodet liikvel olles.<\/p>\n<p><strong>Spetsifikatsioon:<\/strong><br \/>\nVesipiibu k\u00f5rgus: 50cm<br \/>\nMaterjal (v\u00e4line): anodeeritud alumiinium<br \/>\nMaterjal (sisemine): roostevaba teras (varda p\u00f5hi puutub kokku veega)<\/p>\n<p><strong>Komplekt sisaldab:<\/strong><br \/>\n- Vesipiip,<br \/>\n- keermestatud kolb,<br \/>\n- tangid,<br \/>\n- Silikoonvoolik (pehme puudutus) d\u00fc\u00fcsidega<br \/>\n- tass<br \/>\n- Korsten<br \/>\n- Reguleeritav hajuti.<br \/>\n<img decoding=\"async\" loading=\"lazy\" class=\"alignnone size-medium wp-image-38444\" src=\"https:\/\/hookahshop.lt\/wp-content\/uploads\/2022\/02\/Pilna-kaljano-komplektacija-Kaljano-komplekto-sudetis-300x273.jpg\" alt=\"T\u00e4ielik vesipiibu komplekt - Vesipiibu komplekti kompositsioon\" width=\"300\" height=\"273\" srcset=\"https:\/\/hookahshop.lt\/wp-content\/uploads\/2022\/02\/Pilna-kaljano-komplektacija-Kaljano-komplekto-sudetis-300x273.jpg 300w, https:\/\/hookahshop.lt\/wp-content\/uploads\/2022\/02\/Pilna-kaljano-komplektacija-Kaljano-komplekto-sudetis-13x12.jpg 13w, https:\/\/hookahshop.lt\/wp-content\/uploads\/2022\/02\/Pilna-kaljano-komplektacija-Kaljano-komplekto-sudetis-64x58.jpg 64w, https:\/\/hookahshop.lt\/wp-content\/uploads\/2022\/02\/Pilna-kaljano-komplektacija-Kaljano-komplekto-sudetis.jpg 550w\" sizes=\"(max-width: 300px) 100vw, 300px\" title=\"\"><\/p>\n<p>Kas teil on k\u00fcsimusi? v\u00f5ta meiega \u00fchendust\u00a0<a href=\"https:\/\/hookahshop.lt\/et\/kontaktid\/\">kontaktide leht<\/a>\u00a0v\u00f5i saatke meile e-kiri aadressil\u00a0<a href=\"https:\/\/facebook.com\/HookahShop.lt\/\" target=\"_blank\" rel=\"noopener noreferrer\">Facebooki konto<\/a>\u00a0ja vastame teie taotlusele samal p\u00e4eval.<\/p>\n<p>&nbsp;<\/p>","protected":false},"excerpt":{"rendered":"<p>Vesipiip ALADIN Alux Admiral Black T\u00e4nu oma kompaktsele suurusele on see ideaalne reisikaaslane neile, kes soovivad omada kvaliteetset toodet liikvel olles. Tehnilised andmed: Vesipiibu k\u00f5rgus: 50 cm Materjal (v\u00e4limine): anodeeritud alumiinium Materjal (sisemine): roostevaba teras (posti p\u00f5hi puutub kokku veega) Komplekti kuuluvad: - Vesipiibu, - Keermega kolb, - Tangid, - Silikoonvoolik (pehme puudutusega) ) n\u00e4pun\u00e4idetega, [\u2026]<\/p>","protected":false},"featured_media":19148,"comment_status":"open","ping_status":"closed","template":"","meta":[],"_links":{"self":[{"href":"https:\/\/hookahshop.lt\/et\/wp-json\/wp\/v2\/product\/19147"}],"collection":[{"href":"https:\/\/hookahshop.lt\/et\/wp-json\/wp\/v2\/product"}],"about":[{"href":"https:\/\/hookahshop.lt\/et\/wp-json\/wp\/v2\/types\/product"}],"replies":[{"embeddable":true,"href":"https:\/\/hookahshop.lt\/et\/wp-json\/wp\/v2\/comments?post=19147"}],"version-history":[{"count":7,"href":"https:\/\/hookahshop.lt\/et\/wp-json\/wp\/v2\/product\/19147\/revisions"}],"predecessor-version":[{"id":45544,"href":"https:\/\/hookahshop.lt\/et\/wp-json\/wp\/v2\/product\/19147\/revisions\/45544"}],"wp:featuredmedia":[{"embeddable":true,"href":"https:\/\/hookahshop.lt\/et\/wp-json\/wp\/v2\/media\/19148"}],"wp:attachment":[{"href":"https:\/\/hookahshop.lt\/et\/wp-json\/wp\/v2\/media?parent=19147"}],"curies":[{"name":"wp","href":"https:\/\/api.w.org\/{rel}","templated":true}]}}