{"id":19225,"date":"2021-02-15T12:02:59","date_gmt":"2021-02-15T10:02:59","guid":{"rendered":"https:\/\/hookahshop.lt\/?post_type=product&#038;p=19225"},"modified":"2026-04-08T13:49:33","modified_gmt":"2026-04-08T10:49:33","slug":"kaljano-komplektas-invi-nano-gun-metal-black","status":"publish","type":"product","link":"https:\/\/hookahshop.lt\/et\/toode\/vesipiibukomplektid-invi-nano-gun-metal-black\/","title":{"rendered":"Vesipiibukomplekt INVI Nano Gun Metal Black"},"content":{"rendered":"<h2>Vesipiibukomplekt INVI Nano Gun Metal Black<\/h2>\n<p>See on v\u00e4ike kombinatsioon roostevabast terasest ja klaasist - reisi mini vesipiip. Suurep\u00e4rane, kompaktne vesipiip.<\/p>\n<p><strong>Spetsifikatsioon:<\/strong><br \/>\nVesipiibu k\u00f5rgus: 18cm<br \/>\nMaterjal (v\u00e4line): anodeeritud alumiinium<br \/>\nMaterjal (sisemine): roostevaba teras (varda p\u00f5hi puutub kokku veega)<\/p>\n<p>Varustus:<br \/>\nV\u00f5ll -1 tk.<br \/>\nVesipiibu plaat - 1 tk.<br \/>\nHuulik - 1 tk.<br \/>\nSilikoonvoolik - 1 tk.<br \/>\nTihendid - 2 tk.<br \/>\nKolb - 1 tk.<br \/>\nTangid - 1 tk.<br \/>\nKuumutuskamber - 1 tk.<br \/>\nKarikas - 1tk.<br \/>\nKivis\u00fcsi 1kg - 1tk.<br \/>\nPliit (s\u00f6es\u00fc\u00fctaja) - 1tk.<\/p>\n<p>Kas teil on k\u00fcsimusi? v\u00f5ta meiega \u00fchendust\u00a0<a href=\"https:\/\/hookahshop.lt\/et\/kontaktid\/\">kontaktide leht<\/a>\u00a0v\u00f5i saatke meile e-kiri aadressil\u00a0<a href=\"https:\/\/facebook.com\/HookahShop.lt\/\" target=\"_blank\" rel=\"noopener noreferrer\">Facebooki konto<\/a>\u00a0ja vastame teie taotlusele samal p\u00e4eval.<\/p>","protected":false},"excerpt":{"rendered":"<p>Vesipiibu komplekt INVI Nano Gun Metal Black See on v\u00e4ike kombinatsioon roostevabast terasest ja klaasist - reisi mini vesipiip. Suurep\u00e4rane, kompaktne vesipiip. Spetsifikatsioon: Vesipiibu k\u00f5rgus: 18cm Materjal (v\u00e4limine): anodeeritud alumiinium Materjal (sisemine): roostevaba teras (Posti alumine osa puutub kokku veega) Tarnekomplekt: V\u00f5ll -1 tk. Vesipiibu taldrik - 1 tk. Huulik - 1 tk. Silikoonvoolik [\u2026]<\/p>","protected":false},"featured_media":28042,"comment_status":"open","ping_status":"closed","template":"","meta":[],"_links":{"self":[{"href":"https:\/\/hookahshop.lt\/et\/wp-json\/wp\/v2\/product\/19225"}],"collection":[{"href":"https:\/\/hookahshop.lt\/et\/wp-json\/wp\/v2\/product"}],"about":[{"href":"https:\/\/hookahshop.lt\/et\/wp-json\/wp\/v2\/types\/product"}],"replies":[{"embeddable":true,"href":"https:\/\/hookahshop.lt\/et\/wp-json\/wp\/v2\/comments?post=19225"}],"version-history":[{"count":3,"href":"https:\/\/hookahshop.lt\/et\/wp-json\/wp\/v2\/product\/19225\/revisions"}],"predecessor-version":[{"id":35502,"href":"https:\/\/hookahshop.lt\/et\/wp-json\/wp\/v2\/product\/19225\/revisions\/35502"}],"wp:featuredmedia":[{"embeddable":true,"href":"https:\/\/hookahshop.lt\/et\/wp-json\/wp\/v2\/media\/28042"}],"wp:attachment":[{"href":"https:\/\/hookahshop.lt\/et\/wp-json\/wp\/v2\/media?parent=19225"}],"curies":[{"name":"wp","href":"https:\/\/api.w.org\/{rel}","templated":true}]}}